{"id":3,"date":"2026-02-09T17:01:06","date_gmt":"2026-02-09T17:01:06","guid":{"rendered":"http:\/\/test.medirelaxa.com\/?page_id=3"},"modified":"2026-02-16T23:15:14","modified_gmt":"2026-02-16T23:15:14","slug":"informativa-sulla-privacy","status":"publish","type":"page","link":"https:\/\/test.medirelaxa.com\/it\/privacy-policy\/","title":{"rendered":"Privacy Policy"},"content":{"rendered":"<h3 class=\"wp-block-heading\" id=\"privacybeleid-voor-medirelaxa\">Informativa sulla privacy per MediRelaxa<\/h3>\n\n\n\n<p>Medirelaxa.com si impegna a proteggere i vostri dati personali. La presente informativa sulla privacy descrive le modalit\u00e0 di raccolta, utilizzo e protezione delle informazioni quando si visita il nostro sito web e si acquistano prodotti da noi. Utilizzando il nostro sito web, l'utente accetta i termini della presente informativa sulla privacy.<\/p>\n\n\n\n<h4 class=\"wp-block-heading\" id=\"1-verzameling-van-persoonsgegevens\">1. Raccolta dei dati personali<\/h4>\n\n\n\n<p>Raccogliamo diversi tipi di informazioni per fornire e migliorare i nostri servizi all'utente. Queste possono includere:<\/p>\n\n\n\n<ul class=\"wp-block-list\">\n<li><strong>Informazioni di contatto<\/strong>Come nome, indirizzo, indirizzo e-mail e numero di telefono.<\/li>\n\n\n\n<li><strong>Informazioni sul pagamento<\/strong>come i numeri delle carte di credito e i dati di fatturazione.<\/li>\n\n\n\n<li><strong>Dati di utilizzo<\/strong>come gli indirizzi IP, le informazioni sul browser, le pagine visitate e gli orari delle visite.<\/li>\n\n\n\n<li><strong>Dati sulle comunicazioni<\/strong>come i messaggi che ci inviate tramite e-mail, moduli di contatto o altri canali di comunicazione.<\/li>\n<\/ul>\n\n\n\n<h4 class=\"wp-block-heading\" id=\"2-gebruik-van-persoonsgegevens\">2. Utilizzo dei dati personali<\/h4>\n\n\n\n<p>Utilizziamo le informazioni raccolte per vari scopi:<\/p>\n\n\n\n<ul class=\"wp-block-list\">\n<li><strong>Elaborazione dell'ordine<\/strong>: per elaborare e consegnare i vostri ordini.<\/li>\n\n\n\n<li><strong>Servizio clienti<\/strong>: per rispondere alle vostre domande e richieste.<\/li>\n\n\n\n<li><strong>Comunicazioni<\/strong>per tenervi informati sul vostro ordine e per inviarvi informazioni sui nostri prodotti e servizi.<\/li>\n\n\n\n<li><strong>Migliorare il nostro sito web<\/strong>: per migliorare la funzionalit\u00e0 e l'esperienza dell'utente del nostro sito web.<\/li>\n\n\n\n<li><strong>Finalit\u00e0 di marketing<\/strong>per inviarvi offerte e promozioni personalizzate, se avete dato il vostro consenso.<\/li>\n<\/ul>\n\n\n\n<h4 class=\"wp-block-heading\" id=\"3-delen-van-persoonsgegevens\">3. Condivisione dei dati personali<\/h4>\n\n\n\n<p>Non condividiamo i vostri dati personali con terzi, tranne nei casi seguenti:<\/p>\n\n\n\n<ul class=\"wp-block-list\">\n<li><strong>Fornitori di servizi<\/strong>Possiamo condividere i vostri dati con fornitori di servizi di fiducia che ci aiutano a svolgere le nostre attivit\u00e0 commerciali, come i processori di pagamento e i servizi di consegna.<\/li>\n\n\n\n<li><strong>Obblighi legali<\/strong>se richiesto da leggi o regolamenti, o per ottemperare a un ordine del tribunale.<\/li>\n\n\n\n<li><strong>Protezione dei diritti<\/strong>per proteggere i nostri diritti, la nostra privacy, la nostra sicurezza o la nostra propriet\u00e0.<\/li>\n<\/ul>\n\n\n\n<h4 class=\"wp-block-heading\" id=\"4-beveiliging-van-persoonsgegevens\">4. Sicurezza dei dati personali<\/h4>\n\n\n\n<p>Adottiamo misure tecniche e organizzative adeguate per proteggere i vostri dati personali da perdita, furto e accesso non autorizzato, alterazione o distruzione. Il nostro sito web utilizza la crittografia SSL per garantire la sicurezza dei vostri dati durante la trasmissione.<\/p>\n\n\n\n<h4 class=\"wp-block-heading\" id=\"5-bewaring-van-persoonsgegevens\">5. Conservazione dei dati personali<\/h4>\n\n\n\n<p>Non conserveremo i vostri dati personali pi\u00f9 a lungo di quanto sia necessario per gli scopi per cui sono stati raccolti, o come richiesto dalle leggi e dai regolamenti applicabili.<\/p>\n\n\n\n<h4 class=\"wp-block-heading\" id=\"6-uw-rechten\">6. I vostri diritti<\/h4>\n\n\n\n<p>L'utente ha alcuni diritti in relazione ai propri dati personali, tra cui:<\/p>\n\n\n\n<ul class=\"wp-block-list\">\n<li><strong>Diritto di ispezione<\/strong>: potete chiederci una copia dei dati personali che vi riguardano in nostro possesso.<\/li>\n\n\n\n<li><strong>Diritto di rettifica<\/strong>Potete chiederci di correggere i dati personali errati o incompleti.<\/li>\n\n\n\n<li><strong>Diritto di rimozione<\/strong>Potete chiederci di cancellare i vostri dati personali, a condizione che ci\u00f2 non violi gli obblighi di legge.<\/li>\n\n\n\n<li><strong>Diritto alla limitazione del trattamento<\/strong>Potete chiederci di limitare il trattamento dei vostri dati personali.<\/li>\n\n\n\n<li><strong>Diritto di trasferibilit\u00e0<\/strong>Potete chiederci di trasferire i vostri dati personali a un'altra organizzazione.<\/li>\n\n\n\n<li><strong>Diritto di obiezione<\/strong>: potete opporvi al trattamento dei vostri dati personali per determinate finalit\u00e0, come il marketing diretto.<\/li>\n<\/ul>\n\n\n\n<p>Per esercitare tali diritti, si prega di contattarci utilizzando i dettagli di contatto riportati di seguito.<\/p>\n\n\n\n<h4 class=\"wp-block-heading\" id=\"7-cookies\">7. I biscotti<\/h4>\n\n\n\n<p>Il nostro sito web utilizza cookie e tecnologie simili per migliorare l'utilizzo del sito. I cookie sono piccoli file di testo collocati sul vostro dispositivo per raccogliere informazioni sul vostro comportamento di navigazione. \u00c8 possibile regolare le impostazioni del browser per rifiutare o eliminare i cookie, ma ci\u00f2 potrebbe compromettere la funzionalit\u00e0 del nostro sito web.<\/p>\n\n\n\n<h4 class=\"wp-block-heading\" id=\"8-wijzigingen-in-ons-privacybeleid\">8. Modifiche alla nostra politica sulla privacy<\/h4>\n\n\n\n<p>Potremmo modificare periodicamente la presente informativa sulla privacy per conformarci ai requisiti di legge o per riflettere i cambiamenti nelle nostre pratiche commerciali. Vi invitiamo a rivedere periodicamente la presente informativa sulla privacy per ottenere le informazioni pi\u00f9 recenti sulle nostre pratiche in materia di privacy.<\/p>\n\n\n\n<h4 class=\"wp-block-heading\" id=\"9-contact\">9. Contatto<\/h4>\n\n\n\n<p>Per qualsiasi domanda o commento sulla presente informativa sulla privacy o per esercitare i propri diritti, si prega di contattarci all'indirizzo info@medirelaxa.com.<\/p>\n\n\n\n<p><\/p>","protected":false},"excerpt":{"rendered":"<p>Privacybeleid voor MediRelaxa Bij Medirelaxa.com hechten we veel waarde aan de bescherming van uw persoonlijke gegevens. Dit privacybeleid beschrijft hoe we informatie verzamelen, gebruiken en beschermen wanneer u onze website bezoekt en producten bij ons koopt. Door gebruik te maken van onze website stemt u in met de voorwaarden van dit privacybeleid. 1. Verzameling van [&hellip;]<\/p>\n","protected":false},"author":1,"featured_media":0,"parent":0,"menu_order":0,"comment_status":"closed","ping_status":"open","template":"","meta":{"_gspb_post_css":"","footnotes":""},"class_list":["post-3","page","type-page","status-publish","hentry"],"blocksy_meta":[],"yoast_head":"<!-- This site is optimized with the Yoast SEO plugin v27.0 - https:\/\/yoast.com\/product\/yoast-seo-wordpress\/ -->\n<title>Privacy Policy - MediRelaxa<\/title>\n<meta name=\"description\" content=\"Privacybeleid voor MediRelaxa Bij Medirelaxa.com hechten we veel waarde aan de bescherming van uw persoonlijke gegevens. Dit privacybeleid beschrijft hoe\" \/>\n<meta name=\"robots\" content=\"index, follow, max-snippet:-1, max-image-preview:large, max-video-preview:-1\" \/>\n<link rel=\"canonical\" href=\"https:\/\/test.medirelaxa.com\/it\/informativa-sulla-privacy\/\" \/>\n<meta property=\"og:locale\" content=\"it_IT\" \/>\n<meta property=\"og:type\" content=\"article\" \/>\n<meta property=\"og:title\" content=\"Privacy Policy - MediRelaxa\" \/>\n<meta property=\"og:description\" content=\"Privacybeleid voor MediRelaxa Bij Medirelaxa.com hechten we veel waarde aan de bescherming van uw persoonlijke gegevens. Dit privacybeleid beschrijft hoe\" \/>\n<meta property=\"og:url\" content=\"https:\/\/test.medirelaxa.com\/it\/informativa-sulla-privacy\/\" \/>\n<meta property=\"og:site_name\" content=\"MediRelaxa\" \/>\n<meta property=\"article:publisher\" content=\"https:\/\/www.facebook.com\/people\/MediRelaxa\/61563934692183\/\" \/>\n<meta property=\"article:modified_time\" content=\"2026-02-16T23:15:14+00:00\" \/>\n<meta property=\"og:image\" content=\"https:\/\/test.medirelaxa.com\/wp-content\/uploads\/2026\/02\/Logo-MediRelaxa-massage-chairs.webp\" \/>\n\t<meta property=\"og:image:width\" content=\"1600\" \/>\n\t<meta property=\"og:image:height\" content=\"381\" \/>\n\t<meta property=\"og:image:type\" content=\"image\/webp\" \/>\n<meta name=\"twitter:card\" content=\"summary_large_image\" \/>\n<meta name=\"twitter:label1\" content=\"Tempo di lettura stimato\" \/>\n\t<meta name=\"twitter:data1\" content=\"3 minuti\" \/>\n<script type=\"application\/ld+json\" class=\"yoast-schema-graph\">{\"@context\":\"https:\/\/schema.org\",\"@graph\":[{\"@type\":\"WebPage\",\"@id\":\"https:\/\/test.medirelaxa.com\/privacy-policy\/\",\"url\":\"https:\/\/test.medirelaxa.com\/privacy-policy\/\",\"name\":\"Privacy Policy - MediRelaxa\",\"isPartOf\":{\"@id\":\"https:\/\/test.medirelaxa.com\/#website\"},\"datePublished\":\"2026-02-09T17:01:06+00:00\",\"dateModified\":\"2026-02-16T23:15:14+00:00\",\"description\":\"Privacybeleid voor MediRelaxa Bij Medirelaxa.com hechten we veel waarde aan de bescherming van uw persoonlijke gegevens. Dit privacybeleid beschrijft hoe\",\"inLanguage\":\"it-IT\",\"potentialAction\":[{\"@type\":\"ReadAction\",\"target\":[\"https:\/\/test.medirelaxa.com\/privacy-policy\/\"]}]},{\"@type\":\"WebSite\",\"@id\":\"https:\/\/test.medirelaxa.com\/#website\",\"url\":\"https:\/\/test.medirelaxa.com\/\",\"name\":\"MediRelaxa\",\"description\":\"Head Spa &amp; Massagestoelen\",\"publisher\":{\"@id\":\"https:\/\/test.medirelaxa.com\/#organization\"},\"alternateName\":\"Ontspanning op elk moment: Beleef ultieme rust met onze massagestoelen.\",\"potentialAction\":[{\"@type\":\"SearchAction\",\"target\":{\"@type\":\"EntryPoint\",\"urlTemplate\":\"https:\/\/test.medirelaxa.com\/?s={search_term_string}\"},\"query-input\":{\"@type\":\"PropertyValueSpecification\",\"valueRequired\":true,\"valueName\":\"search_term_string\"}}],\"inLanguage\":\"it-IT\"},{\"@type\":\"Organization\",\"@id\":\"https:\/\/test.medirelaxa.com\/#organization\",\"name\":\"MediRelaxa\",\"url\":\"https:\/\/test.medirelaxa.com\/\",\"logo\":{\"@type\":\"ImageObject\",\"inLanguage\":\"it-IT\",\"@id\":\"https:\/\/test.medirelaxa.com\/#\/schema\/logo\/image\/\",\"url\":\"https:\/\/test.medirelaxa.com\/wp-content\/uploads\/2026\/02\/Logo-MediRelaxa-massage-chairs.webp\",\"contentUrl\":\"https:\/\/test.medirelaxa.com\/wp-content\/uploads\/2026\/02\/Logo-MediRelaxa-massage-chairs.webp\",\"width\":1600,\"height\":381,\"caption\":\"MediRelaxa\"},\"image\":{\"@id\":\"https:\/\/test.medirelaxa.com\/#\/schema\/logo\/image\/\"},\"sameAs\":[\"https:\/\/www.facebook.com\/people\/MediRelaxa\/61563934692183\/\",\"https:\/\/www.youtube.com\/@MediRelaxa\",\"https:\/\/www.instagram.com\/medirelaxa_com\/\"]}]}<\/script>\n<!-- \/ Yoast SEO plugin. -->","yoast_head_json":{"title":"Privacy Policy - MediRelaxa","description":"Privacybeleid voor MediRelaxa Bij Medirelaxa.com hechten we veel waarde aan de bescherming van uw persoonlijke gegevens. Dit privacybeleid beschrijft hoe","robots":{"index":"index","follow":"follow","max-snippet":"max-snippet:-1","max-image-preview":"max-image-preview:large","max-video-preview":"max-video-preview:-1"},"canonical":"https:\/\/test.medirelaxa.com\/it\/informativa-sulla-privacy\/","og_locale":"it_IT","og_type":"article","og_title":"Privacy Policy - MediRelaxa","og_description":"Privacybeleid voor MediRelaxa Bij Medirelaxa.com hechten we veel waarde aan de bescherming van uw persoonlijke gegevens. Dit privacybeleid beschrijft hoe","og_url":"https:\/\/test.medirelaxa.com\/it\/informativa-sulla-privacy\/","og_site_name":"MediRelaxa","article_publisher":"https:\/\/www.facebook.com\/people\/MediRelaxa\/61563934692183\/","article_modified_time":"2026-02-16T23:15:14+00:00","og_image":[{"width":1600,"height":381,"url":"https:\/\/test.medirelaxa.com\/wp-content\/uploads\/2026\/02\/Logo-MediRelaxa-massage-chairs.webp","type":"image\/webp"}],"twitter_card":"summary_large_image","twitter_misc":{"Tempo di lettura stimato":"3 minuti"},"schema":{"@context":"https:\/\/schema.org","@graph":[{"@type":"WebPage","@id":"https:\/\/test.medirelaxa.com\/privacy-policy\/","url":"https:\/\/test.medirelaxa.com\/privacy-policy\/","name":"Privacy Policy - MediRelaxa","isPartOf":{"@id":"https:\/\/test.medirelaxa.com\/#website"},"datePublished":"2026-02-09T17:01:06+00:00","dateModified":"2026-02-16T23:15:14+00:00","description":"Privacybeleid voor MediRelaxa Bij Medirelaxa.com hechten we veel waarde aan de bescherming van uw persoonlijke gegevens. Dit privacybeleid beschrijft hoe","inLanguage":"it-IT","potentialAction":[{"@type":"ReadAction","target":["https:\/\/test.medirelaxa.com\/privacy-policy\/"]}]},{"@type":"WebSite","@id":"https:\/\/test.medirelaxa.com\/#website","url":"https:\/\/test.medirelaxa.com\/","name":"MediRelaxa","description":"Head Spa &amp; Massagestoelen","publisher":{"@id":"https:\/\/test.medirelaxa.com\/#organization"},"alternateName":"Ontspanning op elk moment: Beleef ultieme rust met onze massagestoelen.","potentialAction":[{"@type":"SearchAction","target":{"@type":"EntryPoint","urlTemplate":"https:\/\/test.medirelaxa.com\/?s={search_term_string}"},"query-input":{"@type":"PropertyValueSpecification","valueRequired":true,"valueName":"search_term_string"}}],"inLanguage":"it-IT"},{"@type":"Organization","@id":"https:\/\/test.medirelaxa.com\/#organization","name":"MediRelaxa","url":"https:\/\/test.medirelaxa.com\/","logo":{"@type":"ImageObject","inLanguage":"it-IT","@id":"https:\/\/test.medirelaxa.com\/#\/schema\/logo\/image\/","url":"https:\/\/test.medirelaxa.com\/wp-content\/uploads\/2026\/02\/Logo-MediRelaxa-massage-chairs.webp","contentUrl":"https:\/\/test.medirelaxa.com\/wp-content\/uploads\/2026\/02\/Logo-MediRelaxa-massage-chairs.webp","width":1600,"height":381,"caption":"MediRelaxa"},"image":{"@id":"https:\/\/test.medirelaxa.com\/#\/schema\/logo\/image\/"},"sameAs":["https:\/\/www.facebook.com\/people\/MediRelaxa\/61563934692183\/","https:\/\/www.youtube.com\/@MediRelaxa","https:\/\/www.instagram.com\/medirelaxa_com\/"]}]}},"_links":{"self":[{"href":"https:\/\/test.medirelaxa.com\/it\/wp-json\/wp\/v2\/pages\/3","targetHints":{"allow":["GET"]}}],"collection":[{"href":"https:\/\/test.medirelaxa.com\/it\/wp-json\/wp\/v2\/pages"}],"about":[{"href":"https:\/\/test.medirelaxa.com\/it\/wp-json\/wp\/v2\/types\/page"}],"author":[{"embeddable":true,"href":"https:\/\/test.medirelaxa.com\/it\/wp-json\/wp\/v2\/users\/1"}],"replies":[{"embeddable":true,"href":"https:\/\/test.medirelaxa.com\/it\/wp-json\/wp\/v2\/comments?post=3"}],"version-history":[{"count":0,"href":"https:\/\/test.medirelaxa.com\/it\/wp-json\/wp\/v2\/pages\/3\/revisions"}],"wp:attachment":[{"href":"https:\/\/test.medirelaxa.com\/it\/wp-json\/wp\/v2\/media?parent=3"}],"curies":[{"name":"wp","href":"https:\/\/api.w.org\/{rel}","templated":true}]}}