{"id":12174,"date":"2026-02-16T22:09:04","date_gmt":"2026-02-16T22:09:04","guid":{"rendered":"https:\/\/test.medirelaxa.com\/?page_id=12174"},"modified":"2026-02-16T22:09:04","modified_gmt":"2026-02-16T22:09:04","slug":"termini-e-condizioni","status":"publish","type":"page","link":"https:\/\/test.medirelaxa.com\/it\/algemene-voorwaarden\/","title":{"rendered":"Termini e condizioni generali"},"content":{"rendered":"<h4 class=\"wp-block-heading\" id=\"artikel-1-definities\">Articolo 1 - Definizioni<\/h4>\n\n\n\n<ol class=\"wp-block-list\">\n<li><strong>Periodo di riflessione<\/strong>: il periodo in cui il consumatore pu\u00f2 esercitare il suo diritto di recesso;<\/li>\n\n\n\n<li><strong>Consumatore<\/strong>: la persona fisica che agisce al di fuori della propria professione o attivit\u00e0 commerciale e che stipula un contratto a distanza con l'imprenditore;<\/li>\n\n\n\n<li><strong>Ciao<\/strong>: giorno di calendario;<\/li>\n\n\n\n<li><strong>Durata della transazione<\/strong>: un contratto a distanza per una serie di prodotti e\/o servizi, in cui l'obbligo di consegna \u00e8 distribuito nel tempo;<\/li>\n\n\n\n<li><strong>Supporto dati durevole<\/strong>: qualsiasi mezzo con cui il consumatore o l'imprenditore pu\u00f2 memorizzare le informazioni in modo da consentirne la consultazione futura e la riproduzione inalterata;<\/li>\n\n\n\n<li><strong>Diritto di recesso<\/strong>: la possibilit\u00e0 per il consumatore di rinunciare al contratto a distanza entro il periodo di riflessione;<\/li>\n\n\n\n<li><strong>Modello di modulo<\/strong>: il modulo messo a disposizione dal professionista che il consumatore pu\u00f2 compilare per esercitare il diritto di recesso;<\/li>\n\n\n\n<li><strong>Imprenditore<\/strong>: la persona fisica o giuridica che offre prodotti e\/o servizi ai consumatori a distanza;<\/li>\n\n\n\n<li><strong>Accordo a distanza<\/strong>: un accordo in base al quale, nell'ambito di un sistema di vendita a distanza organizzato dal professionista, viene fatto uso esclusivo di uno o pi\u00f9 mezzi di comunicazione a distanza fino alla conclusione dell'accordo;<\/li>\n\n\n\n<li><strong>Tecnologia di comunicazione a distanza<\/strong>: mezzi che possono essere utilizzati per concludere un accordo, senza che il consumatore e l'imprenditore si trovino contemporaneamente nella stessa stanza;<\/li>\n\n\n\n<li><strong>Termini e condizioni generali<\/strong>: i presenti Termini e Condizioni Generali dell'imprenditore.<\/li>\n<\/ol>\n\n\n\n<h4 class=\"wp-block-heading\" id=\"artikel-2-identiteit-van-de-onderneming\">Articolo 2 - Identit\u00e0 della societ\u00e0<\/h4>\n\n\n\n<p>Identit\u00e0 aziendale: Medirelaxa (Gelasco)<\/p>\n\n\n\n<ul class=\"wp-block-list\">\n<li>Adres: Blaubergsesteenweg 63C, 2230 Herselt, Belgi\u00eb<\/li>\n\n\n\n<li>Numero di telefono: +32 456 38 15 33<\/li>\n\n\n\n<li>Indirizzo e-mail: <a href=\"mailto:info@medirelaxa.com\">info@medirelaxa.com<\/a><\/li>\n\n\n\n<li>Numero di azienda: 1000295870<\/li>\n\n\n\n<li>BTW-identificatienummer: BE1000.295.870<\/li>\n<\/ul>\n\n\n\n<h4 class=\"wp-block-heading\" id=\"artikel-3-toepasbaarheid\">Articolo 3 - Applicabilit\u00e0<\/h4>\n\n\n\n<ol class=\"wp-block-list\">\n<li>Gli accordi sono disciplinati dalla legge belga.  <\/li>\n<\/ol>\n\n\n\n<h4 class=\"wp-block-heading\" id=\"artikel-4-betaling\">Articolo 4 - Pagamento<\/h4>\n\n\n\n<ol class=\"wp-block-list\">\n<li>La fattura deve essere pagata prima della consegna, se non diversamente concordato ed esplicitamente indicato sulla fattura. Il pagamento dopo tale termine o la data di scadenza indicata sulla fattura comporta, per legge e senza preavviso, un interesse pari a 10% all'anno, nonch\u00e9 (sempre per legge e senza preavviso) un indennizzo fisso di 10% sull'importo della fattura, con un minimo di 50 EUR come indennizzo. Il mancato pagamento alla data di scadenza della fattura rende tutte le fatture, anche se non ancora scadute, immediatamente esigibili senza ulteriore avviso di mora e solleva il venditore da qualsiasi ulteriore adempimento dei suoi obblighi. <\/li>\n\n\n\n<li>Gli importi riportati sul sito web e sulla fattura sono sempre esclusi i costi di importazione, le tasse doganali, i costi di spedizione e l'IVA. Le spese di trasporto sono a carico dell'acquirente.<\/li>\n<\/ol>\n\n\n\n<h4 class=\"wp-block-heading\" id=\"artikel-5-aanvaarding-verkoopsvoorwaarden\">Articolo 5 - Accettazione delle condizioni di vendita<\/h4>\n\n\n\n<ol class=\"wp-block-list\">\n<li>Ogni ordine implica l'accettazione da parte del cliente dei nostri termini e condizioni, indipendentemente dal modo in cui l'ordine viene effettuato.<\/li>\n<\/ol>\n\n\n\n<h4 class=\"wp-block-heading\" id=\"artikel-6-gebreken\">Articolo 6 - Difetti<\/h4>\n\n\n\n<ol class=\"wp-block-list\">\n<li>Ricevendo o prendendo in consegna la merce, l'acquirente riconosce espressamente che la merce corrisponde al suo ordine ed \u00e8 priva di difetti visibili. Altri difetti devono essere notificati dall'acquirente al venditore per iscritto immediatamente dopo la loro scoperta. I reclami relativi alla merce o ai servizi consegnati non possono essere accettati se non ci pervengono per iscritto entro sette giorni dalla consegna. Trascorso tale termine, le consegne e le fatture si considerano accettate dall'acquirente senza alcuna riserva.<\/li>\n<\/ol>\n\n\n\n<h4 class=\"wp-block-heading\" id=\"artikel-7-annulatie\">Articolo 7 - Cancellazione<\/h4>\n\n\n\n<ol class=\"wp-block-list\">\n<li>Se il cliente rompe o annulla il contratto o se il contratto non pu\u00f2 andare avanti a causa della sua azione, ci deve un risarcimento pari a 50% dell'importo totale dell'ordine con un minimo di 75 EUR.<\/li>\n<\/ol>\n\n\n\n<h4 class=\"wp-block-heading\" id=\"artikel-8-vervoer\">Articolo 8 - Trasporto<\/h4>\n\n\n\n<ol class=\"wp-block-list\">\n<li>Se la consegna non pu\u00f2 essere effettuata nel luogo desiderato, ad esempio a causa di un passaggio troppo piccolo, di un pavimento troppo alto, di un peso eccessivo, ecc. allora i costi aggiuntivi saranno a carico dell'acquirente.<\/li>\n<\/ol>\n\n\n\n<h4 class=\"wp-block-heading\" id=\"artikel-9-eigendom\">Articolo 9 - Propriet\u00e0<\/h4>\n\n\n\n<ol class=\"wp-block-list\">\n<li>La merce consegnata rimane di nostra propriet\u00e0 fino a quando non viene pagato l'intero prezzo (capitale, spese e interessi). Il cessionario si assume i rischi a partire dalla consegna. Egli deve conservare la merce nel suo stato. Tutti i pagamenti saranno utilizzati per pagare i debiti pi\u00f9 vecchi, imputandoli prima alle spese, agli interessi e agli eventuali danni dovuti e poi alla somma principale.<\/li>\n<\/ol>\n\n\n\n<h4 class=\"wp-block-heading\" id=\"artikel-10-interest\">Articolo 10 - Interessi<\/h4>\n\n\n\n<ol class=\"wp-block-list\">\n<li>in caso di mancato pagamento della fattura alla data di scadenza, saranno addebitati interessi di mora ipso jure e senza preavviso. Tali interessi di mora saranno calcolati sulla base del tasso di interesse di riferimento della BCE.<\/li>\n\n\n\n<li><\/li>\n<\/ol>\n\n\n\n<p><strong>Articolo 11 - Limitazione di responsabilit\u00e0<\/strong><\/p>\n\n\n\n<ol class=\"wp-block-list\">\n<li><strong>Generale<\/strong>L'imprenditore non \u00e8 responsabile di alcun danno, diretto o indiretto, derivante dall'uso dei prodotti o dei servizi, a meno che non vi sia dolo o grave negligenza.<\/li>\n\n\n\n<li><strong>Webshop e sito web<\/strong>L'operatore non pu\u00f2 essere ritenuto responsabile per i danni derivanti da guasti, errori, interruzioni o problemi tecnici del sito web, tra cui, a titolo esemplificativo, perdita di dati o ritardi negli ordini.<\/li>\n\n\n\n<li><strong>Uso medico<\/strong>I prodotti venduti dall'imprenditore, come le poltrone da massaggio, non sono destinati a scopi diagnostici o terapeutici e non devono essere considerati dispositivi medici. Il loro utilizzo \u00e8 interamente a rischio dell'acquirente. In caso di dubbi sul loro utilizzo, l'acquirente deve consultare un medico.<\/li>\n\n\n\n<li><strong>Forza maggiore<\/strong>L'imprenditore non \u00e8 responsabile di ritardi o mancati adempimenti dovuti a cause di forza maggiore, quali disastri naturali, pandemie, problemi di trasporto, provvedimenti governativi o altre circostanze impreviste al di fuori del controllo dell'imprenditore.<\/li>\n\n\n\n<li><strong>Parti esterne<\/strong>I costi e i rischi derivanti dall'utilizzo di soggetti esterni, quali trasportatori o installatori, sono interamente a carico dell'acquirente.<\/li>\n<\/ol>\n\n\n\n<p><strong>Articolo 12 - Diritti di propriet\u00e0 intellettuale<\/strong><br>Tutti i contenuti del sito Web dell'imprenditore, compresi, ma non solo, testi, immagini, loghi e video, sono di propriet\u00e0 dell'imprenditore e non possono essere riprodotti, distribuiti o utilizzati senza previa autorizzazione scritta. La violazione di questi diritti pu\u00f2 comportare azioni legali.<\/p>\n\n\n\n<p><strong>Articolo 13 - Ordini online<\/strong><\/p>\n\n\n\n<ol class=\"wp-block-list\">\n<li><strong>Diritto di recesso<\/strong>I consumatori hanno il diritto di annullare un ordine entro 14 giorni di calendario, a meno che il prodotto non sia personalizzato o non possa essere restituito per motivi igienici dopo l'apertura della confezione.<\/li>\n\n\n\n<li><strong>Danni alla consegna<\/strong>: Se il prodotto \u00e8 danneggiato durante la consegna, l'acquirente deve informare l'imprenditore per iscritto entro 48 ore.<\/li>\n\n\n\n<li><strong>Dati accurati<\/strong>Il cliente \u00e8 responsabile della corretta compilazione dei dati durante l'ordine. Eventuali errori possono comportare costi aggiuntivi, che saranno a carico del cliente.<\/li>\n<\/ol>\n\n\n\n<p><strong>Articolo 14 - Privacy e protezione dei dati<\/strong><br>L'operatore tratta i dati personali in conformit\u00e0 al Regolamento generale sulla protezione dei dati (GDPR). Per ulteriori informazioni, consultare la nostra politica sulla privacy.<\/p>\n\n\n\n<p><strong>Articolo 15 - Controversie<\/strong><br>15.1. I reclami devono essere segnalati per iscritto ed entro un termine ragionevole dalla scoperta del difetto. 15.2. Tutti gli accordi sono disciplinati esclusivamente dalla legge belga. 15.3. In caso di controversie, saranno competenti esclusivamente i tribunali del distretto di Turnhout.<\/p>\n\n\n\n<p>Grazie a queste disposizioni aggiuntive, sarete pi\u00f9 protetti contro i problemi di responsabilit\u00e0 e i vostri termini e condizioni generali saranno conformi alla legge belga.<\/p>\n\n\n\n<p><strong>Articolo 16: Consegna e tempi di consegna<\/strong><\/p>\n\n\n\n<p>1.61. I termini di consegna indicati da Medirelaxa sono indicativi e non vincolanti. In nessun caso un ritardo nella consegna pu\u00f2 dar luogo a un risarcimento, a una riduzione del prezzo o allo scioglimento del contratto. 16.2. Medirelaxa non pu\u00f2 essere ritenuta responsabile per ritardi di consegna dovuti al vettore o a circostanze impreviste al di fuori del nostro controllo (forza maggiore). 16.3. Se un prodotto \u00e8 esaurito, il cliente ne sar\u00e0 informato. Medirelaxa si riserva il diritto di consegnare l'ordine in parti.<\/p>\n\n\n\n<p><strong>Articolo 17: Diritto di recesso e condizioni di restituzione<\/strong><\/p>\n\n\n\n<p>17.1. Per i consumatori (B2C): il consumatore ha il diritto di recedere dal contratto entro un periodo di 14 giorni senza fornire motivazioni. Tale periodo scade 14 giorni dopo il giorno in cui il cliente o un terzo designato dal cliente, che non sia il vettore, prende possesso fisico del bene. 17.2. I costi diretti della restituzione della merce saranno interamente a carico del cliente.1 7.3. Il prodotto deve essere restituito non usato, non danneggiato e nella sua confezione originale. I prodotti installati, utilizzati o danneggiati non possono essere rimborsati.<\/p>\n\n\n\n<p><strong>Articolo 18: Condizioni di garanzia<\/strong><\/p>\n\n\n\n<p>18.1. <strong>Per i clienti Business-to-Business (B2B):<\/strong> A tutti i prodotti non si applica alcun periodo di garanzia, se non diversamente concordato per iscritto. 18.2. <strong>Esclusioni dalla garanzia:<\/strong> La garanzia non si applica a: * Parti soggette a usura come filtri, guarnizioni, lampade e altri materiali di consumo. * Danni causati da un uso scorretto o anormale del prodotto, come ad esempio, ma non solo: * Mancata pulizia e manutenzione corretta o regolare dell'apparecchio come indicato. * Accensione o utilizzo di una caldaia o di un elemento riscaldante non correttamente collegati o non riempiti d'acqua. * L'uso di detergenti inadatti o aggressivi. * Danni causati da fattori esterni come incendi, danni causati dall'acqua, calcare, fulmini o incidenti. * Prodotti su cui sono state effettuate riparazioni o regolazioni da parte di tecnici non autorizzati. 18.3. <strong>Per i consumatori (B2C):<\/strong> La garanzia legale di due (2) anni, come previsto dalla legislazione belga sui consumatori, rimane pienamente applicabile. Sono inoltre in vigore le esclusioni di cui sopra per i danni dovuti a uso improprio. <strong>18.4. Riporto in sede<\/strong> I prodotti difettosi che beneficiano della garanzia devono essere portati o inviati a MediRelaxa presso Blaubergsesteenweg 63C, 2230 Herselt, Belgio.<\/p>\n\n\n\n<p><strong>Articolo 19: Responsabilit\u00e0<\/strong><\/p>\n\n\n\n<p>19.1. Medirelaxa risponde solo per danni diretti derivanti da negligenza grave o dolo comprovati. La nostra responsabilit\u00e0 \u00e8 in ogni caso limitata all'importo della fattura del prodotto in questione. 19.2. Medirelaxa non risponde in nessun caso di danni indiretti, quali perdita di profitto, danni conseguenti, perdita di clientela o qualsiasi altra forma di danno economico.<\/p>\n\n\n\n<p><strong>Articolo 10: Propriet\u00e0 intellettuale e media<\/strong><\/p>\n\n\n\n<p>20.1. Tutti i testi, le immagini, i video e gli altri materiali (di seguito \u201cmedia\u201d) presenti sul sito web e sugli altri canali di comunicazione di Medirelaxa sono protetti da copyright e appartengono a Medirelaxa o ai suoi licenziatari. 20.2. <strong>Utilizzo dell'IA:<\/strong> Medirelaxa utilizza talvolta l'intelligenza artificiale (AI) per creare contenuti testuali e visivi. Pur impegnandosi per l'accuratezza, Medirelaxa non pu\u00f2 garantire che tutte le informazioni generate dall'intelligenza artificiale siano completamente prive di errori. 20.3. <strong>Richiesta di rimozione:<\/strong> Rispettiamo i diritti di propriet\u00e0 intellettuale di terzi. Se ritenete che alcuni media presenti sui nostri canali violino il vostro diritto d'autore, contattateci immediatamente all'indirizzo info@medirelaxa.com. Una volta ricevuta una richiesta giustificata, provvederemo a rimuovere i media in questione nel pi\u00f9 breve tempo possibile.<\/p>\n\n\n\n<p><strong>Articolo 21: Riserva di propriet\u00e0<\/strong><\/p>\n\n\n\n<p>21.1. Tutti i beni consegnati rimangono di propriet\u00e0 esclusiva di Medirelaxa fino al pagamento dell'intero prezzo di acquisto, compresi eventuali costi e interessi, da parte del cliente.<\/p>\n\n\n\n<p><strong>Articolo 22: Responsabilit\u00e0 e prodotti di terzi<\/strong><\/p>\n\n\n\n<p><strong>22.1.<\/strong> Medirelaxa agisce esclusivamente come rivenditore dei prodotti offerti sul proprio sito web e negli altri canali di vendita. Medirelaxa non produce alcun prodotto in proprio e i prodotti sono venduti al cliente nel loro stato originale, come forniti dal produttore.<\/p>\n\n\n\n<p><strong>22.2.<\/strong> Ai sensi della legge belga sulla responsabilit\u00e0 per i prodotti difettosi (legge del 25 febbraio 1991 e relative disposizioni del codice civile), il produttore o il fabbricante di un prodotto \u00e8 responsabile dei danni causati da un difetto del suo prodotto. Medirelaxa, in qualit\u00e0 di rivenditore, non pu\u00f2 essere ritenuta responsabile per eventuali danni diretti o indiretti a terzi derivanti dall'uso, dal difetto o dal funzionamento dei prodotti che vende. Per tali richieste di risarcimento danni, il cliente deve contattare direttamente il produttore interessato.<\/p>\n\n\n\n<p><strong>22.3.<\/strong> Su richiesta del cliente, Medirelaxa fornir\u00e0, per quanto ragionevolmente possibile, i dati di contatto del produttore del prodotto acquistato, in modo che il cliente possa presentare il proprio reclamo direttamente al produttore.<\/p>\n\n\n\n<p>22.4. La limitazione di responsabilit\u00e0 di cui al presente articolo non pregiudica i diritti legali dei consumatori, in particolare la garanzia legale per i beni di consumo. Per quanto riguarda la conformit\u00e0 e la garanzia legale, Medirelaxa rimane il primo punto di contatto del consumatore, come stabilito dalla legislazione in materia di consumatori.<\/p>\n\n\n\n<h4 class=\"wp-block-heading\" id=\"disclaimer-blogs-medirelaxa\">Disclaimer Blog MediRelaxa<\/h4>\n\n\n\n<p>Le informazioni contenute nei blog di MediRelaxa hanno uno scopo puramente informativo e non sostituiscono una consulenza, una diagnosi o un trattamento medico professionale. Pur sforzandoci di fornire informazioni accurate e aggiornate, non possiamo garantire la completezza, l'accuratezza o la tempestivit\u00e0 dei contenuti.<\/p>\n\n\n\n<p>L'utilizzo delle informazioni contenute nei nostri blog avviene a proprio rischio e pericolo. MediRelaxa non \u00e8 responsabile di eventuali danni, perdite o altre conseguenze derivanti dall'affidamento alle informazioni contenute nei nostri blog.<\/p>\n\n\n\n<p>Per domande o consigli di carattere medico, si consiglia di consultare sempre un medico o uno specialista qualificato.<\/p>\n\n\n\n<p>Utilizzando il nostro sito web e leggendo i nostri blog, accettate questo disclaimer.<\/p>","protected":false},"excerpt":{"rendered":"<p>Artikel 1 &#8211; Definities Artikel 2 &#8211; Identiteit van de onderneming Identiteit van de onderneming: Medirelaxa (Gelasco) Artikel 3 &#8211; Toepasbaarheid Artikel 4 &#8211; Betaling Artikel 5 &#8211; Aanvaarding verkoopsvoorwaarden Artikel 6 &#8211; Gebreken Artikel 7 &#8211; Annulatie Artikel 8 &#8211; Vervoer Artikel 9 &#8211; Eigendom Artikel 10 &#8211; Interest Artikel 11 \u2013 Beperking van [&hellip;]<\/p>\n","protected":false},"author":1,"featured_media":0,"parent":0,"menu_order":0,"comment_status":"closed","ping_status":"closed","template":"","meta":{"_gspb_post_css":"","footnotes":""},"class_list":["post-12174","page","type-page","status-publish","hentry"],"blocksy_meta":[],"yoast_head":"<!-- This site is optimized with the Yoast SEO plugin v27.0 - https:\/\/yoast.com\/product\/yoast-seo-wordpress\/ -->\n<title>Algemene Voorwaarden - MediRelaxa<\/title>\n<meta name=\"description\" content=\"Artikel 1 - Definities Bedenktijd: de termijn waarin de consument gebruik kan maken van zijn herroepingsrecht; Consument: de natuurlijke persoon die\" \/>\n<meta name=\"robots\" content=\"index, follow, max-snippet:-1, max-image-preview:large, max-video-preview:-1\" \/>\n<link rel=\"canonical\" href=\"https:\/\/test.medirelaxa.com\/it\/termini-e-condizioni\/\" \/>\n<meta property=\"og:locale\" content=\"it_IT\" \/>\n<meta property=\"og:type\" content=\"article\" \/>\n<meta property=\"og:title\" content=\"Algemene Voorwaarden - MediRelaxa\" \/>\n<meta property=\"og:description\" content=\"Artikel 1 - Definities Bedenktijd: de termijn waarin de consument gebruik kan maken van zijn herroepingsrecht; Consument: de natuurlijke persoon die\" \/>\n<meta property=\"og:url\" content=\"https:\/\/test.medirelaxa.com\/it\/termini-e-condizioni\/\" \/>\n<meta property=\"og:site_name\" content=\"MediRelaxa\" \/>\n<meta property=\"article:publisher\" content=\"https:\/\/www.facebook.com\/people\/MediRelaxa\/61563934692183\/\" \/>\n<meta property=\"og:image\" content=\"https:\/\/test.medirelaxa.com\/wp-content\/uploads\/2026\/02\/Logo-MediRelaxa-massage-chairs.webp\" \/>\n\t<meta property=\"og:image:width\" content=\"1600\" \/>\n\t<meta property=\"og:image:height\" content=\"381\" \/>\n\t<meta property=\"og:image:type\" content=\"image\/webp\" \/>\n<meta name=\"twitter:card\" content=\"summary_large_image\" \/>\n<meta name=\"twitter:label1\" content=\"Tempo di lettura stimato\" \/>\n\t<meta name=\"twitter:data1\" content=\"10 minuti\" \/>\n<script type=\"application\/ld+json\" class=\"yoast-schema-graph\">{\"@context\":\"https:\/\/schema.org\",\"@graph\":[{\"@type\":\"WebPage\",\"@id\":\"https:\/\/test.medirelaxa.com\/algemene-voorwaarden\/\",\"url\":\"https:\/\/test.medirelaxa.com\/algemene-voorwaarden\/\",\"name\":\"Algemene Voorwaarden - MediRelaxa\",\"isPartOf\":{\"@id\":\"https:\/\/test.medirelaxa.com\/#website\"},\"datePublished\":\"2026-02-16T22:09:04+00:00\",\"description\":\"Artikel 1 - Definities Bedenktijd: de termijn waarin de consument gebruik kan maken van zijn herroepingsrecht; Consument: de natuurlijke persoon die\",\"inLanguage\":\"it-IT\",\"potentialAction\":[{\"@type\":\"ReadAction\",\"target\":[\"https:\/\/test.medirelaxa.com\/algemene-voorwaarden\/\"]}]},{\"@type\":\"WebSite\",\"@id\":\"https:\/\/test.medirelaxa.com\/#website\",\"url\":\"https:\/\/test.medirelaxa.com\/\",\"name\":\"MediRelaxa\",\"description\":\"Head Spa &amp; Massagestoelen\",\"publisher\":{\"@id\":\"https:\/\/test.medirelaxa.com\/#organization\"},\"alternateName\":\"Ontspanning op elk moment: Beleef ultieme rust met onze massagestoelen.\",\"potentialAction\":[{\"@type\":\"SearchAction\",\"target\":{\"@type\":\"EntryPoint\",\"urlTemplate\":\"https:\/\/test.medirelaxa.com\/?s={search_term_string}\"},\"query-input\":{\"@type\":\"PropertyValueSpecification\",\"valueRequired\":true,\"valueName\":\"search_term_string\"}}],\"inLanguage\":\"it-IT\"},{\"@type\":\"Organization\",\"@id\":\"https:\/\/test.medirelaxa.com\/#organization\",\"name\":\"MediRelaxa\",\"url\":\"https:\/\/test.medirelaxa.com\/\",\"logo\":{\"@type\":\"ImageObject\",\"inLanguage\":\"it-IT\",\"@id\":\"https:\/\/test.medirelaxa.com\/#\/schema\/logo\/image\/\",\"url\":\"https:\/\/test.medirelaxa.com\/wp-content\/uploads\/2026\/02\/Logo-MediRelaxa-massage-chairs.webp\",\"contentUrl\":\"https:\/\/test.medirelaxa.com\/wp-content\/uploads\/2026\/02\/Logo-MediRelaxa-massage-chairs.webp\",\"width\":1600,\"height\":381,\"caption\":\"MediRelaxa\"},\"image\":{\"@id\":\"https:\/\/test.medirelaxa.com\/#\/schema\/logo\/image\/\"},\"sameAs\":[\"https:\/\/www.facebook.com\/people\/MediRelaxa\/61563934692183\/\",\"https:\/\/www.youtube.com\/@MediRelaxa\",\"https:\/\/www.instagram.com\/medirelaxa_com\/\"]}]}<\/script>\n<!-- \/ Yoast SEO plugin. -->","yoast_head_json":{"title":"Algemene Voorwaarden - MediRelaxa","description":"Artikel 1 - Definities Bedenktijd: de termijn waarin de consument gebruik kan maken van zijn herroepingsrecht; Consument: de natuurlijke persoon die","robots":{"index":"index","follow":"follow","max-snippet":"max-snippet:-1","max-image-preview":"max-image-preview:large","max-video-preview":"max-video-preview:-1"},"canonical":"https:\/\/test.medirelaxa.com\/it\/termini-e-condizioni\/","og_locale":"it_IT","og_type":"article","og_title":"Algemene Voorwaarden - MediRelaxa","og_description":"Artikel 1 - Definities Bedenktijd: de termijn waarin de consument gebruik kan maken van zijn herroepingsrecht; Consument: de natuurlijke persoon die","og_url":"https:\/\/test.medirelaxa.com\/it\/termini-e-condizioni\/","og_site_name":"MediRelaxa","article_publisher":"https:\/\/www.facebook.com\/people\/MediRelaxa\/61563934692183\/","og_image":[{"width":1600,"height":381,"url":"https:\/\/test.medirelaxa.com\/wp-content\/uploads\/2026\/02\/Logo-MediRelaxa-massage-chairs.webp","type":"image\/webp"}],"twitter_card":"summary_large_image","twitter_misc":{"Tempo di lettura stimato":"10 minuti"},"schema":{"@context":"https:\/\/schema.org","@graph":[{"@type":"WebPage","@id":"https:\/\/test.medirelaxa.com\/algemene-voorwaarden\/","url":"https:\/\/test.medirelaxa.com\/algemene-voorwaarden\/","name":"Algemene Voorwaarden - MediRelaxa","isPartOf":{"@id":"https:\/\/test.medirelaxa.com\/#website"},"datePublished":"2026-02-16T22:09:04+00:00","description":"Artikel 1 - Definities Bedenktijd: de termijn waarin de consument gebruik kan maken van zijn herroepingsrecht; Consument: de natuurlijke persoon die","inLanguage":"it-IT","potentialAction":[{"@type":"ReadAction","target":["https:\/\/test.medirelaxa.com\/algemene-voorwaarden\/"]}]},{"@type":"WebSite","@id":"https:\/\/test.medirelaxa.com\/#website","url":"https:\/\/test.medirelaxa.com\/","name":"MediRelaxa","description":"Head Spa &amp; Massagestoelen","publisher":{"@id":"https:\/\/test.medirelaxa.com\/#organization"},"alternateName":"Ontspanning op elk moment: Beleef ultieme rust met onze massagestoelen.","potentialAction":[{"@type":"SearchAction","target":{"@type":"EntryPoint","urlTemplate":"https:\/\/test.medirelaxa.com\/?s={search_term_string}"},"query-input":{"@type":"PropertyValueSpecification","valueRequired":true,"valueName":"search_term_string"}}],"inLanguage":"it-IT"},{"@type":"Organization","@id":"https:\/\/test.medirelaxa.com\/#organization","name":"MediRelaxa","url":"https:\/\/test.medirelaxa.com\/","logo":{"@type":"ImageObject","inLanguage":"it-IT","@id":"https:\/\/test.medirelaxa.com\/#\/schema\/logo\/image\/","url":"https:\/\/test.medirelaxa.com\/wp-content\/uploads\/2026\/02\/Logo-MediRelaxa-massage-chairs.webp","contentUrl":"https:\/\/test.medirelaxa.com\/wp-content\/uploads\/2026\/02\/Logo-MediRelaxa-massage-chairs.webp","width":1600,"height":381,"caption":"MediRelaxa"},"image":{"@id":"https:\/\/test.medirelaxa.com\/#\/schema\/logo\/image\/"},"sameAs":["https:\/\/www.facebook.com\/people\/MediRelaxa\/61563934692183\/","https:\/\/www.youtube.com\/@MediRelaxa","https:\/\/www.instagram.com\/medirelaxa_com\/"]}]}},"_links":{"self":[{"href":"https:\/\/test.medirelaxa.com\/it\/wp-json\/wp\/v2\/pages\/12174","targetHints":{"allow":["GET"]}}],"collection":[{"href":"https:\/\/test.medirelaxa.com\/it\/wp-json\/wp\/v2\/pages"}],"about":[{"href":"https:\/\/test.medirelaxa.com\/it\/wp-json\/wp\/v2\/types\/page"}],"author":[{"embeddable":true,"href":"https:\/\/test.medirelaxa.com\/it\/wp-json\/wp\/v2\/users\/1"}],"replies":[{"embeddable":true,"href":"https:\/\/test.medirelaxa.com\/it\/wp-json\/wp\/v2\/comments?post=12174"}],"version-history":[{"count":0,"href":"https:\/\/test.medirelaxa.com\/it\/wp-json\/wp\/v2\/pages\/12174\/revisions"}],"wp:attachment":[{"href":"https:\/\/test.medirelaxa.com\/it\/wp-json\/wp\/v2\/media?parent=12174"}],"curies":[{"name":"wp","href":"https:\/\/api.w.org\/{rel}","templated":true}]}}