{"id":3,"date":"2026-02-09T17:01:06","date_gmt":"2026-02-09T17:01:06","guid":{"rendered":"http:\/\/test.medirelaxa.com\/?page_id=3"},"modified":"2026-02-16T23:15:14","modified_gmt":"2026-02-16T23:15:14","slug":"politique-de-confidentialite","status":"publish","type":"page","link":"https:\/\/test.medirelaxa.com\/fr\/privacy-policy\/","title":{"rendered":"Privacy Policy"},"content":{"rendered":"<h3 class=\"wp-block-heading\" id=\"privacybeleid-voor-medirelaxa\">Politique de confidentialit\u00e9 de MediRelaxa<\/h3>\n\n\n\n<p>Medirelaxa.com s'engage \u00e0 prot\u00e9ger vos informations personnelles. Cette politique de confidentialit\u00e9 d\u00e9crit la mani\u00e8re dont nous recueillons, utilisons et prot\u00e9geons les informations lorsque vous visitez notre site web et achetez des produits chez nous. En utilisant notre site web, vous acceptez les termes de cette politique de confidentialit\u00e9.<\/p>\n\n\n\n<h4 class=\"wp-block-heading\" id=\"1-verzameling-van-persoonsgegevens\">1. Collecte de donn\u00e9es \u00e0 caract\u00e8re personnel<\/h4>\n\n\n\n<p>Nous recueillons diff\u00e9rents types d'informations pour vous fournir et am\u00e9liorer nos services. Il peut s'agir de<\/p>\n\n\n\n<ul class=\"wp-block-list\">\n<li><strong>Informations sur les contacts<\/strong>les donn\u00e9es personnelles : nom, adresse, adresse \u00e9lectronique et num\u00e9ro de t\u00e9l\u00e9phone.<\/li>\n\n\n\n<li><strong>Informations sur le paiement<\/strong>les num\u00e9ros de carte de cr\u00e9dit et les informations relatives \u00e0 la facturation.<\/li>\n\n\n\n<li><strong>Donn\u00e9es d'utilisation<\/strong>les informations relatives \u00e0 l'utilisation de l'Internet, telles que les adresses IP, les informations sur le navigateur, les pages visit\u00e9es et l'heure de la visite.<\/li>\n\n\n\n<li><strong>Donn\u00e9es de communication<\/strong>les donn\u00e9es relatives \u00e0 la vie priv\u00e9e, telles que les messages que vous nous envoyez par courrier \u00e9lectronique, les formulaires de contact ou d'autres canaux de communication.<\/li>\n<\/ul>\n\n\n\n<h4 class=\"wp-block-heading\" id=\"2-gebruik-van-persoonsgegevens\">2. Utilisation des donn\u00e9es \u00e0 caract\u00e8re personnel<\/h4>\n\n\n\n<p>Nous utilisons les informations collect\u00e9es \u00e0 diverses fins :<\/p>\n\n\n\n<ul class=\"wp-block-list\">\n<li><strong>Traitement des commandes<\/strong>Les services d'information et de communication de la Commission europ\u00e9enne : pour traiter et livrer vos commandes.<\/li>\n\n\n\n<li><strong>Service \u00e0 la client\u00e8le<\/strong>La Commission europ\u00e9enne est \u00e0 votre disposition pour r\u00e9pondre \u00e0 vos questions et \u00e0 vos demandes.<\/li>\n\n\n\n<li><strong>Communications<\/strong>Les services d'information : pour vous tenir au courant de votre commande et vous envoyer des informations sur nos produits et services.<\/li>\n\n\n\n<li><strong>Am\u00e9liorer notre site web<\/strong>Les informations sur le site Internet : pour am\u00e9liorer la fonctionnalit\u00e9 et l'exp\u00e9rience de l'utilisateur de notre site Internet.<\/li>\n\n\n\n<li><strong>Objectifs de marketing<\/strong>les services d'information : pour vous envoyer des offres et des promotions personnalis\u00e9es, si vous avez donn\u00e9 votre accord.<\/li>\n<\/ul>\n\n\n\n<h4 class=\"wp-block-heading\" id=\"3-delen-van-persoonsgegevens\">3. Partage des donn\u00e9es \u00e0 caract\u00e8re personnel<\/h4>\n\n\n\n<p>Nous ne partageons pas vos donn\u00e9es personnelles avec des tiers, sauf dans les cas suivants :<\/p>\n\n\n\n<ul class=\"wp-block-list\">\n<li><strong>Fournisseurs de services<\/strong>nous pouvons partager vos donn\u00e9es avec des fournisseurs de services de confiance qui nous aident \u00e0 mener \u00e0 bien nos activit\u00e9s commerciales, tels que les processeurs de paiement et les services de livraison.<\/li>\n\n\n\n<li><strong>Obligations l\u00e9gales<\/strong>si des lois ou des r\u00e8glements l'exigent ou pour se conformer \u00e0 une d\u00e9cision de justice.<\/li>\n\n\n\n<li><strong>Protection des droits<\/strong>pour prot\u00e9ger nos droits, notre vie priv\u00e9e, notre s\u00e9curit\u00e9 ou nos biens.<\/li>\n<\/ul>\n\n\n\n<h4 class=\"wp-block-heading\" id=\"4-beveiliging-van-persoonsgegevens\">4. S\u00e9curit\u00e9 des donn\u00e9es personnelles<\/h4>\n\n\n\n<p>Nous prenons les mesures techniques et organisationnelles appropri\u00e9es pour prot\u00e9ger vos donn\u00e9es personnelles contre la perte, le vol et l'acc\u00e8s non autoris\u00e9, l'alt\u00e9ration ou la destruction. Notre site web utilise le cryptage SSL pour garantir la s\u00e9curit\u00e9 de vos donn\u00e9es pendant leur transmission.<\/p>\n\n\n\n<h4 class=\"wp-block-heading\" id=\"5-bewaring-van-persoonsgegevens\">5. Conservation des donn\u00e9es \u00e0 caract\u00e8re personnel<\/h4>\n\n\n\n<p>Nous ne conserverons pas vos donn\u00e9es \u00e0 caract\u00e8re personnel plus longtemps que n\u00e9cessaire aux fins pour lesquelles elles ont \u00e9t\u00e9 collect\u00e9es, ou que ne l'exigent les lois et r\u00e9glementations applicables.<\/p>\n\n\n\n<h4 class=\"wp-block-heading\" id=\"6-uw-rechten\">6. Vos droits<\/h4>\n\n\n\n<p>Vous disposez de certains droits en ce qui concerne vos donn\u00e9es \u00e0 caract\u00e8re personnel :<\/p>\n\n\n\n<ul class=\"wp-block-list\">\n<li><strong>Droit de regard<\/strong>Vous pouvez nous demander une copie des donn\u00e9es personnelles que nous d\u00e9tenons \u00e0 votre sujet.<\/li>\n\n\n\n<li><strong>Droit de rectification<\/strong>vous pouvez nous demander de corriger des donn\u00e9es personnelles incorrectes ou incompl\u00e8tes.<\/li>\n\n\n\n<li><strong>Droit de retrait<\/strong>vous pouvez nous demander de supprimer vos donn\u00e9es personnelles, \u00e0 condition que cela n'enfreigne pas les obligations l\u00e9gales.<\/li>\n\n\n\n<li><strong>Droit \u00e0 la limitation du traitement<\/strong>vous pouvez nous demander de restreindre le traitement de vos donn\u00e9es personnelles.<\/li>\n\n\n\n<li><strong>Droit de transfert<\/strong>vous pouvez nous demander de transf\u00e9rer vos donn\u00e9es personnelles \u00e0 une autre organisation.<\/li>\n\n\n\n<li><strong>Droit d'opposition<\/strong>Vous pouvez vous opposer au traitement de vos donn\u00e9es \u00e0 caract\u00e8re personnel \u00e0 certaines fins, telles que le marketing direct.<\/li>\n<\/ul>\n\n\n\n<p>Pour exercer ces droits, veuillez nous contacter en utilisant les coordonn\u00e9es ci-dessous.<\/p>\n\n\n\n<h4 class=\"wp-block-heading\" id=\"7-cookies\">7. Cookies<\/h4>\n\n\n\n<p>Notre site web utilise des cookies et des technologies similaires pour am\u00e9liorer votre utilisation de notre site web. Les cookies sont de petits fichiers texte plac\u00e9s sur votre appareil pour collecter des informations sur votre comportement de navigation. Vous pouvez r\u00e9gler les param\u00e8tres de votre navigateur pour refuser ou supprimer les cookies, mais cela peut affecter la fonctionnalit\u00e9 de notre site web.<\/p>\n\n\n\n<h4 class=\"wp-block-heading\" id=\"8-wijzigingen-in-ons-privacybeleid\">8. Modifications de notre politique de confidentialit\u00e9<\/h4>\n\n\n\n<p>Nous pouvons modifier cette politique de confidentialit\u00e9 de temps \u00e0 autre pour nous conformer aux exigences l\u00e9gales ou pour refl\u00e9ter les changements dans nos pratiques commerciales. Nous vous encourageons \u00e0 consulter r\u00e9guli\u00e8rement cette politique de confidentialit\u00e9 pour obtenir les informations les plus r\u00e9centes sur nos pratiques en mati\u00e8re de protection de la vie priv\u00e9e.<\/p>\n\n\n\n<h4 class=\"wp-block-heading\" id=\"9-contact\">9. Contact<\/h4>\n\n\n\n<p>Si vous avez des questions ou des commentaires sur cette politique de confidentialit\u00e9 ou si vous souhaitez exercer vos droits, veuillez nous contacter \u00e0 l'adresse suivante : info@medirelaxa.com.<\/p>\n\n\n\n<p><\/p>","protected":false},"excerpt":{"rendered":"<p>Privacybeleid voor MediRelaxa Bij Medirelaxa.com hechten we veel waarde aan de bescherming van uw persoonlijke gegevens. Dit privacybeleid beschrijft hoe we informatie verzamelen, gebruiken en beschermen wanneer u onze website bezoekt en producten bij ons koopt. Door gebruik te maken van onze website stemt u in met de voorwaarden van dit privacybeleid. 1. Verzameling van [&hellip;]<\/p>\n","protected":false},"author":1,"featured_media":0,"parent":0,"menu_order":0,"comment_status":"closed","ping_status":"open","template":"","meta":{"_gspb_post_css":"","footnotes":""},"class_list":["post-3","page","type-page","status-publish","hentry"],"blocksy_meta":[],"yoast_head":"<!-- This site is optimized with the Yoast SEO plugin v27.0 - https:\/\/yoast.com\/product\/yoast-seo-wordpress\/ -->\n<title>Privacy Policy - MediRelaxa<\/title>\n<meta name=\"description\" content=\"Privacybeleid voor MediRelaxa Bij Medirelaxa.com hechten we veel waarde aan de bescherming van uw persoonlijke gegevens. Dit privacybeleid beschrijft hoe\" \/>\n<meta name=\"robots\" content=\"index, follow, max-snippet:-1, max-image-preview:large, max-video-preview:-1\" \/>\n<link rel=\"canonical\" href=\"https:\/\/test.medirelaxa.com\/fr\/politique-de-confidentialite\/\" \/>\n<meta property=\"og:locale\" content=\"fr_FR\" \/>\n<meta property=\"og:type\" content=\"article\" \/>\n<meta property=\"og:title\" content=\"Privacy Policy - MediRelaxa\" \/>\n<meta property=\"og:description\" content=\"Privacybeleid voor MediRelaxa Bij Medirelaxa.com hechten we veel waarde aan de bescherming van uw persoonlijke gegevens. Dit privacybeleid beschrijft hoe\" \/>\n<meta property=\"og:url\" content=\"https:\/\/test.medirelaxa.com\/fr\/politique-de-confidentialite\/\" \/>\n<meta property=\"og:site_name\" content=\"MediRelaxa\" \/>\n<meta property=\"article:publisher\" content=\"https:\/\/www.facebook.com\/people\/MediRelaxa\/61563934692183\/\" \/>\n<meta property=\"article:modified_time\" content=\"2026-02-16T23:15:14+00:00\" \/>\n<meta property=\"og:image\" content=\"https:\/\/test.medirelaxa.com\/wp-content\/uploads\/2026\/02\/Logo-MediRelaxa-massage-chairs.webp\" \/>\n\t<meta property=\"og:image:width\" content=\"1600\" \/>\n\t<meta property=\"og:image:height\" content=\"381\" \/>\n\t<meta property=\"og:image:type\" content=\"image\/webp\" \/>\n<meta name=\"twitter:card\" content=\"summary_large_image\" \/>\n<meta name=\"twitter:label1\" content=\"Dur\u00e9e de lecture estim\u00e9e\" \/>\n\t<meta name=\"twitter:data1\" content=\"3 minutes\" \/>\n<script type=\"application\/ld+json\" class=\"yoast-schema-graph\">{\"@context\":\"https:\/\/schema.org\",\"@graph\":[{\"@type\":\"WebPage\",\"@id\":\"https:\/\/test.medirelaxa.com\/privacy-policy\/\",\"url\":\"https:\/\/test.medirelaxa.com\/privacy-policy\/\",\"name\":\"Privacy Policy - MediRelaxa\",\"isPartOf\":{\"@id\":\"https:\/\/test.medirelaxa.com\/#website\"},\"datePublished\":\"2026-02-09T17:01:06+00:00\",\"dateModified\":\"2026-02-16T23:15:14+00:00\",\"description\":\"Privacybeleid voor MediRelaxa Bij Medirelaxa.com hechten we veel waarde aan de bescherming van uw persoonlijke gegevens. Dit privacybeleid beschrijft hoe\",\"inLanguage\":\"fr-FR\",\"potentialAction\":[{\"@type\":\"ReadAction\",\"target\":[\"https:\/\/test.medirelaxa.com\/privacy-policy\/\"]}]},{\"@type\":\"WebSite\",\"@id\":\"https:\/\/test.medirelaxa.com\/#website\",\"url\":\"https:\/\/test.medirelaxa.com\/\",\"name\":\"MediRelaxa\",\"description\":\"Head Spa &amp; Massagestoelen\",\"publisher\":{\"@id\":\"https:\/\/test.medirelaxa.com\/#organization\"},\"alternateName\":\"Ontspanning op elk moment: Beleef ultieme rust met onze massagestoelen.\",\"potentialAction\":[{\"@type\":\"SearchAction\",\"target\":{\"@type\":\"EntryPoint\",\"urlTemplate\":\"https:\/\/test.medirelaxa.com\/?s={search_term_string}\"},\"query-input\":{\"@type\":\"PropertyValueSpecification\",\"valueRequired\":true,\"valueName\":\"search_term_string\"}}],\"inLanguage\":\"fr-FR\"},{\"@type\":\"Organization\",\"@id\":\"https:\/\/test.medirelaxa.com\/#organization\",\"name\":\"MediRelaxa\",\"url\":\"https:\/\/test.medirelaxa.com\/\",\"logo\":{\"@type\":\"ImageObject\",\"inLanguage\":\"fr-FR\",\"@id\":\"https:\/\/test.medirelaxa.com\/#\/schema\/logo\/image\/\",\"url\":\"https:\/\/test.medirelaxa.com\/wp-content\/uploads\/2026\/02\/Logo-MediRelaxa-massage-chairs.webp\",\"contentUrl\":\"https:\/\/test.medirelaxa.com\/wp-content\/uploads\/2026\/02\/Logo-MediRelaxa-massage-chairs.webp\",\"width\":1600,\"height\":381,\"caption\":\"MediRelaxa\"},\"image\":{\"@id\":\"https:\/\/test.medirelaxa.com\/#\/schema\/logo\/image\/\"},\"sameAs\":[\"https:\/\/www.facebook.com\/people\/MediRelaxa\/61563934692183\/\",\"https:\/\/www.youtube.com\/@MediRelaxa\",\"https:\/\/www.instagram.com\/medirelaxa_com\/\"]}]}<\/script>\n<!-- \/ Yoast SEO plugin. -->","yoast_head_json":{"title":"Privacy Policy - MediRelaxa","description":"Privacybeleid voor MediRelaxa Bij Medirelaxa.com hechten we veel waarde aan de bescherming van uw persoonlijke gegevens. Dit privacybeleid beschrijft hoe","robots":{"index":"index","follow":"follow","max-snippet":"max-snippet:-1","max-image-preview":"max-image-preview:large","max-video-preview":"max-video-preview:-1"},"canonical":"https:\/\/test.medirelaxa.com\/fr\/politique-de-confidentialite\/","og_locale":"fr_FR","og_type":"article","og_title":"Privacy Policy - MediRelaxa","og_description":"Privacybeleid voor MediRelaxa Bij Medirelaxa.com hechten we veel waarde aan de bescherming van uw persoonlijke gegevens. Dit privacybeleid beschrijft hoe","og_url":"https:\/\/test.medirelaxa.com\/fr\/politique-de-confidentialite\/","og_site_name":"MediRelaxa","article_publisher":"https:\/\/www.facebook.com\/people\/MediRelaxa\/61563934692183\/","article_modified_time":"2026-02-16T23:15:14+00:00","og_image":[{"width":1600,"height":381,"url":"https:\/\/test.medirelaxa.com\/wp-content\/uploads\/2026\/02\/Logo-MediRelaxa-massage-chairs.webp","type":"image\/webp"}],"twitter_card":"summary_large_image","twitter_misc":{"Dur\u00e9e de lecture estim\u00e9e":"3 minutes"},"schema":{"@context":"https:\/\/schema.org","@graph":[{"@type":"WebPage","@id":"https:\/\/test.medirelaxa.com\/privacy-policy\/","url":"https:\/\/test.medirelaxa.com\/privacy-policy\/","name":"Privacy Policy - MediRelaxa","isPartOf":{"@id":"https:\/\/test.medirelaxa.com\/#website"},"datePublished":"2026-02-09T17:01:06+00:00","dateModified":"2026-02-16T23:15:14+00:00","description":"Privacybeleid voor MediRelaxa Bij Medirelaxa.com hechten we veel waarde aan de bescherming van uw persoonlijke gegevens. Dit privacybeleid beschrijft hoe","inLanguage":"fr-FR","potentialAction":[{"@type":"ReadAction","target":["https:\/\/test.medirelaxa.com\/privacy-policy\/"]}]},{"@type":"WebSite","@id":"https:\/\/test.medirelaxa.com\/#website","url":"https:\/\/test.medirelaxa.com\/","name":"MediRelaxa","description":"Head Spa &amp; Massagestoelen","publisher":{"@id":"https:\/\/test.medirelaxa.com\/#organization"},"alternateName":"Ontspanning op elk moment: Beleef ultieme rust met onze massagestoelen.","potentialAction":[{"@type":"SearchAction","target":{"@type":"EntryPoint","urlTemplate":"https:\/\/test.medirelaxa.com\/?s={search_term_string}"},"query-input":{"@type":"PropertyValueSpecification","valueRequired":true,"valueName":"search_term_string"}}],"inLanguage":"fr-FR"},{"@type":"Organization","@id":"https:\/\/test.medirelaxa.com\/#organization","name":"MediRelaxa","url":"https:\/\/test.medirelaxa.com\/","logo":{"@type":"ImageObject","inLanguage":"fr-FR","@id":"https:\/\/test.medirelaxa.com\/#\/schema\/logo\/image\/","url":"https:\/\/test.medirelaxa.com\/wp-content\/uploads\/2026\/02\/Logo-MediRelaxa-massage-chairs.webp","contentUrl":"https:\/\/test.medirelaxa.com\/wp-content\/uploads\/2026\/02\/Logo-MediRelaxa-massage-chairs.webp","width":1600,"height":381,"caption":"MediRelaxa"},"image":{"@id":"https:\/\/test.medirelaxa.com\/#\/schema\/logo\/image\/"},"sameAs":["https:\/\/www.facebook.com\/people\/MediRelaxa\/61563934692183\/","https:\/\/www.youtube.com\/@MediRelaxa","https:\/\/www.instagram.com\/medirelaxa_com\/"]}]}},"_links":{"self":[{"href":"https:\/\/test.medirelaxa.com\/fr\/wp-json\/wp\/v2\/pages\/3","targetHints":{"allow":["GET"]}}],"collection":[{"href":"https:\/\/test.medirelaxa.com\/fr\/wp-json\/wp\/v2\/pages"}],"about":[{"href":"https:\/\/test.medirelaxa.com\/fr\/wp-json\/wp\/v2\/types\/page"}],"author":[{"embeddable":true,"href":"https:\/\/test.medirelaxa.com\/fr\/wp-json\/wp\/v2\/users\/1"}],"replies":[{"embeddable":true,"href":"https:\/\/test.medirelaxa.com\/fr\/wp-json\/wp\/v2\/comments?post=3"}],"version-history":[{"count":0,"href":"https:\/\/test.medirelaxa.com\/fr\/wp-json\/wp\/v2\/pages\/3\/revisions"}],"wp:attachment":[{"href":"https:\/\/test.medirelaxa.com\/fr\/wp-json\/wp\/v2\/media?parent=3"}],"curies":[{"name":"wp","href":"https:\/\/api.w.org\/{rel}","templated":true}]}}