{"id":3,"date":"2026-02-09T17:01:06","date_gmt":"2026-02-09T17:01:06","guid":{"rendered":"http:\/\/test.medirelaxa.com\/?page_id=3"},"modified":"2026-02-16T23:15:14","modified_gmt":"2026-02-16T23:15:14","slug":"politica-de-privacidad","status":"publish","type":"page","link":"https:\/\/test.medirelaxa.com\/es\/privacy-policy\/","title":{"rendered":"Privacy Policy"},"content":{"rendered":"<h3 class=\"wp-block-heading\" id=\"privacybeleid-voor-medirelaxa\">Pol\u00edtica de privacidad de MediRelaxa<\/h3>\n\n\n\n<p>En Medirelaxa.com, nos comprometemos a proteger su informaci\u00f3n personal. Esta pol\u00edtica de privacidad describe c\u00f3mo recopilamos, utilizamos y protegemos la informaci\u00f3n cuando usted visita nuestro sitio web y nos compra productos. Al utilizar nuestro sitio web, usted acepta los t\u00e9rminos de esta pol\u00edtica de privacidad.<\/p>\n\n\n\n<h4 class=\"wp-block-heading\" id=\"1-verzameling-van-persoonsgegevens\">1. Recogida de datos personales<\/h4>\n\n\n\n<p>Recopilamos distintos tipos de informaci\u00f3n para prestarle y mejorar nuestros servicios. Esto puede incluir:<\/p>\n\n\n\n<ul class=\"wp-block-list\">\n<li><strong>Informaci\u00f3n de contacto<\/strong>: como nombre, direcci\u00f3n, direcci\u00f3n de correo electr\u00f3nico y n\u00famero de tel\u00e9fono.<\/li>\n\n\n\n<li><strong>Informaci\u00f3n de pago<\/strong>como n\u00fameros de tarjetas de cr\u00e9dito e informaci\u00f3n de facturaci\u00f3n.<\/li>\n\n\n\n<li><strong>Datos de uso<\/strong>como direcciones IP, informaci\u00f3n sobre el navegador, p\u00e1ginas visitadas y horas de visita.<\/li>\n\n\n\n<li><strong>Datos de comunicaci\u00f3n<\/strong>como los mensajes que nos env\u00ede por correo electr\u00f3nico, formularios de contacto u otros canales de comunicaci\u00f3n.<\/li>\n<\/ul>\n\n\n\n<h4 class=\"wp-block-heading\" id=\"2-gebruik-van-persoonsgegevens\">2. Uso de datos personales<\/h4>\n\n\n\n<p>Utilizamos la informaci\u00f3n recopilada para diversos fines:<\/p>\n\n\n\n<ul class=\"wp-block-list\">\n<li><strong>Tramitaci\u00f3n de pedidos<\/strong>para procesar y entregar sus pedidos.<\/li>\n\n\n\n<li><strong>Atenci\u00f3n al cliente<\/strong>: para responder a sus preguntas y peticiones.<\/li>\n\n\n\n<li><strong>Comunicaciones<\/strong>para mantenerle informado sobre su pedido y enviarle informaci\u00f3n sobre nuestros productos y servicios.<\/li>\n\n\n\n<li><strong>Mejorar nuestro sitio web<\/strong>para mejorar la funcionalidad y la experiencia del usuario de nuestro sitio web.<\/li>\n\n\n\n<li><strong>Fines comerciales<\/strong>enviarle ofertas y promociones personalizadas, si ha dado su consentimiento.<\/li>\n<\/ul>\n\n\n\n<h4 class=\"wp-block-heading\" id=\"3-delen-van-persoonsgegevens\">3. Intercambio de datos personales<\/h4>\n\n\n\n<p>No compartimos sus datos personales con terceros, salvo en los siguientes casos:<\/p>\n\n\n\n<ul class=\"wp-block-list\">\n<li><strong>Proveedores de servicios<\/strong>podemos compartir sus datos con proveedores de servicios de confianza que nos ayudan a llevar a cabo nuestras actividades comerciales, como procesadores de pagos y servicios de entrega.<\/li>\n\n\n\n<li><strong>Obligaciones legales<\/strong>si as\u00ed lo exigen las leyes o reglamentos, o para cumplir una orden judicial.<\/li>\n\n\n\n<li><strong>Protecci\u00f3n de los derechos<\/strong>para proteger nuestros derechos, privacidad, seguridad o propiedad.<\/li>\n<\/ul>\n\n\n\n<h4 class=\"wp-block-heading\" id=\"4-beveiliging-van-persoonsgegevens\">4. Seguridad de los datos personales<\/h4>\n\n\n\n<p>Tomamos las medidas t\u00e9cnicas y organizativas adecuadas para proteger sus datos personales contra p\u00e9rdida, robo y acceso no autorizado, alteraci\u00f3n o destrucci\u00f3n. Nuestro sitio web utiliza cifrado SSL para garantizar la seguridad de sus datos durante la transmisi\u00f3n.<\/p>\n\n\n\n<h4 class=\"wp-block-heading\" id=\"5-bewaring-van-persoonsgegevens\">5. Conservaci\u00f3n de datos personales<\/h4>\n\n\n\n<p>No conservaremos sus datos personales durante m\u00e1s tiempo del necesario para los fines para los que fueron recogidos, o seg\u00fan lo exijan las leyes y normativas aplicables.<\/p>\n\n\n\n<h4 class=\"wp-block-heading\" id=\"6-uw-rechten\">6. Sus derechos<\/h4>\n\n\n\n<p>Usted tiene ciertos derechos en relaci\u00f3n con sus datos personales, entre ellos<\/p>\n\n\n\n<ul class=\"wp-block-list\">\n<li><strong>Derecho de inspecci\u00f3n<\/strong>puede pedirnos una copia de los datos personales que tenemos sobre usted.<\/li>\n\n\n\n<li><strong>Derecho de rectificaci\u00f3n<\/strong>puede pedirnos que corrijamos los datos personales incorrectos o incompletos.<\/li>\n\n\n\n<li><strong>Derecho de expulsi\u00f3n<\/strong>puede solicitarnos que suprimamos sus datos personales, siempre que ello no infrinja obligaciones legales.<\/li>\n\n\n\n<li><strong>Derecho a la limitaci\u00f3n del tratamiento<\/strong>puede pedirnos que limitemos el tratamiento de sus datos personales.<\/li>\n\n\n\n<li><strong>Derecho de transmisibilidad<\/strong>puede solicitarnos que transfiramos sus datos personales a otra organizaci\u00f3n.<\/li>\n\n\n\n<li><strong>Derecho de oposici\u00f3n<\/strong>puede oponerse al tratamiento de sus datos personales para determinados fines, como la mercadotecnia directa.<\/li>\n<\/ul>\n\n\n\n<p>Para ejercer estos derechos, p\u00f3ngase en contacto con nosotros utilizando los datos que figuran a continuaci\u00f3n.<\/p>\n\n\n\n<h4 class=\"wp-block-heading\" id=\"7-cookies\">7. Cookies<\/h4>\n\n\n\n<p>Nuestro sitio web utiliza cookies y tecnolog\u00edas similares para mejorar su uso. Las cookies son peque\u00f1os archivos de texto que se colocan en su dispositivo para recopilar informaci\u00f3n sobre su comportamiento de navegaci\u00f3n. Puede ajustar la configuraci\u00f3n de su navegador para rechazar o eliminar las cookies, pero esto puede afectar a la funcionalidad de nuestro sitio web.<\/p>\n\n\n\n<h4 class=\"wp-block-heading\" id=\"8-wijzigingen-in-ons-privacybeleid\">8. Cambios en nuestra pol\u00edtica de privacidad<\/h4>\n\n\n\n<p>Podemos cambiar esta pol\u00edtica de privacidad de vez en cuando para cumplir con los requisitos legales o para reflejar los cambios en nuestras pr\u00e1cticas comerciales. Le recomendamos que revise peri\u00f3dicamente esta pol\u00edtica de privacidad para obtener la informaci\u00f3n m\u00e1s reciente sobre nuestras pr\u00e1cticas de privacidad.<\/p>\n\n\n\n<h4 class=\"wp-block-heading\" id=\"9-contact\">9. Contacto<\/h4>\n\n\n\n<p>Si tiene alguna pregunta o comentario sobre esta pol\u00edtica de privacidad o desea ejercer sus derechos, p\u00f3ngase en contacto con nosotros en info@medirelaxa.com.<\/p>\n\n\n\n<p><\/p>","protected":false},"excerpt":{"rendered":"<p>Privacybeleid voor MediRelaxa Bij Medirelaxa.com hechten we veel waarde aan de bescherming van uw persoonlijke gegevens. Dit privacybeleid beschrijft hoe we informatie verzamelen, gebruiken en beschermen wanneer u onze website bezoekt en producten bij ons koopt. Door gebruik te maken van onze website stemt u in met de voorwaarden van dit privacybeleid. 1. Verzameling van [&hellip;]<\/p>\n","protected":false},"author":1,"featured_media":0,"parent":0,"menu_order":0,"comment_status":"closed","ping_status":"open","template":"","meta":{"_gspb_post_css":"","footnotes":""},"class_list":["post-3","page","type-page","status-publish","hentry"],"blocksy_meta":[],"yoast_head":"<!-- This site is optimized with the Yoast SEO plugin v27.0 - https:\/\/yoast.com\/product\/yoast-seo-wordpress\/ -->\n<title>Privacy Policy - MediRelaxa<\/title>\n<meta name=\"description\" content=\"Privacybeleid voor MediRelaxa Bij Medirelaxa.com hechten we veel waarde aan de bescherming van uw persoonlijke gegevens. Dit privacybeleid beschrijft hoe\" \/>\n<meta name=\"robots\" content=\"index, follow, max-snippet:-1, max-image-preview:large, max-video-preview:-1\" \/>\n<link rel=\"canonical\" href=\"https:\/\/test.medirelaxa.com\/es\/politica-de-privacidad\/\" \/>\n<meta property=\"og:locale\" content=\"es_ES\" \/>\n<meta property=\"og:type\" content=\"article\" \/>\n<meta property=\"og:title\" content=\"Privacy Policy - MediRelaxa\" \/>\n<meta property=\"og:description\" content=\"Privacybeleid voor MediRelaxa Bij Medirelaxa.com hechten we veel waarde aan de bescherming van uw persoonlijke gegevens. Dit privacybeleid beschrijft hoe\" \/>\n<meta property=\"og:url\" content=\"https:\/\/test.medirelaxa.com\/es\/politica-de-privacidad\/\" \/>\n<meta property=\"og:site_name\" content=\"MediRelaxa\" \/>\n<meta property=\"article:publisher\" content=\"https:\/\/www.facebook.com\/people\/MediRelaxa\/61563934692183\/\" \/>\n<meta property=\"article:modified_time\" content=\"2026-02-16T23:15:14+00:00\" \/>\n<meta property=\"og:image\" content=\"https:\/\/test.medirelaxa.com\/wp-content\/uploads\/2026\/02\/Logo-MediRelaxa-massage-chairs.webp\" \/>\n\t<meta property=\"og:image:width\" content=\"1600\" \/>\n\t<meta property=\"og:image:height\" content=\"381\" \/>\n\t<meta property=\"og:image:type\" content=\"image\/webp\" \/>\n<meta name=\"twitter:card\" content=\"summary_large_image\" \/>\n<meta name=\"twitter:label1\" content=\"Tiempo de lectura\" \/>\n\t<meta name=\"twitter:data1\" content=\"3 minutos\" \/>\n<script type=\"application\/ld+json\" class=\"yoast-schema-graph\">{\"@context\":\"https:\/\/schema.org\",\"@graph\":[{\"@type\":\"WebPage\",\"@id\":\"https:\/\/test.medirelaxa.com\/privacy-policy\/\",\"url\":\"https:\/\/test.medirelaxa.com\/privacy-policy\/\",\"name\":\"Privacy Policy - MediRelaxa\",\"isPartOf\":{\"@id\":\"https:\/\/test.medirelaxa.com\/#website\"},\"datePublished\":\"2026-02-09T17:01:06+00:00\",\"dateModified\":\"2026-02-16T23:15:14+00:00\",\"description\":\"Privacybeleid voor MediRelaxa Bij Medirelaxa.com hechten we veel waarde aan de bescherming van uw persoonlijke gegevens. Dit privacybeleid beschrijft hoe\",\"inLanguage\":\"es\",\"potentialAction\":[{\"@type\":\"ReadAction\",\"target\":[\"https:\/\/test.medirelaxa.com\/privacy-policy\/\"]}]},{\"@type\":\"WebSite\",\"@id\":\"https:\/\/test.medirelaxa.com\/#website\",\"url\":\"https:\/\/test.medirelaxa.com\/\",\"name\":\"MediRelaxa\",\"description\":\"Head Spa &amp; Massagestoelen\",\"publisher\":{\"@id\":\"https:\/\/test.medirelaxa.com\/#organization\"},\"alternateName\":\"Ontspanning op elk moment: Beleef ultieme rust met onze massagestoelen.\",\"potentialAction\":[{\"@type\":\"SearchAction\",\"target\":{\"@type\":\"EntryPoint\",\"urlTemplate\":\"https:\/\/test.medirelaxa.com\/?s={search_term_string}\"},\"query-input\":{\"@type\":\"PropertyValueSpecification\",\"valueRequired\":true,\"valueName\":\"search_term_string\"}}],\"inLanguage\":\"es\"},{\"@type\":\"Organization\",\"@id\":\"https:\/\/test.medirelaxa.com\/#organization\",\"name\":\"MediRelaxa\",\"url\":\"https:\/\/test.medirelaxa.com\/\",\"logo\":{\"@type\":\"ImageObject\",\"inLanguage\":\"es\",\"@id\":\"https:\/\/test.medirelaxa.com\/#\/schema\/logo\/image\/\",\"url\":\"https:\/\/test.medirelaxa.com\/wp-content\/uploads\/2026\/02\/Logo-MediRelaxa-massage-chairs.webp\",\"contentUrl\":\"https:\/\/test.medirelaxa.com\/wp-content\/uploads\/2026\/02\/Logo-MediRelaxa-massage-chairs.webp\",\"width\":1600,\"height\":381,\"caption\":\"MediRelaxa\"},\"image\":{\"@id\":\"https:\/\/test.medirelaxa.com\/#\/schema\/logo\/image\/\"},\"sameAs\":[\"https:\/\/www.facebook.com\/people\/MediRelaxa\/61563934692183\/\",\"https:\/\/www.youtube.com\/@MediRelaxa\",\"https:\/\/www.instagram.com\/medirelaxa_com\/\"]}]}<\/script>\n<!-- \/ Yoast SEO plugin. -->","yoast_head_json":{"title":"Privacy Policy - MediRelaxa","description":"Privacybeleid voor MediRelaxa Bij Medirelaxa.com hechten we veel waarde aan de bescherming van uw persoonlijke gegevens. Dit privacybeleid beschrijft hoe","robots":{"index":"index","follow":"follow","max-snippet":"max-snippet:-1","max-image-preview":"max-image-preview:large","max-video-preview":"max-video-preview:-1"},"canonical":"https:\/\/test.medirelaxa.com\/es\/politica-de-privacidad\/","og_locale":"es_ES","og_type":"article","og_title":"Privacy Policy - MediRelaxa","og_description":"Privacybeleid voor MediRelaxa Bij Medirelaxa.com hechten we veel waarde aan de bescherming van uw persoonlijke gegevens. Dit privacybeleid beschrijft hoe","og_url":"https:\/\/test.medirelaxa.com\/es\/politica-de-privacidad\/","og_site_name":"MediRelaxa","article_publisher":"https:\/\/www.facebook.com\/people\/MediRelaxa\/61563934692183\/","article_modified_time":"2026-02-16T23:15:14+00:00","og_image":[{"width":1600,"height":381,"url":"https:\/\/test.medirelaxa.com\/wp-content\/uploads\/2026\/02\/Logo-MediRelaxa-massage-chairs.webp","type":"image\/webp"}],"twitter_card":"summary_large_image","twitter_misc":{"Tiempo de lectura":"3 minutos"},"schema":{"@context":"https:\/\/schema.org","@graph":[{"@type":"WebPage","@id":"https:\/\/test.medirelaxa.com\/privacy-policy\/","url":"https:\/\/test.medirelaxa.com\/privacy-policy\/","name":"Privacy Policy - MediRelaxa","isPartOf":{"@id":"https:\/\/test.medirelaxa.com\/#website"},"datePublished":"2026-02-09T17:01:06+00:00","dateModified":"2026-02-16T23:15:14+00:00","description":"Privacybeleid voor MediRelaxa Bij Medirelaxa.com hechten we veel waarde aan de bescherming van uw persoonlijke gegevens. Dit privacybeleid beschrijft hoe","inLanguage":"es","potentialAction":[{"@type":"ReadAction","target":["https:\/\/test.medirelaxa.com\/privacy-policy\/"]}]},{"@type":"WebSite","@id":"https:\/\/test.medirelaxa.com\/#website","url":"https:\/\/test.medirelaxa.com\/","name":"MediRelaxa","description":"Head Spa &amp; Massagestoelen","publisher":{"@id":"https:\/\/test.medirelaxa.com\/#organization"},"alternateName":"Ontspanning op elk moment: Beleef ultieme rust met onze massagestoelen.","potentialAction":[{"@type":"SearchAction","target":{"@type":"EntryPoint","urlTemplate":"https:\/\/test.medirelaxa.com\/?s={search_term_string}"},"query-input":{"@type":"PropertyValueSpecification","valueRequired":true,"valueName":"search_term_string"}}],"inLanguage":"es"},{"@type":"Organization","@id":"https:\/\/test.medirelaxa.com\/#organization","name":"MediRelaxa","url":"https:\/\/test.medirelaxa.com\/","logo":{"@type":"ImageObject","inLanguage":"es","@id":"https:\/\/test.medirelaxa.com\/#\/schema\/logo\/image\/","url":"https:\/\/test.medirelaxa.com\/wp-content\/uploads\/2026\/02\/Logo-MediRelaxa-massage-chairs.webp","contentUrl":"https:\/\/test.medirelaxa.com\/wp-content\/uploads\/2026\/02\/Logo-MediRelaxa-massage-chairs.webp","width":1600,"height":381,"caption":"MediRelaxa"},"image":{"@id":"https:\/\/test.medirelaxa.com\/#\/schema\/logo\/image\/"},"sameAs":["https:\/\/www.facebook.com\/people\/MediRelaxa\/61563934692183\/","https:\/\/www.youtube.com\/@MediRelaxa","https:\/\/www.instagram.com\/medirelaxa_com\/"]}]}},"_links":{"self":[{"href":"https:\/\/test.medirelaxa.com\/es\/wp-json\/wp\/v2\/pages\/3","targetHints":{"allow":["GET"]}}],"collection":[{"href":"https:\/\/test.medirelaxa.com\/es\/wp-json\/wp\/v2\/pages"}],"about":[{"href":"https:\/\/test.medirelaxa.com\/es\/wp-json\/wp\/v2\/types\/page"}],"author":[{"embeddable":true,"href":"https:\/\/test.medirelaxa.com\/es\/wp-json\/wp\/v2\/users\/1"}],"replies":[{"embeddable":true,"href":"https:\/\/test.medirelaxa.com\/es\/wp-json\/wp\/v2\/comments?post=3"}],"version-history":[{"count":0,"href":"https:\/\/test.medirelaxa.com\/es\/wp-json\/wp\/v2\/pages\/3\/revisions"}],"wp:attachment":[{"href":"https:\/\/test.medirelaxa.com\/es\/wp-json\/wp\/v2\/media?parent=3"}],"curies":[{"name":"wp","href":"https:\/\/api.w.org\/{rel}","templated":true}]}}