{"id":12198,"date":"2026-02-16T23:21:32","date_gmt":"2026-02-16T23:21:32","guid":{"rendered":"https:\/\/test.medirelaxa.com\/?page_id=12198"},"modified":"2026-03-02T12:08:33","modified_gmt":"2026-03-02T12:08:33","slug":"garantia-de-envio","status":"publish","type":"page","link":"https:\/\/test.medirelaxa.com\/es\/verzending-garantie\/","title":{"rendered":"Verzending &amp; Garantie"},"content":{"rendered":"<h2 class=\"wp-block-heading\" id=\"headspa\">Headspa\u200b<\/h2>\n\n\n\n<p>Los sof\u00e1s Headspa se env\u00edan a toda Europa (fuera de Europa a petici\u00f3n). Tambi\u00e9n es posible recoger el headspa usted mismo en la sala de exposiciones.&nbsp;<\/p>\n\n\n\n<p>Colaboramos con servicios de mensajer\u00eda como DHL. De este modo, siempre nos pondremos en contacto con usted cuando le entreguemos el headspa. La entrega urgente tambi\u00e9n es posible en B\u00e9lgica y los Pa\u00edses Bajos.<\/p>\n\n\n\n<p><strong>Cabezal m\u00f3vil (paleta peque\u00f1a - 80 cm)<\/strong><\/p>\n\n\n\n<ul class=\"wp-block-list\">\n<li><strong>Europa<\/strong>: 3-7 d\u00edas; 99 euros<\/li>\n\n\n\n<li><strong>Suiza<\/strong>: 7-10 dagen; \u20ac249<\/li>\n\n\n\n<li><strong>Wereldwijd<\/strong>: op aanvraag<\/li>\n<\/ul>\n\n\n\n<p><strong>Cama Headspa (paleta doble - 2m)<\/strong><\/p>\n\n\n\n<ul class=\"wp-block-list\">\n<li><strong>Belgi\u00eb, Nederland, Luxemburg:<\/strong> 3-5 d\u00edas; 199 euros (entrega &lt;24h a petici\u00f3n)<\/li>\n\n\n\n<li><strong>Francia, Alemania:<\/strong> 4-7 dagen; \u20ac399<\/li>\n\n\n\n<li><strong>Resto de Europa:<\/strong> 4-8 d\u00edas; 499 euros<\/li>\n\n\n\n<li><strong>Suiza<\/strong>: 7-10 dagen; \u20ac499<\/li>\n\n\n\n<li><strong>Wereldwijd<\/strong>: op aanvraag<\/li>\n<\/ul>\n\n\n\n<h2 class=\"wp-block-heading\" id=\"massagestoelen\">Sillones de masaje<\/h2>\n\n\n\n<p>Na de bestelbevestiging zullen we contact met u opnemen om een vast leveringsmoment in te plannen.\u00a0Indien de massagestoel op voorraad is, dan kunnen we binnen 1-2 weken een levermoment inplannen. De levering zal altijd persoonlijk gebeuren, waarbij we u helpen de stoel monteren en instructies zullen geven voor gebruik.<\/p>\n\n\n\n<h2 class=\"wp-block-heading\" id=\"garantie-headspa\">Garantie Headspa\u200b<\/h2>\n\n\n\n<p>Op alle Headspa modellen van MediRelaxa bieden wij een uitgebreide B2C garantie van 1 jaar aan. Deze garantie dekt fabricagefouten en defecten die optreden bij normaal gebruik. Wij staan achter de kwaliteit en duurzaamheid van onze producten, en deze garantie biedt u de zekerheid en het vertrouwen dat u een waardevolle investering doet voor uw bedrijf of persoonlijke ontspanning. Mocht er binnen deze periode onverhoopt een probleem optreden, dan zorgen wij voor een passende oplossing. Bovendien beschikken wij over een assortiment aan wisselstukken, zodat we eventuele reparaties snel en effici\u00ebnt kunnen uitvoeren en de levensduur van uw Headspa kunnen waarborgen.<\/p>\n\n\n\n<h2 class=\"wp-block-heading\" id=\"garantie-massagestoelen\">Garant\u00eda Sillones de masaje<\/h2>\n\n\n\n<p>Como cliente particular, tiene derecho a una garant\u00eda de 24 meses. Para las compras de empresas, esta garant\u00eda est\u00e1 limitada por ley a 12 meses.&nbsp;<\/p>\n\n\n\n<p>MediRelaxa biedt op bepaalde producten een verlenging van de garantie tot 5 jaar.<br>Consulte las condiciones de garant\u00eda completas de todos nuestros productos en las condiciones generales.<\/p>","protected":false},"excerpt":{"rendered":"<p>Headspa\u200b De Headspa banken worden in heel Europa verzonden (buiten Europa op aanvraag). Ook is het mogelijk de headspa zelf op te halen bij de showroom.&nbsp; We werken samen met koerierdiensten zoals DHL. U zal dan altijd gecontacteerd worden wanneer de headspa geleverd wordt. Ook is in Belgi\u00eb en Nederland een express levering mogelijk. Mobiele [&hellip;]<\/p>\n","protected":false},"author":1,"featured_media":0,"parent":0,"menu_order":0,"comment_status":"closed","ping_status":"closed","template":"","meta":{"_gspb_post_css":"","footnotes":""},"class_list":["post-12198","page","type-page","status-publish","hentry"],"blocksy_meta":[],"yoast_head":"<!-- This site is optimized with the Yoast SEO plugin v27.4 - https:\/\/yoast.com\/product\/yoast-seo-wordpress\/ -->\n<title>Verzending &amp; Garantie - MediRelaxa<\/title>\n<meta name=\"description\" content=\"Headspa\u200b De Headspa banken worden in heel Europa verzonden (buiten Europa op aanvraag). Ook is het mogelijk de headspa zelf op te halen bij de\" \/>\n<meta name=\"robots\" content=\"index, follow, max-snippet:-1, max-image-preview:large, max-video-preview:-1\" \/>\n<link rel=\"canonical\" href=\"https:\/\/test.medirelaxa.com\/es\/garantia-de-envio\/\" \/>\n<meta property=\"og:locale\" content=\"es_ES\" \/>\n<meta property=\"og:type\" content=\"article\" \/>\n<meta property=\"og:title\" content=\"Verzending &amp; Garantie - MediRelaxa\" \/>\n<meta property=\"og:description\" content=\"Headspa\u200b De Headspa banken worden in heel Europa verzonden (buiten Europa op aanvraag). Ook is het mogelijk de headspa zelf op te halen bij de\" \/>\n<meta property=\"og:url\" content=\"https:\/\/test.medirelaxa.com\/es\/garantia-de-envio\/\" \/>\n<meta property=\"og:site_name\" content=\"MediRelaxa\" \/>\n<meta property=\"article:publisher\" content=\"https:\/\/www.facebook.com\/people\/MediRelaxa\/61563934692183\/\" \/>\n<meta property=\"article:modified_time\" content=\"2026-03-02T12:08:33+00:00\" \/>\n<meta property=\"og:image\" content=\"https:\/\/test.medirelaxa.com\/wp-content\/uploads\/2026\/02\/Logo-MediRelaxa-massage-chairs.webp\" \/>\n\t<meta property=\"og:image:width\" content=\"1600\" \/>\n\t<meta property=\"og:image:height\" content=\"381\" \/>\n\t<meta property=\"og:image:type\" content=\"image\/webp\" \/>\n<meta name=\"twitter:card\" content=\"summary_large_image\" \/>\n<meta name=\"twitter:label1\" content=\"Tiempo de lectura\" \/>\n\t<meta name=\"twitter:data1\" content=\"2 minutos\" \/>\n<script type=\"application\/ld+json\" class=\"yoast-schema-graph\">{\"@context\":\"https:\\\/\\\/schema.org\",\"@graph\":[{\"@type\":\"WebPage\",\"@id\":\"https:\\\/\\\/test.medirelaxa.com\\\/verzending-garantie\\\/\",\"url\":\"https:\\\/\\\/test.medirelaxa.com\\\/verzending-garantie\\\/\",\"name\":\"Verzending &amp; Garantie - MediRelaxa\",\"isPartOf\":{\"@id\":\"https:\\\/\\\/test.medirelaxa.com\\\/#website\"},\"datePublished\":\"2026-02-16T23:21:32+00:00\",\"dateModified\":\"2026-03-02T12:08:33+00:00\",\"description\":\"Headspa\u200b De Headspa banken worden in heel Europa verzonden (buiten Europa op aanvraag). Ook is het mogelijk de headspa zelf op te halen bij de\",\"inLanguage\":\"es\",\"potentialAction\":[{\"@type\":\"ReadAction\",\"target\":[\"https:\\\/\\\/test.medirelaxa.com\\\/verzending-garantie\\\/\"]}]},{\"@type\":\"WebSite\",\"@id\":\"https:\\\/\\\/test.medirelaxa.com\\\/#website\",\"url\":\"https:\\\/\\\/test.medirelaxa.com\\\/\",\"name\":\"MediRelaxa\",\"description\":\"Head Spa &amp; Massagestoelen\",\"publisher\":{\"@id\":\"https:\\\/\\\/test.medirelaxa.com\\\/#organization\"},\"alternateName\":\"Ontspanning op elk moment: Beleef ultieme rust met onze massagestoelen.\",\"potentialAction\":[{\"@type\":\"SearchAction\",\"target\":{\"@type\":\"EntryPoint\",\"urlTemplate\":\"https:\\\/\\\/test.medirelaxa.com\\\/?s={search_term_string}\"},\"query-input\":{\"@type\":\"PropertyValueSpecification\",\"valueRequired\":true,\"valueName\":\"search_term_string\"}}],\"inLanguage\":\"es\"},{\"@type\":\"Organization\",\"@id\":\"https:\\\/\\\/test.medirelaxa.com\\\/#organization\",\"name\":\"MediRelaxa\",\"url\":\"https:\\\/\\\/test.medirelaxa.com\\\/\",\"logo\":{\"@type\":\"ImageObject\",\"inLanguage\":\"es\",\"@id\":\"https:\\\/\\\/test.medirelaxa.com\\\/#\\\/schema\\\/logo\\\/image\\\/\",\"url\":\"https:\\\/\\\/test.medirelaxa.com\\\/wp-content\\\/uploads\\\/2026\\\/02\\\/Logo-MediRelaxa-massage-chairs.webp\",\"contentUrl\":\"https:\\\/\\\/test.medirelaxa.com\\\/wp-content\\\/uploads\\\/2026\\\/02\\\/Logo-MediRelaxa-massage-chairs.webp\",\"width\":1600,\"height\":381,\"caption\":\"MediRelaxa\"},\"image\":{\"@id\":\"https:\\\/\\\/test.medirelaxa.com\\\/#\\\/schema\\\/logo\\\/image\\\/\"},\"sameAs\":[\"https:\\\/\\\/www.facebook.com\\\/people\\\/MediRelaxa\\\/61563934692183\\\/\",\"https:\\\/\\\/www.youtube.com\\\/@MediRelaxa\",\"https:\\\/\\\/www.instagram.com\\\/medirelaxa_com\\\/\"]}]}<\/script>\n<!-- \/ Yoast SEO plugin. -->","yoast_head_json":{"title":"Verzending &amp; Garantie - MediRelaxa","description":"Headspa\u200b De Headspa banken worden in heel Europa verzonden (buiten Europa op aanvraag). Ook is het mogelijk de headspa zelf op te halen bij de","robots":{"index":"index","follow":"follow","max-snippet":"max-snippet:-1","max-image-preview":"max-image-preview:large","max-video-preview":"max-video-preview:-1"},"canonical":"https:\/\/test.medirelaxa.com\/es\/garantia-de-envio\/","og_locale":"es_ES","og_type":"article","og_title":"Verzending &amp; Garantie - MediRelaxa","og_description":"Headspa\u200b De Headspa banken worden in heel Europa verzonden (buiten Europa op aanvraag). Ook is het mogelijk de headspa zelf op te halen bij de","og_url":"https:\/\/test.medirelaxa.com\/es\/garantia-de-envio\/","og_site_name":"MediRelaxa","article_publisher":"https:\/\/www.facebook.com\/people\/MediRelaxa\/61563934692183\/","article_modified_time":"2026-03-02T12:08:33+00:00","og_image":[{"width":1600,"height":381,"url":"https:\/\/test.medirelaxa.com\/wp-content\/uploads\/2026\/02\/Logo-MediRelaxa-massage-chairs.webp","type":"image\/webp"}],"twitter_card":"summary_large_image","twitter_misc":{"Tiempo de lectura":"2 minutos"},"schema":{"@context":"https:\/\/schema.org","@graph":[{"@type":"WebPage","@id":"https:\/\/test.medirelaxa.com\/verzending-garantie\/","url":"https:\/\/test.medirelaxa.com\/verzending-garantie\/","name":"Verzending &amp; Garantie - MediRelaxa","isPartOf":{"@id":"https:\/\/test.medirelaxa.com\/#website"},"datePublished":"2026-02-16T23:21:32+00:00","dateModified":"2026-03-02T12:08:33+00:00","description":"Headspa\u200b De Headspa banken worden in heel Europa verzonden (buiten Europa op aanvraag). Ook is het mogelijk de headspa zelf op te halen bij de","inLanguage":"es","potentialAction":[{"@type":"ReadAction","target":["https:\/\/test.medirelaxa.com\/verzending-garantie\/"]}]},{"@type":"WebSite","@id":"https:\/\/test.medirelaxa.com\/#website","url":"https:\/\/test.medirelaxa.com\/","name":"MediRelaxa","description":"Head Spa &amp; Massagestoelen","publisher":{"@id":"https:\/\/test.medirelaxa.com\/#organization"},"alternateName":"Ontspanning op elk moment: Beleef ultieme rust met onze massagestoelen.","potentialAction":[{"@type":"SearchAction","target":{"@type":"EntryPoint","urlTemplate":"https:\/\/test.medirelaxa.com\/?s={search_term_string}"},"query-input":{"@type":"PropertyValueSpecification","valueRequired":true,"valueName":"search_term_string"}}],"inLanguage":"es"},{"@type":"Organization","@id":"https:\/\/test.medirelaxa.com\/#organization","name":"MediRelaxa","url":"https:\/\/test.medirelaxa.com\/","logo":{"@type":"ImageObject","inLanguage":"es","@id":"https:\/\/test.medirelaxa.com\/#\/schema\/logo\/image\/","url":"https:\/\/test.medirelaxa.com\/wp-content\/uploads\/2026\/02\/Logo-MediRelaxa-massage-chairs.webp","contentUrl":"https:\/\/test.medirelaxa.com\/wp-content\/uploads\/2026\/02\/Logo-MediRelaxa-massage-chairs.webp","width":1600,"height":381,"caption":"MediRelaxa"},"image":{"@id":"https:\/\/test.medirelaxa.com\/#\/schema\/logo\/image\/"},"sameAs":["https:\/\/www.facebook.com\/people\/MediRelaxa\/61563934692183\/","https:\/\/www.youtube.com\/@MediRelaxa","https:\/\/www.instagram.com\/medirelaxa_com\/"]}]}},"_links":{"self":[{"href":"https:\/\/test.medirelaxa.com\/es\/wp-json\/wp\/v2\/pages\/12198","targetHints":{"allow":["GET"]}}],"collection":[{"href":"https:\/\/test.medirelaxa.com\/es\/wp-json\/wp\/v2\/pages"}],"about":[{"href":"https:\/\/test.medirelaxa.com\/es\/wp-json\/wp\/v2\/types\/page"}],"author":[{"embeddable":true,"href":"https:\/\/test.medirelaxa.com\/es\/wp-json\/wp\/v2\/users\/1"}],"replies":[{"embeddable":true,"href":"https:\/\/test.medirelaxa.com\/es\/wp-json\/wp\/v2\/comments?post=12198"}],"version-history":[{"count":1,"href":"https:\/\/test.medirelaxa.com\/es\/wp-json\/wp\/v2\/pages\/12198\/revisions"}],"predecessor-version":[{"id":12727,"href":"https:\/\/test.medirelaxa.com\/es\/wp-json\/wp\/v2\/pages\/12198\/revisions\/12727"}],"wp:attachment":[{"href":"https:\/\/test.medirelaxa.com\/es\/wp-json\/wp\/v2\/media?parent=12198"}],"curies":[{"name":"wp","href":"https:\/\/api.w.org\/{rel}","templated":true}]}}