{"id":12193,"date":"2026-02-16T23:12:22","date_gmt":"2026-02-16T23:12:22","guid":{"rendered":"https:\/\/test.medirelaxa.com\/?page_id=12193"},"modified":"2026-03-02T12:46:45","modified_gmt":"2026-03-02T12:46:45","slug":"formacion-headspa","status":"publish","type":"page","link":"https:\/\/test.medirelaxa.com\/es\/headspa-opleiding\/","title":{"rendered":"Formaci\u00f3n Headspa"},"content":{"rendered":"<div class=\"wp-block-greenshift-blocks-row gspb_row gspb_row-id-gsbp-05124b2\" id=\"gspb_row-id-gsbp-05124b2\"><div class=\"gspb_row__content\"> \n<div class=\"wp-block-greenshift-blocks-row-column gspb_row__col--6 gspb_col-id-gsbp-7c832de\" id=\"gspb_col-id-gsbp-7c832de\">\n<figure class=\"wp-block-image size-large\"><img decoding=\"async\" src=\"https:\/\/belliza.be\/wp-content\/uploads\/2026\/02\/headspa-opleiding-1024x1024.jpg\" alt=\"\" class=\"wp-image-88743\"\/><\/figure>\n<\/div>\n\n\n\n<div class=\"wp-block-greenshift-blocks-row-column gspb_row__col--6 gspb_col-id-gsbp-ff40d78\" id=\"gspb_col-id-gsbp-ff40d78\">\n<h2 id=\"gspb_heading-id-gsbp-299db1a\" class=\"gspb_heading gspb_heading-id-gsbp-299db1a\">Head Spa Opleiding &amp; Scalp Expert Cursus<\/h2>\n\n\n\n<p><strong>Tipo de curso:<\/strong>&nbsp;1-op-1 begeleiding of duo; theorie + praktijk (oefenen op modellen)<\/p>\n\n\n\n<p><strong>Cuando:<\/strong>&nbsp;Volgens beschikbaarheid<\/p>\n\n\n\n<p><strong>Reserva:<\/strong>&nbsp;Op afspraak<\/p>\n\n\n\n<p><strong>Duraci\u00f3n de la formaci\u00f3n:<\/strong>&nbsp;2 dagen van 6 uur (moet niet opeenvolgend)<\/p>\n\n\n\n<p><strong>Precio:<\/strong>&nbsp;750 euros sin IVA<\/p>\n\n\n\n<p><strong>Ubicaci\u00f3n:<\/strong>&nbsp;Grotesteenweg 81c, 2440 Geel<\/p>\n\n\n\n<div class=\"wp-block-buttons is-layout-flex wp-block-buttons-is-layout-flex\">\n<div class=\"wp-block-button has-custom-width wp-block-button__width-50\"><a class=\"wp-block-button__link has-palette-color-4-background-color has-background has-medium-font-size has-custom-font-size wp-element-button\" href=\"tel:003214542453\">+32 14 54 24 53<\/a><\/div>\n\n\n\n<div class=\"wp-block-button has-custom-width wp-block-button__width-50\"><a class=\"wp-block-button__link has-palette-color-4-background-color has-background has-medium-font-size has-custom-font-size wp-element-button\" href=\"mailto:karina@belliza.be\">karina@belliza.be<\/a><\/div>\n<\/div>\n<\/div>\n <\/div><\/div>\n\n\n\n<div class=\"wp-block-greenshift-blocks-row gspb_row gspb_row-id-gsbp-c46321e\" id=\"gspb_row-id-gsbp-c46321e\"><div class=\"gspb_row__content\"> \n<div class=\"wp-block-greenshift-blocks-row-column gspb_row__col--6 gspb_col-id-gsbp-90d7d78\" id=\"gspb_col-id-gsbp-90d7d78\">\n<h2 id=\"gspb_heading-id-gsbp-8fe1b1d\" class=\"gspb_heading gspb_heading-id-gsbp-8fe1b1d\">Een Opleiding Geboren uit Passie<\/h2>\n\n\n\n<p>Wij zijn Karina en Zoe, moeder en dochter, en al 33 jaar het kloppende hart van ons schoonheidsinstituut.\u00a0Onze passie voor kwaliteit, innovatie en pure ontspanning hebben we vertaald naar deze unieke opleiding.<\/p>\n\n\n\n<p>De Japanese Head Spa is meer dan een techniek; het is een filosofie.&nbsp;Het is een verfijnde behandeling die traditionele methodes combineert met moderne wellness, volledig gericht op hoofdhuidgezondheid en diepe relaxatie.&nbsp;In deze cursus delen we niet alleen onze expertise, maar ook de liefde en aandacht die deze kunstvorm verdient.<\/p>\n<\/div>\n\n\n\n<div class=\"wp-block-greenshift-blocks-row-column gspb_row__col--6 gspb_col-id-gsbp-34cfeed\" id=\"gspb_col-id-gsbp-34cfeed\">\n<figure class=\"wp-block-image size-full\"><img decoding=\"async\" src=\"https:\/\/belliza.be\/wp-content\/uploads\/2026\/02\/headspa-opleiding-certificaat.jpg\" alt=\"\" class=\"wp-image-88744\"\/><\/figure>\n<\/div>\n <\/div><\/div>\n\n\n\n<div class=\"wp-block-greenshift-blocks-row gspb_row gspb_row-id-gsbp-636c804\" id=\"gspb_row-id-gsbp-636c804\"><div class=\"gspb_row__content\"> \n<div class=\"wp-block-greenshift-blocks-row-column gspb_row__col--6 gspb_col-id-gsbp-420f216\" id=\"gspb_col-id-gsbp-420f216\">\n<figure class=\"wp-block-image size-full\"><img decoding=\"async\" src=\"https:\/\/belliza.be\/wp-content\/uploads\/2026\/02\/hoofdhuid-scan-headspa.jpg\" alt=\"\" class=\"wp-image-88735\"\/><\/figure>\n<\/div>\n\n\n\n<div class=\"wp-block-greenshift-blocks-row-column gspb_row__col--6 gspb_col-id-gsbp-e2139c5\" id=\"gspb_col-id-gsbp-e2139c5\">\n<h2 id=\"gspb_heading-id-gsbp-885ee91\" class=\"gspb_heading gspb_heading-id-gsbp-885ee91\">Wat Leer je?<\/h2>\n\n\n\n<p><strong>&nbsp;De Wetenschap Achter de Hoofdhuid:<\/strong>&nbsp;Krijg diepgaand inzicht in de anatomie en fysiologie van de huid en het haar, zodat je de behandeling volledig begrijpt.<\/p>\n\n\n\n<p><strong>&nbsp;Professionele Klantenconsultatie:<\/strong>&nbsp;Leer een grondige hoofd- en haarscan uitvoeren, contra-indicaties herkennen en een persoonlijk behandelplan opstellen.<\/p>\n\n\n\n<p><strong>&nbsp;De Kunst van de Massage:<\/strong>&nbsp;Master de unieke massagetechnieken die niet alleen de bloedcirculatie stimuleren maar ook zorgen voor ultieme ontspanning.<\/p>\n\n\n\n<p><strong>&nbsp;De Perfecte Routine:<\/strong>&nbsp;Ontdek de stappen van de basis- en luxeroutine, van dieptereiniging en exfoliatie tot het gebruik van stoom en voedende maskers.<\/p>\n\n\n\n<p><strong>&nbsp;Commerci\u00eble Toepassing:<\/strong>&nbsp;Krijg advies over prijsstelling, het promoten van je nieuwe dienst en de verkoop van thuiszorgproducten om je omzet te verhogen.<\/p>\n<\/div>\n <\/div><\/div>\n\n\n\n<div class=\"wp-block-greenshift-blocks-row gspb_row gspb_row-id-gsbp-a1778eb\" id=\"gspb_row-id-gsbp-a1778eb\"><div class=\"gspb_row__content\"> \n<div class=\"wp-block-greenshift-blocks-row-column gspb_row__col--6 gspb_col-id-gsbp-719bb48\" id=\"gspb_col-id-gsbp-719bb48\">\n<h2 id=\"gspb_heading-id-gsbp-cb1d5d7\" class=\"gspb_heading gspb_heading-id-gsbp-cb1d5d7\">\u00bfQu\u00e9 puede esperar?<\/h2>\n\n\n\n<p><strong>Inhoud (in een overzichtelijke \u2019timeline\u2019 of stappenplan):<\/strong><\/p>\n\n\n\n<p><strong>Certificaci\u00f3n:<\/strong>&nbsp;Una vez superada la evaluaci\u00f3n pr\u00e1ctica, recibir\u00e1 su certificado oficial.<\/p>\n\n\n\n<p><strong>Bases te\u00f3ricas:<\/strong>&nbsp;Empezamos con los conocimientos esenciales que necesita para un tratamiento seguro y eficaz.<\/p>\n\n\n\n<p><strong>Demostraci\u00f3n en directo:<\/strong>&nbsp;Nuestros instructores le mostrar\u00e1n la rutina completa del Spa de Cabeza Japon\u00e9s de la A a la Z.<\/p>\n\n\n\n<p><strong>Pr\u00e1cticas:<\/strong>&nbsp;Jij gaat zelf aan de slag!&nbsp;Je oefent de technieken op een model onder intense, persoonlijke begeleiding.<br><a href=\"https:\/\/salonkee.be\/salon\/belliza?lang=nl\" target=\"_blank\" rel=\"noreferrer noopener\"><\/a><\/p>\n<\/div>\n\n\n\n<div class=\"wp-block-greenshift-blocks-row-column gspb_row__col--6 gspb_col-id-gsbp-4dfd02d\" id=\"gspb_col-id-gsbp-4dfd02d\">\n<figure class=\"wp-block-image size-full\"><img decoding=\"async\" src=\"https:\/\/belliza.be\/wp-content\/uploads\/2026\/02\/headspa-1.jpg\" alt=\"headspa behandeling\" class=\"wp-image-88732\"\/><\/figure>\n<\/div>\n <\/div><\/div>\n\n\n\n<div class=\"wp-block-greenshift-blocks-row gspb_row gspb_row-id-gsbp-c56e71c\" id=\"gspb_row-id-gsbp-c56e71c\"><div class=\"gspb_row__content\"> \n<div class=\"wp-block-greenshift-blocks-row-column gspb_row__col--6 gspb_col-id-gsbp-55bb28e\" id=\"gspb_col-id-gsbp-55bb28e\">\n<figure class=\"wp-block-image size-full\"><img decoding=\"async\" src=\"https:\/\/belliza.be\/wp-content\/uploads\/2026\/02\/mobiele-headspa-2.jpg\" alt=\"\" class=\"wp-image-88745\"\/><\/figure>\n<\/div>\n\n\n\n<div class=\"wp-block-greenshift-blocks-row-column gspb_row__col--6 gspb_col-id-gsbp-24dd696\" id=\"gspb_col-id-gsbp-24dd696\">\n<h2 id=\"gspb_heading-id-gsbp-e45a4fe\" class=\"gspb_heading gspb_heading-id-gsbp-e45a4fe\">Inclusief in de Cursus:<\/h2>\n\n\n\n<p><strong>Uitgebreide opleidingshandleiding<\/strong><\/p>\n\n\n\n<p>Gebruik van alle professionele <strong>T-Lab producten<\/strong> y <strong>headspa tools<\/strong> tijdens de training<\/p>\n\n\n\n<p><strong>Persoonlijke begeleiding<\/strong> <\/p>\n\n\n\n<p><strong>Officieel Head  Spa Certificaat<\/strong><\/p>\n\n\n\n<p><strong>Lunch<\/strong><\/p>\n<\/div>\n <\/div><\/div>\n\n\n\n<h2 id=\"gspb_heading-id-gsbp-ab61c2b\" class=\"gspb_heading gspb_heading-id-gsbp-ab61c2b\">Boek hier uw headspa opleiding:<\/h2>\n\n\n\n<div class=\"wp-block-buttons is-layout-flex wp-block-buttons-is-layout-flex\">\n<div class=\"wp-block-button has-custom-width wp-block-button__width-50\"><a class=\"wp-block-button__link has-palette-color-4-background-color has-background has-medium-font-size has-custom-font-size wp-element-button\">+32 14 54 24 53<\/a><\/div>\n\n\n\n<div class=\"wp-block-button has-custom-width wp-block-button__width-50\"><a class=\"wp-block-button__link has-palette-color-4-background-color has-background has-medium-font-size has-custom-font-size wp-element-button\" href=\"mailto:karina@belliza.be\">karina@belliza.be<\/a><\/div>\n<\/div>","protected":false},"excerpt":{"rendered":"","protected":false},"author":1,"featured_media":0,"parent":0,"menu_order":0,"comment_status":"closed","ping_status":"closed","template":"","meta":{"_gspb_post_css":"#gspb_row-id-gsbp-05124b2{justify-content:space-between;margin-top:0;margin-bottom:0;display:flex;flex-wrap:wrap;background-color:#dbbe4800}#gspb_row-id-gsbp-05124b2>.gspb_row__content{display:flex;justify-content:space-between;margin:0 auto;width:100%;flex-wrap:wrap}.gspb_row{position:relative}div[id^=gspb_col-id]{box-sizing:border-box;position:relative;padding:var(--gs-row-column-padding, 15px min(3vw, 20px))}body.gspb-bodyfront #gspb_row-id-gsbp-05124b2>.gspb_row__content{width:var(--theme-container-width, 1200px);max-width:var(--theme-normal-container-max-width, 1200px)}@media (max-width:991.98px){#gspb_row-id-gsbp-05124b2{background-color:#dbbe4800}}@media (max-width:767.98px){#gspb_row-id-gsbp-05124b2{background-color:#dbbe4800}}@media (max-width:575.98px){#gspb_row-id-gsbp-05124b2{background-color:#dbbe4800}}#gspb_col-id-gsbp-7c832de.gspb_row__col--6{width:50%}@media (max-width:575.98px){#gspb_col-id-gsbp-7c832de.gspb_row__col--6{width:100%}}#gspb_col-id-gsbp-ff40d78.gspb_row__col--6{width:50%}@media (max-width:575.98px){#gspb_col-id-gsbp-ff40d78.gspb_row__col--6{width:100%}}#gspb_heading-id-gsbp-299db1a{font-size:clamp(25px,5vw,30px);line-height:1.5;text-align:left!important}#gspb_col-id-gsbp-ff40d78.gspb_row__col--6,#gspb_col-id-gsbp-ff40d78.gspb_row__col--6 .gsap-g-line,#gspb_heading-id-gsbp-299db1a .gsap-g-line{text-align:left!important}@media (max-width:575.98px){#gspb_heading-id-gsbp-299db1a,#gspb_heading-id-gsbp-299db1a .gsap-g-line{text-align:center!important}}#gspb_heading-id-gsbp-299db1a{margin-top:0;margin-bottom:30px}#gspb_row-id-gsbp-c46321e{justify-content:space-between;margin-top:0;margin-bottom:0;display:flex;flex-wrap:wrap;background-color:#dbbe4800}#gspb_row-id-gsbp-c46321e>.gspb_row__content{display:flex;justify-content:space-between;margin:0 auto;width:100%;flex-wrap:wrap}@media (max-width:991.98px){#gspb_row-id-gsbp-c46321e{background-color:#dbbe4800}}@media (max-width:767.98px){#gspb_row-id-gsbp-c46321e{background-color:#dbbe4800}}@media (max-width:575.98px){#gspb_row-id-gsbp-c46321e{background-color:#dbbe4800}}#gspb_col-id-gsbp-90d7d78.gspb_row__col--6{width:50%}@media (max-width:575.98px){#gspb_col-id-gsbp-90d7d78.gspb_row__col--6{width:100%;order:100}}#gspb_heading-id-gsbp-8fe1b1d{font-size:clamp(25px,5vw,30px);line-height:1.5;text-align:left!important}#gspb_col-id-gsbp-90d7d78.gspb_row__col--6,#gspb_col-id-gsbp-90d7d78.gspb_row__col--6 .gsap-g-line,#gspb_heading-id-gsbp-8fe1b1d .gsap-g-line{text-align:left!important}@media (max-width:575.98px){#gspb_heading-id-gsbp-8fe1b1d,#gspb_heading-id-gsbp-8fe1b1d .gsap-g-line{text-align:center!important}}#gspb_heading-id-gsbp-8fe1b1d{margin-top:0;margin-bottom:30px}#gspb_col-id-gsbp-34cfeed.gspb_row__col--6{width:50%}@media (max-width:575.98px){#gspb_col-id-gsbp-34cfeed.gspb_row__col--6{width:100%}}#gspb_row-id-gsbp-636c804{justify-content:space-between;margin-top:0;margin-bottom:0;display:flex;flex-wrap:wrap;background-color:#dbbe4800}#gspb_row-id-gsbp-636c804>.gspb_row__content{display:flex;justify-content:space-between;margin:0 auto;width:100%;flex-wrap:wrap}body.gspb-bodyfront #gspb_row-id-gsbp-636c804>.gspb_row__content,body.gspb-bodyfront #gspb_row-id-gsbp-c46321e>.gspb_row__content{width:var(--theme-container-width, 1200px);max-width:var(--theme-normal-container-max-width, 1200px)}@media (max-width:991.98px){#gspb_row-id-gsbp-636c804{background-color:#dbbe4800}}@media (max-width:767.98px){#gspb_row-id-gsbp-636c804{background-color:#dbbe4800}}@media (max-width:575.98px){#gspb_row-id-gsbp-636c804{background-color:#dbbe4800}}#gspb_col-id-gsbp-420f216.gspb_row__col--6{width:50%}@media (max-width:575.98px){#gspb_col-id-gsbp-420f216.gspb_row__col--6{width:100%}}#gspb_col-id-gsbp-e2139c5.gspb_row__col--6{width:50%}@media (max-width:575.98px){#gspb_col-id-gsbp-e2139c5.gspb_row__col--6{width:100%}}#gspb_heading-id-gsbp-885ee91{font-size:clamp(25px,5vw,30px);line-height:1.5;text-align:left!important}#gspb_col-id-gsbp-e2139c5.gspb_row__col--6,#gspb_col-id-gsbp-e2139c5.gspb_row__col--6 .gsap-g-line,#gspb_heading-id-gsbp-885ee91 .gsap-g-line{text-align:left!important}@media (max-width:575.98px){#gspb_heading-id-gsbp-885ee91,#gspb_heading-id-gsbp-885ee91 .gsap-g-line{text-align:center!important}}#gspb_heading-id-gsbp-885ee91{margin-top:0;margin-bottom:30px}#gspb_row-id-gsbp-a1778eb{justify-content:space-between;margin-top:0;margin-bottom:0;display:flex;flex-wrap:wrap;background-color:#dbbe4800}#gspb_row-id-gsbp-a1778eb>.gspb_row__content{display:flex;justify-content:space-between;margin:0 auto;width:100%;flex-wrap:wrap}@media (max-width:991.98px){#gspb_row-id-gsbp-a1778eb{background-color:#dbbe4800}}@media (max-width:767.98px){#gspb_row-id-gsbp-a1778eb{background-color:#dbbe4800}}@media (max-width:575.98px){#gspb_row-id-gsbp-a1778eb{background-color:#dbbe4800}}#gspb_col-id-gsbp-719bb48.gspb_row__col--6{width:50%}@media (max-width:575.98px){#gspb_col-id-gsbp-719bb48.gspb_row__col--6{width:100%;order:100}}#gspb_heading-id-gsbp-cb1d5d7{font-size:clamp(25px,5vw,30px);line-height:1.5;text-align:left!important}#gspb_col-id-gsbp-719bb48.gspb_row__col--6,#gspb_col-id-gsbp-719bb48.gspb_row__col--6 .gsap-g-line,#gspb_heading-id-gsbp-cb1d5d7 .gsap-g-line{text-align:left!important}@media (max-width:575.98px){#gspb_heading-id-gsbp-cb1d5d7,#gspb_heading-id-gsbp-cb1d5d7 .gsap-g-line{text-align:center!important}}#gspb_heading-id-gsbp-cb1d5d7{margin-top:0;margin-bottom:30px}#gspb_col-id-gsbp-4dfd02d.gspb_row__col--6{width:50%}@media (max-width:575.98px){#gspb_col-id-gsbp-4dfd02d.gspb_row__col--6{width:100%}}#gspb_row-id-gsbp-c56e71c{justify-content:space-between;margin-top:0;margin-bottom:0;display:flex;flex-wrap:wrap;background-color:#dbbe4800}#gspb_row-id-gsbp-c56e71c>.gspb_row__content{display:flex;justify-content:space-between;margin:0 auto;width:100%;flex-wrap:wrap}body.gspb-bodyfront #gspb_row-id-gsbp-a1778eb>.gspb_row__content,body.gspb-bodyfront #gspb_row-id-gsbp-c56e71c>.gspb_row__content{width:var(--theme-container-width, 1200px);max-width:var(--theme-normal-container-max-width, 1200px)}@media (max-width:991.98px){#gspb_row-id-gsbp-c56e71c{background-color:#dbbe4800}}@media (max-width:767.98px){#gspb_row-id-gsbp-c56e71c{background-color:#dbbe4800}}@media (max-width:575.98px){#gspb_row-id-gsbp-c56e71c{background-color:#dbbe4800}}#gspb_col-id-gsbp-55bb28e.gspb_row__col--6{width:50%}@media (max-width:575.98px){#gspb_col-id-gsbp-55bb28e.gspb_row__col--6{width:100%}}#gspb_col-id-gsbp-24dd696.gspb_row__col--6{width:50%}@media (max-width:575.98px){#gspb_col-id-gsbp-24dd696.gspb_row__col--6{width:100%}}#gspb_heading-id-gsbp-e45a4fe{font-size:clamp(25px,5vw,30px);line-height:1.5;text-align:left!important}#gspb_col-id-gsbp-24dd696.gspb_row__col--6,#gspb_col-id-gsbp-24dd696.gspb_row__col--6 .gsap-g-line,#gspb_heading-id-gsbp-e45a4fe .gsap-g-line{text-align:left!important}@media (max-width:575.98px){#gspb_heading-id-gsbp-e45a4fe,#gspb_heading-id-gsbp-e45a4fe .gsap-g-line{text-align:center!important}}#gspb_heading-id-gsbp-e45a4fe{margin-top:0;margin-bottom:30px}#gspb_heading-id-gsbp-ab61c2b{font-size:clamp(25px,5vw,30px);line-height:1.5;text-align:center!important}#gspb_heading-id-gsbp-ab61c2b .gsap-g-line{text-align:center!important}@media (max-width:575.98px){#gspb_heading-id-gsbp-ab61c2b,#gspb_heading-id-gsbp-ab61c2b .gsap-g-line{text-align:center!important}}#gspb_heading-id-gsbp-ab61c2b{margin-top:0;margin-bottom:30px}","footnotes":""},"class_list":["post-12193","page","type-page","status-publish","hentry"],"blocksy_meta":[],"yoast_head":"<!-- This site is optimized with the Yoast SEO plugin v27.0 - https:\/\/yoast.com\/product\/yoast-seo-wordpress\/ -->\n<title>Headspa Opleiding - MediRelaxa<\/title>\n<meta name=\"description\" content=\"Head Spa Opleiding &amp; Scalp Expert Cursus Type cursus:&nbsp;1-op-1 begeleiding of duo; theorie + praktijk (oefenen op modellen) Wanneer:&nbsp;Volgens\" \/>\n<meta name=\"robots\" content=\"index, follow, max-snippet:-1, max-image-preview:large, max-video-preview:-1\" \/>\n<link rel=\"canonical\" href=\"https:\/\/test.medirelaxa.com\/es\/formacion-headspa\/\" \/>\n<meta property=\"og:locale\" content=\"es_ES\" \/>\n<meta property=\"og:type\" content=\"article\" \/>\n<meta property=\"og:title\" content=\"Headspa Opleiding - MediRelaxa\" \/>\n<meta property=\"og:description\" content=\"Head Spa Opleiding &amp; Scalp Expert Cursus Type cursus:&nbsp;1-op-1 begeleiding of duo; theorie + praktijk (oefenen op modellen) Wanneer:&nbsp;Volgens\" \/>\n<meta property=\"og:url\" content=\"https:\/\/test.medirelaxa.com\/es\/formacion-headspa\/\" \/>\n<meta property=\"og:site_name\" content=\"MediRelaxa\" \/>\n<meta property=\"article:publisher\" content=\"https:\/\/www.facebook.com\/people\/MediRelaxa\/61563934692183\/\" \/>\n<meta property=\"article:modified_time\" content=\"2026-03-02T12:46:45+00:00\" \/>\n<meta property=\"og:image\" content=\"https:\/\/belliza.be\/wp-content\/uploads\/2026\/02\/headspa-opleiding-1024x1024.jpg\" \/>\n<meta name=\"twitter:card\" content=\"summary_large_image\" \/>\n<meta name=\"twitter:label1\" content=\"Tiempo de lectura\" \/>\n\t<meta name=\"twitter:data1\" content=\"3 minutos\" \/>\n<script type=\"application\/ld+json\" class=\"yoast-schema-graph\">{\"@context\":\"https:\/\/schema.org\",\"@graph\":[{\"@type\":\"WebPage\",\"@id\":\"https:\/\/test.medirelaxa.com\/it\/formazione-headspa\/\",\"url\":\"https:\/\/test.medirelaxa.com\/it\/formazione-headspa\/\",\"name\":\"Headspa Opleiding - MediRelaxa\",\"isPartOf\":{\"@id\":\"https:\/\/test.medirelaxa.com\/#website\"},\"primaryImageOfPage\":{\"@id\":\"https:\/\/test.medirelaxa.com\/it\/formazione-headspa\/#primaryimage\"},\"image\":{\"@id\":\"https:\/\/test.medirelaxa.com\/it\/formazione-headspa\/#primaryimage\"},\"thumbnailUrl\":\"https:\/\/belliza.be\/wp-content\/uploads\/2026\/02\/headspa-opleiding-1024x1024.jpg\",\"datePublished\":\"2026-02-16T23:12:22+00:00\",\"dateModified\":\"2026-03-02T12:46:45+00:00\",\"description\":\"Head Spa Opleiding &amp; Scalp Expert Cursus Type cursus:&nbsp;1-op-1 begeleiding of duo; theorie + praktijk (oefenen op modellen) Wanneer:&nbsp;Volgens\",\"inLanguage\":\"es\",\"potentialAction\":[{\"@type\":\"ReadAction\",\"target\":[\"https:\/\/test.medirelaxa.com\/it\/formazione-headspa\/\"]}]},{\"@type\":\"ImageObject\",\"inLanguage\":\"es\",\"@id\":\"https:\/\/test.medirelaxa.com\/it\/formazione-headspa\/#primaryimage\",\"url\":\"https:\/\/belliza.be\/wp-content\/uploads\/2026\/02\/headspa-opleiding-1024x1024.jpg\",\"contentUrl\":\"https:\/\/belliza.be\/wp-content\/uploads\/2026\/02\/headspa-opleiding-1024x1024.jpg\"},{\"@type\":\"WebSite\",\"@id\":\"https:\/\/test.medirelaxa.com\/#website\",\"url\":\"https:\/\/test.medirelaxa.com\/\",\"name\":\"MediRelaxa\",\"description\":\"Head Spa &amp; Massagestoelen\",\"publisher\":{\"@id\":\"https:\/\/test.medirelaxa.com\/#organization\"},\"alternateName\":\"Ontspanning op elk moment: Beleef ultieme rust met onze massagestoelen.\",\"potentialAction\":[{\"@type\":\"SearchAction\",\"target\":{\"@type\":\"EntryPoint\",\"urlTemplate\":\"https:\/\/test.medirelaxa.com\/?s={search_term_string}\"},\"query-input\":{\"@type\":\"PropertyValueSpecification\",\"valueRequired\":true,\"valueName\":\"search_term_string\"}}],\"inLanguage\":\"es\"},{\"@type\":\"Organization\",\"@id\":\"https:\/\/test.medirelaxa.com\/#organization\",\"name\":\"MediRelaxa\",\"url\":\"https:\/\/test.medirelaxa.com\/\",\"logo\":{\"@type\":\"ImageObject\",\"inLanguage\":\"es\",\"@id\":\"https:\/\/test.medirelaxa.com\/#\/schema\/logo\/image\/\",\"url\":\"https:\/\/test.medirelaxa.com\/wp-content\/uploads\/2026\/02\/Logo-MediRelaxa-massage-chairs.webp\",\"contentUrl\":\"https:\/\/test.medirelaxa.com\/wp-content\/uploads\/2026\/02\/Logo-MediRelaxa-massage-chairs.webp\",\"width\":1600,\"height\":381,\"caption\":\"MediRelaxa\"},\"image\":{\"@id\":\"https:\/\/test.medirelaxa.com\/#\/schema\/logo\/image\/\"},\"sameAs\":[\"https:\/\/www.facebook.com\/people\/MediRelaxa\/61563934692183\/\",\"https:\/\/www.youtube.com\/@MediRelaxa\",\"https:\/\/www.instagram.com\/medirelaxa_com\/\"]}]}<\/script>\n<!-- \/ Yoast SEO plugin. -->","yoast_head_json":{"title":"Headspa Opleiding - MediRelaxa","description":"Head Spa Opleiding &amp; Scalp Expert Cursus Type cursus:&nbsp;1-op-1 begeleiding of duo; theorie + praktijk (oefenen op modellen) Wanneer:&nbsp;Volgens","robots":{"index":"index","follow":"follow","max-snippet":"max-snippet:-1","max-image-preview":"max-image-preview:large","max-video-preview":"max-video-preview:-1"},"canonical":"https:\/\/test.medirelaxa.com\/es\/formacion-headspa\/","og_locale":"es_ES","og_type":"article","og_title":"Headspa Opleiding - MediRelaxa","og_description":"Head Spa Opleiding &amp; Scalp Expert Cursus Type cursus:&nbsp;1-op-1 begeleiding of duo; theorie + praktijk (oefenen op modellen) Wanneer:&nbsp;Volgens","og_url":"https:\/\/test.medirelaxa.com\/es\/formacion-headspa\/","og_site_name":"MediRelaxa","article_publisher":"https:\/\/www.facebook.com\/people\/MediRelaxa\/61563934692183\/","article_modified_time":"2026-03-02T12:46:45+00:00","og_image":[{"url":"https:\/\/belliza.be\/wp-content\/uploads\/2026\/02\/headspa-opleiding-1024x1024.jpg","type":"","width":"","height":""}],"twitter_card":"summary_large_image","twitter_misc":{"Tiempo de lectura":"3 minutos"},"schema":{"@context":"https:\/\/schema.org","@graph":[{"@type":"WebPage","@id":"https:\/\/test.medirelaxa.com\/it\/formazione-headspa\/","url":"https:\/\/test.medirelaxa.com\/it\/formazione-headspa\/","name":"Headspa Opleiding - MediRelaxa","isPartOf":{"@id":"https:\/\/test.medirelaxa.com\/#website"},"primaryImageOfPage":{"@id":"https:\/\/test.medirelaxa.com\/it\/formazione-headspa\/#primaryimage"},"image":{"@id":"https:\/\/test.medirelaxa.com\/it\/formazione-headspa\/#primaryimage"},"thumbnailUrl":"https:\/\/belliza.be\/wp-content\/uploads\/2026\/02\/headspa-opleiding-1024x1024.jpg","datePublished":"2026-02-16T23:12:22+00:00","dateModified":"2026-03-02T12:46:45+00:00","description":"Head Spa Opleiding &amp; Scalp Expert Cursus Type cursus:&nbsp;1-op-1 begeleiding of duo; theorie + praktijk (oefenen op modellen) Wanneer:&nbsp;Volgens","inLanguage":"es","potentialAction":[{"@type":"ReadAction","target":["https:\/\/test.medirelaxa.com\/it\/formazione-headspa\/"]}]},{"@type":"ImageObject","inLanguage":"es","@id":"https:\/\/test.medirelaxa.com\/it\/formazione-headspa\/#primaryimage","url":"https:\/\/belliza.be\/wp-content\/uploads\/2026\/02\/headspa-opleiding-1024x1024.jpg","contentUrl":"https:\/\/belliza.be\/wp-content\/uploads\/2026\/02\/headspa-opleiding-1024x1024.jpg"},{"@type":"WebSite","@id":"https:\/\/test.medirelaxa.com\/#website","url":"https:\/\/test.medirelaxa.com\/","name":"MediRelaxa","description":"Head Spa &amp; Massagestoelen","publisher":{"@id":"https:\/\/test.medirelaxa.com\/#organization"},"alternateName":"Ontspanning op elk moment: Beleef ultieme rust met onze massagestoelen.","potentialAction":[{"@type":"SearchAction","target":{"@type":"EntryPoint","urlTemplate":"https:\/\/test.medirelaxa.com\/?s={search_term_string}"},"query-input":{"@type":"PropertyValueSpecification","valueRequired":true,"valueName":"search_term_string"}}],"inLanguage":"es"},{"@type":"Organization","@id":"https:\/\/test.medirelaxa.com\/#organization","name":"MediRelaxa","url":"https:\/\/test.medirelaxa.com\/","logo":{"@type":"ImageObject","inLanguage":"es","@id":"https:\/\/test.medirelaxa.com\/#\/schema\/logo\/image\/","url":"https:\/\/test.medirelaxa.com\/wp-content\/uploads\/2026\/02\/Logo-MediRelaxa-massage-chairs.webp","contentUrl":"https:\/\/test.medirelaxa.com\/wp-content\/uploads\/2026\/02\/Logo-MediRelaxa-massage-chairs.webp","width":1600,"height":381,"caption":"MediRelaxa"},"image":{"@id":"https:\/\/test.medirelaxa.com\/#\/schema\/logo\/image\/"},"sameAs":["https:\/\/www.facebook.com\/people\/MediRelaxa\/61563934692183\/","https:\/\/www.youtube.com\/@MediRelaxa","https:\/\/www.instagram.com\/medirelaxa_com\/"]}]}},"_links":{"self":[{"href":"https:\/\/test.medirelaxa.com\/es\/wp-json\/wp\/v2\/pages\/12193","targetHints":{"allow":["GET"]}}],"collection":[{"href":"https:\/\/test.medirelaxa.com\/es\/wp-json\/wp\/v2\/pages"}],"about":[{"href":"https:\/\/test.medirelaxa.com\/es\/wp-json\/wp\/v2\/types\/page"}],"author":[{"embeddable":true,"href":"https:\/\/test.medirelaxa.com\/es\/wp-json\/wp\/v2\/users\/1"}],"replies":[{"embeddable":true,"href":"https:\/\/test.medirelaxa.com\/es\/wp-json\/wp\/v2\/comments?post=12193"}],"version-history":[{"count":1,"href":"https:\/\/test.medirelaxa.com\/es\/wp-json\/wp\/v2\/pages\/12193\/revisions"}],"predecessor-version":[{"id":12729,"href":"https:\/\/test.medirelaxa.com\/es\/wp-json\/wp\/v2\/pages\/12193\/revisions\/12729"}],"wp:attachment":[{"href":"https:\/\/test.medirelaxa.com\/es\/wp-json\/wp\/v2\/media?parent=12193"}],"curies":[{"name":"wp","href":"https:\/\/api.w.org\/{rel}","templated":true}]}}