{"id":12174,"date":"2026-02-16T22:09:04","date_gmt":"2026-02-16T22:09:04","guid":{"rendered":"https:\/\/test.medirelaxa.com\/?page_id=12174"},"modified":"2026-02-16T22:09:04","modified_gmt":"2026-02-16T22:09:04","slug":"condiciones-generales","status":"publish","type":"page","link":"https:\/\/test.medirelaxa.com\/es\/algemene-voorwaarden\/","title":{"rendered":"Condiciones generales"},"content":{"rendered":"<h4 class=\"wp-block-heading\" id=\"artikel-1-definities\">Art\u00edculo 1 - Definiciones<\/h4>\n\n\n\n<ol class=\"wp-block-list\">\n<li><strong>Periodo de reflexi\u00f3n<\/strong>el plazo en el que el consumidor puede ejercer su derecho de desistimiento;<\/li>\n\n\n\n<li><strong>Consumidores<\/strong>: la persona f\u00edsica que act\u00faa al margen de su profesi\u00f3n o empresa y que celebra un contrato a distancia con el empresario;<\/li>\n\n\n\n<li><strong>Adi\u00f3s<\/strong>d\u00eda natural;<\/li>\n\n\n\n<li><strong>Duraci\u00f3n de la operaci\u00f3n<\/strong>contrato a distancia para una serie de productos y\/o servicios, en el que la obligaci\u00f3n de entrega se reparte a lo largo del tiempo;<\/li>\n\n\n\n<li><strong>Soporte de datos duradero<\/strong>: cualquier medio por el que el consumidor o empresario pueda almacenar informaci\u00f3n de forma que permita su futura consulta y reproducci\u00f3n inalterada;<\/li>\n\n\n\n<li><strong>Derecho de retractaci\u00f3n<\/strong>la posibilidad de que el consumidor renuncie al contrato a distancia dentro del periodo de reflexi\u00f3n;<\/li>\n\n\n\n<li><strong>Modelo de formulario<\/strong>Formulario: el formulario facilitado por el comerciante que el consumidor puede rellenar para ejercer su derecho de desistimiento;<\/li>\n\n\n\n<li><strong>Empresario<\/strong>: la persona f\u00edsica o jur\u00eddica que ofrece productos y\/o servicios a los consumidores a distancia;<\/li>\n\n\n\n<li><strong>Acuerdo a distancia<\/strong>acuerdo en virtud del cual, en el marco de un sistema de venta a distancia organizado por el comerciante, se hace uso exclusivo de uno o varios medios de comunicaci\u00f3n a distancia hasta la celebraci\u00f3n del acuerdo, inclusive;<\/li>\n\n\n\n<li><strong>Tecnolog\u00eda de comunicaci\u00f3n a distancia<\/strong>medios que pueden utilizarse para celebrar un acuerdo, sin que el consumidor y el empresario tengan que reunirse en la misma sala al mismo tiempo;<\/li>\n\n\n\n<li><strong>Condiciones generales<\/strong>las presentes Condiciones Generales del empresario.<\/li>\n<\/ol>\n\n\n\n<h4 class=\"wp-block-heading\" id=\"artikel-2-identiteit-van-de-onderneming\">Art\u00edculo 2 - Identidad de la empresa<\/h4>\n\n\n\n<p>Identidad de la empresa: Medirelaxa (Gelasco)<\/p>\n\n\n\n<ul class=\"wp-block-list\">\n<li>Adres: Blaubergsesteenweg 63C, 2230 Herselt, Belgi\u00eb<\/li>\n\n\n\n<li>Tel\u00e9fono: +32 456 38 15 33<\/li>\n\n\n\n<li>Direcci\u00f3n de correo electr\u00f3nico: <a href=\"mailto:info@medirelaxa.com\">info@medirelaxa.com<\/a><\/li>\n\n\n\n<li>N\u00famero de empresa: 1000295870<\/li>\n\n\n\n<li>BTW-identificatienummer: BE1000.295.870<\/li>\n<\/ul>\n\n\n\n<h4 class=\"wp-block-heading\" id=\"artikel-3-toepasbaarheid\">Art\u00edculo 3 - Aplicabilidad<\/h4>\n\n\n\n<ol class=\"wp-block-list\">\n<li>Los acuerdos se rigen por la legislaci\u00f3n belga.  <\/li>\n<\/ol>\n\n\n\n<h4 class=\"wp-block-heading\" id=\"artikel-4-betaling\">Art\u00edculo 4 - Pago<\/h4>\n\n\n\n<ol class=\"wp-block-list\">\n<li>La factura deber\u00e1 abonarse antes de la entrega, a menos que se acuerde lo contrario y se mencione expl\u00edcitamente en la factura. El pago fuera de este plazo o de la fecha de vencimiento mencionada en la factura devengar\u00e1, de pleno derecho y sin necesidad de preaviso, un inter\u00e9s anual de 10%, as\u00ed como (tambi\u00e9n de pleno derecho y sin necesidad de preaviso) una indemnizaci\u00f3n fija de 10% sobre el importe de la factura, con un m\u00ednimo de 50 EUR en concepto de indemnizaci\u00f3n. La falta de pago en la fecha de vencimiento de la factura hace que todas las facturas, incluso si a\u00fan no han vencido, sean inmediatamente pagaderas sin m\u00e1s aviso de incumplimiento y libera al vendedor de cualquier cumplimiento posterior de sus obligaciones. <\/li>\n\n\n\n<li>Los importes que figuran en el sitio web y en la factura excluyen siempre los gastos de importaci\u00f3n, los gastos de aduana, los gastos de env\u00edo y el IVA. Los gastos relacionados con el transporte correr\u00e1n a cargo del comprador.<\/li>\n<\/ol>\n\n\n\n<h4 class=\"wp-block-heading\" id=\"artikel-5-aanvaarding-verkoopsvoorwaarden\">Art\u00edculo 5 - Aceptaci\u00f3n de las condiciones de venta<\/h4>\n\n\n\n<ol class=\"wp-block-list\">\n<li>Todo pedido implica la aceptaci\u00f3n por parte del cliente de nuestros t\u00e9rminos y condiciones, independientemente de c\u00f3mo se realice el pedido.<\/li>\n<\/ol>\n\n\n\n<h4 class=\"wp-block-heading\" id=\"artikel-6-gebreken\">Art\u00edculo 6 - Defectos<\/h4>\n\n\n\n<ol class=\"wp-block-list\">\n<li>Al recibir o aceptar la entrega de la mercanc\u00eda, el comprador reconoce expresamente que la mercanc\u00eda corresponde a su pedido y est\u00e1 libre de cualquier defecto visible. Los dem\u00e1s defectos deber\u00e1n ser notificados por escrito por el comprador al vendedor inmediatamente despu\u00e9s de su descubrimiento. Las reclamaciones relativas a las mercanc\u00edas o servicios entregados no podr\u00e1n ser aceptadas si no nos llegan por escrito en un plazo de siete d\u00edas a partir de la entrega. Transcurrido este plazo, las entregas y facturas se considerar\u00e1n aceptadas por el comprador sin reserva alguna.<\/li>\n<\/ol>\n\n\n\n<h4 class=\"wp-block-heading\" id=\"artikel-7-annulatie\">Art\u00edculo 7 - Anulaci\u00f3n<\/h4>\n\n\n\n<ol class=\"wp-block-list\">\n<li>Si el cliente rompe o rescinde el contrato o si el contrato no puede seguir adelante debido a su acci\u00f3n, nos deber\u00e1 una indemnizaci\u00f3n del 50% del importe total del pedido con un m\u00ednimo de 75 EUR.<\/li>\n<\/ol>\n\n\n\n<h4 class=\"wp-block-heading\" id=\"artikel-8-vervoer\">Art\u00edculo 8 - Transporte<\/h4>\n\n\n\n<ol class=\"wp-block-list\">\n<li>Si la entrega no puede realizarse en el lugar deseado, debido, por ejemplo, a que el paso es demasiado peque\u00f1o, el suelo demasiado alto, pesa demasiado, etc. los costes adicionales correr\u00e1n a cargo del comprador.<\/li>\n<\/ol>\n\n\n\n<h4 class=\"wp-block-heading\" id=\"artikel-9-eigendom\">Art\u00edculo 9 - Propiedad<\/h4>\n\n\n\n<ol class=\"wp-block-list\">\n<li>La mercanc\u00eda entregada sigue siendo de nuestra propiedad mientras no se haya pagado la totalidad del precio (principal, gastos e intereses). El cesionario asume los riesgos a partir de la entrega. Debe conservar la mercanc\u00eda en su estado. Todos los pagos se destinar\u00e1n al pago de las deudas m\u00e1s antiguas existentes, imput\u00e1ndolos en primer lugar a los gastos, intereses y posibles da\u00f1os y perjuicios debidos y, a continuaci\u00f3n, al principal.<\/li>\n<\/ol>\n\n\n\n<h4 class=\"wp-block-heading\" id=\"artikel-10-interest\">Art\u00edculo 10 - Intereses<\/h4>\n\n\n\n<ol class=\"wp-block-list\">\n<li>en caso de impago de la factura en la fecha de vencimiento, se cobrar\u00e1n intereses de demora ipso iure y sin preaviso. Dichos intereses de demora se calcular\u00e1n sobre la base del tipo de inter\u00e9s de referencia del BCE.<\/li>\n\n\n\n<li><\/li>\n<\/ol>\n\n\n\n<p><strong>Art\u00edculo 11 - Limitaci\u00f3n de responsabilidad<\/strong><\/p>\n\n\n\n<ol class=\"wp-block-list\">\n<li><strong>General<\/strong>El empresario no se hace responsable de ning\u00fan da\u00f1o, directo o indirecto, resultante del uso de los productos o servicios, a menos que exista dolo o negligencia grave.<\/li>\n\n\n\n<li><strong>Tienda virtual y sitio web<\/strong>El operador no se hace responsable de los da\u00f1os resultantes de aver\u00edas, errores, interrupciones o problemas t\u00e9cnicos del sitio web, incluidos, entre otros, la p\u00e9rdida de datos o los retrasos en los pedidos.<\/li>\n\n\n\n<li><strong>Uso m\u00e9dico<\/strong>Los productos vendidos por el empresario, como los sillones de masaje, no est\u00e1n destinados a fines diagn\u00f3sticos o terap\u00e9uticos y no deben considerarse productos sanitarios. Su uso corre por cuenta y riesgo del comprador. En caso de duda sobre su uso, el comprador debe consultar a un m\u00e9dico.<\/li>\n\n\n\n<li><strong>Fuerza mayor<\/strong>El empresario no se hace responsable de los retrasos o incumplimientos debidos a causas de fuerza mayor, como cat\u00e1strofes naturales, pandemias, problemas de transporte, medidas gubernamentales u otras circunstancias imprevistas que escapen al control del empresario.<\/li>\n\n\n\n<li><strong>Partes externas<\/strong>Los gastos y riesgos derivados de la utilizaci\u00f3n de terceros, como transportistas o instaladores, correr\u00e1n \u00edntegramente a cargo del comprador.<\/li>\n<\/ol>\n\n\n\n<p><strong>Art\u00edculo 12 - Derechos de propiedad intelectual<\/strong><br>Todo el contenido del sitio web del empresario, incluidos, entre otros, textos, im\u00e1genes, logotipos y v\u00eddeos, es propiedad del empresario y no puede ser reproducido, distribuido ni utilizado sin el consentimiento previo por escrito. La violaci\u00f3n de estos derechos puede dar lugar a acciones legales.<\/p>\n\n\n\n<p><strong>Art\u00edculo 13 - Pedidos en l\u00ednea<\/strong><\/p>\n\n\n\n<ol class=\"wp-block-list\">\n<li><strong>Derecho de retractaci\u00f3n<\/strong>El consumidor tiene derecho a anular un pedido en un plazo de 14 d\u00edas naturales, a menos que el producto sea personalizado o no pueda devolverse por razones de higiene una vez abierto el embalaje.<\/li>\n\n\n\n<li><strong>Da\u00f1os en la entrega<\/strong>: Si el producto resulta da\u00f1ado durante la entrega, el comprador deber\u00e1 notificarlo por escrito al empresario en un plazo de 48 horas.<\/li>\n\n\n\n<li><strong>Datos precisos<\/strong>El cliente es responsable de rellenar correctamente los datos al realizar el pedido. Cualquier error puede dar lugar a costes adicionales, que correr\u00e1n a cargo del cliente.<\/li>\n<\/ol>\n\n\n\n<p><strong>Art\u00edculo 14 - Privacidad y protecci\u00f3n de datos<\/strong><br>El operador trata los datos personales de conformidad con el Reglamento General de Protecci\u00f3n de Datos (RGPD). Para m\u00e1s informaci\u00f3n, consulte nuestra pol\u00edtica de privacidad.<\/p>\n\n\n\n<p><strong>Art\u00edculo 15 - Litigios<\/strong><br>15.1. Las reclamaciones deben comunicarse por escrito y en un plazo razonable tras el descubrimiento del defecto. 15.2. Todos los acuerdos se regir\u00e1n exclusivamente por la legislaci\u00f3n belga. 15.3. En caso de litigio, s\u00f3lo ser\u00e1n competentes los tribunales del distrito de Turnhout.<\/p>\n\n\n\n<p>Con estas disposiciones adicionales, estar\u00e1 mejor protegido contra los problemas de responsabilidad y sus condiciones generales cumplir\u00e1n la legislaci\u00f3n belga.<\/p>\n\n\n\n<p><strong>Art\u00edculo 16: Entrega y plazos de entrega<\/strong><\/p>\n\n\n\n<p>1.61. Los plazos de entrega indicados por Medirelaxa son indicativos y no vinculantes. En ning\u00fan caso un retraso en la entrega puede dar lugar a indemnizaci\u00f3n, reducci\u00f3n del precio o disoluci\u00f3n del contrato. 16.2. Medirelaxa no se hace responsable de los retrasos en las entregas debidos al transportista o a circunstancias imprevistas ajenas a nuestra voluntad (fuerza mayor). 16.3. Si un producto est\u00e1 agotado, se informar\u00e1 al cliente. Medirelaxa se reserva el derecho de entregar el pedido por partes.<\/p>\n\n\n\n<p><strong>Art\u00edculo 17: Derecho de desistimiento y condiciones de devoluci\u00f3n<\/strong><\/p>\n\n\n\n<p>17.1. Para los consumidores (B2C): El consumidor tiene derecho a desistir del contrato en un plazo de 14 d\u00edas sin indicar los motivos. Este plazo expira 14 d\u00edas despu\u00e9s del d\u00eda en que el cliente o un tercero designado por el cliente, que no sea el transportista, toma posesi\u00f3n material del bien. 17.2. Los gastos directos de devoluci\u00f3n de la mercanc\u00eda correr\u00e1n \u00edntegramente a cargo del cliente1. El producto debe devolverse sin usar, sin da\u00f1os y en su embalaje original. Los productos que hayan sido instalados, utilizados o da\u00f1ados no podr\u00e1n ser objeto de reembolso.<\/p>\n\n\n\n<p><strong>Art\u00edculo 18: Condiciones de garant\u00eda<\/strong><\/p>\n\n\n\n<p>18.1. <strong>Para clientes de empresa a empresa (B2B):<\/strong> No se aplica ning\u00fan periodo de garant\u00eda a todos los productos a menos que se acuerde lo contrario por escrito. 18.2. <strong>Exclusiones de la garant\u00eda:<\/strong> La garant\u00eda no se aplica a: * Piezas de desgaste como filtros, juntas, l\u00e1mparas y otros consumibles. * Da\u00f1os causados por un uso incorrecto o anormal del producto, como por ejemplo: * No limpiar y mantener el aparato correctamente o con regularidad seg\u00fan las instrucciones. * El encendido o uso de una caldera o elemento calefactor sin estar correctamente conectado o lleno de agua. * El uso de productos de limpieza inadecuados o agresivos. * Da\u00f1os causados por factores externos como incendios, da\u00f1os por agua, cal, rayos o accidentes. * Productos en los que se hayan realizado reparaciones o ajustes por t\u00e9cnicos no autorizados. 18.3. <strong>Para consumidores (B2C):<\/strong> La garant\u00eda legal de dos (2) a\u00f1os, estipulada en la legislaci\u00f3n belga en materia de consumo, sigue siendo plenamente aplicable. Tambi\u00e9n est\u00e1n en vigor las exclusiones por da\u00f1os debidos a un uso indebido mencionadas anteriormente. <strong>18.4. Aportar<\/strong> Garant\u00eda: Los productos defectuosos que se beneficien de la garant\u00eda deben entregarse o enviarse a MediRelaxa, Blaubergsesteenweg 63C, 2230 Herselt, B\u00e9lgica.<\/p>\n\n\n\n<p><strong>Art\u00edculo 19: Responsabilidad<\/strong><\/p>\n\n\n\n<p>19.1. Medirelaxa s\u00f3lo ser\u00e1 responsable de los da\u00f1os directos resultantes de negligencia grave probada o dolo. Nuestra responsabilidad se limitar\u00e1 en todos los casos al importe de la factura del producto en cuesti\u00f3n. 19.2. Medirelaxa no ser\u00e1 responsable en ning\u00fan caso de da\u00f1os indirectos, tales como lucro cesante, da\u00f1o emergente, p\u00e9rdida de clientela o cualquier otra forma de da\u00f1o econ\u00f3mico.<\/p>\n\n\n\n<p><strong>Art\u00edculo 10: Propiedad intelectual y medios de comunicaci\u00f3n<\/strong><\/p>\n\n\n\n<p>20.1. Todos los textos, im\u00e1genes, v\u00eddeos y otros materiales (en adelante, \u201cmedios\u201d) del sitio web de Medirelaxa y otros canales de comunicaci\u00f3n est\u00e1n protegidos por derechos de autor y pertenecen a Medirelaxa o a sus licenciantes. 20.2. <strong>Uso de la IA:<\/strong> Medirelaxa utiliza en ocasiones inteligencia artificial (IA) para crear contenidos textuales y visuales. Aunque nos esforzamos por ser precisos, no podemos garantizar que toda la informaci\u00f3n generada por la IA est\u00e9 completamente libre de errores. 20.3. <strong>Solicitud de retirada:<\/strong> Respetamos los derechos de propiedad intelectual de terceros. Si cree que determinados medios de nuestros canales violan sus derechos de autor, p\u00f3ngase en contacto con nosotros inmediatamente en info@medirelaxa.com. Tras recibir una solicitud justificada, retiraremos los medios en cuesti\u00f3n lo antes posible.<\/p>\n\n\n\n<p><strong>Art\u00edculo 21: Reserva de dominio<\/strong><\/p>\n\n\n\n<p>21.1. Todos los bienes entregados seguir\u00e1n siendo propiedad exclusiva de Medirelaxa hasta que el cliente haya abonado la totalidad del precio de compra, incluidos los posibles costes e intereses.<\/p>\n\n\n\n<p><strong>Art\u00edculo 22: Responsabilidad y productos de terceros<\/strong><\/p>\n\n\n\n<p><strong>22.1.<\/strong> Medirelaxa act\u00faa exclusivamente como revendedor de los productos ofrecidos en su sitio web y en sus dem\u00e1s canales de venta. Medirelaxa no fabrica ning\u00fan producto por s\u00ed misma y los productos se venden al cliente en su estado original, tal y como los suministra el fabricante.<\/p>\n\n\n\n<p><strong>22.2.<\/strong> De conformidad con la Ley belga sobre responsabilidad por productos defectuosos (Ley de 25 de febrero de 1991 y las disposiciones pertinentes del C\u00f3digo Civil), el productor o fabricante de un producto es responsable de los da\u00f1os causados por un defecto de su producto. Medirelaxa, como revendedor, no puede ser considerada responsable de ning\u00fan da\u00f1o directo o indirecto a terceros derivado del uso, defecto o funcionamiento de los productos que vende. Para tales reclamaciones por da\u00f1os, el cliente deber\u00e1 ponerse en contacto directamente con el fabricante correspondiente.<\/p>\n\n\n\n<p><strong>22.3.<\/strong> A petici\u00f3n del cliente, Medirelaxa facilitar\u00e1, en la medida de lo razonablemente posible, los datos de contacto del fabricante del producto adquirido para que el cliente pueda presentar su reclamaci\u00f3n directamente al fabricante.<\/p>\n\n\n\n<p>22.4. La limitaci\u00f3n de responsabilidad de este art\u00edculo no afecta a los derechos legales de los consumidores, en particular a la garant\u00eda legal de los bienes de consumo. En lo que respecta a la conformidad y la garant\u00eda legal, Medirelaxa seguir\u00e1 siendo el primer punto de contacto del consumidor, tal y como estipula la legislaci\u00f3n pertinente en materia de consumo.<\/p>\n\n\n\n<h4 class=\"wp-block-heading\" id=\"disclaimer-blogs-medirelaxa\">Descargo de responsabilidad Blogs MediRelaxa<\/h4>\n\n\n\n<p>La informaci\u00f3n contenida en los blogs de MediRelaxa tiene \u00fanicamente fines informativos generales y no sustituye al consejo, diagn\u00f3stico o tratamiento m\u00e9dico profesional. Aunque nos esforzamos por ofrecer informaci\u00f3n precisa y actualizada, no podemos garantizar la integridad, exactitud o actualidad de los contenidos.<\/p>\n\n\n\n<p>El uso de la informaci\u00f3n de nuestros blogs se realiza bajo su propia responsabilidad. MediRelaxa no se hace responsable de ning\u00fan da\u00f1o, p\u00e9rdida u otras consecuencias derivadas de la confianza depositada en la informaci\u00f3n contenida en nuestros blogs.<\/p>\n\n\n\n<p>Para cuestiones o consejos m\u00e9dicos, recomendamos consultar siempre a un m\u00e9dico o especialista cualificado.<\/p>\n\n\n\n<p>Al utilizar nuestro sitio web y leer nuestros blogs, usted acepta esta cl\u00e1usula de exenci\u00f3n de responsabilidad.<\/p>","protected":false},"excerpt":{"rendered":"<p>Artikel 1 &#8211; Definities Artikel 2 &#8211; Identiteit van de onderneming Identiteit van de onderneming: Medirelaxa (Gelasco) Artikel 3 &#8211; Toepasbaarheid Artikel 4 &#8211; Betaling Artikel 5 &#8211; Aanvaarding verkoopsvoorwaarden Artikel 6 &#8211; Gebreken Artikel 7 &#8211; Annulatie Artikel 8 &#8211; Vervoer Artikel 9 &#8211; Eigendom Artikel 10 &#8211; Interest Artikel 11 \u2013 Beperking van [&hellip;]<\/p>\n","protected":false},"author":1,"featured_media":0,"parent":0,"menu_order":0,"comment_status":"closed","ping_status":"closed","template":"","meta":{"_gspb_post_css":"","footnotes":""},"class_list":["post-12174","page","type-page","status-publish","hentry"],"blocksy_meta":[],"yoast_head":"<!-- This site is optimized with the Yoast SEO plugin v27.0 - https:\/\/yoast.com\/product\/yoast-seo-wordpress\/ -->\n<title>Algemene Voorwaarden - MediRelaxa<\/title>\n<meta name=\"description\" content=\"Artikel 1 - Definities Bedenktijd: de termijn waarin de consument gebruik kan maken van zijn herroepingsrecht; Consument: de natuurlijke persoon die\" \/>\n<meta name=\"robots\" content=\"index, follow, max-snippet:-1, max-image-preview:large, max-video-preview:-1\" \/>\n<link rel=\"canonical\" href=\"https:\/\/test.medirelaxa.com\/es\/condiciones-generales\/\" \/>\n<meta property=\"og:locale\" content=\"es_ES\" \/>\n<meta property=\"og:type\" content=\"article\" \/>\n<meta property=\"og:title\" content=\"Algemene Voorwaarden - MediRelaxa\" \/>\n<meta property=\"og:description\" content=\"Artikel 1 - Definities Bedenktijd: de termijn waarin de consument gebruik kan maken van zijn herroepingsrecht; Consument: de natuurlijke persoon die\" \/>\n<meta property=\"og:url\" content=\"https:\/\/test.medirelaxa.com\/es\/condiciones-generales\/\" \/>\n<meta property=\"og:site_name\" content=\"MediRelaxa\" \/>\n<meta property=\"article:publisher\" content=\"https:\/\/www.facebook.com\/people\/MediRelaxa\/61563934692183\/\" \/>\n<meta property=\"og:image\" content=\"https:\/\/test.medirelaxa.com\/wp-content\/uploads\/2026\/02\/Logo-MediRelaxa-massage-chairs.webp\" \/>\n\t<meta property=\"og:image:width\" content=\"1600\" \/>\n\t<meta property=\"og:image:height\" content=\"381\" \/>\n\t<meta property=\"og:image:type\" content=\"image\/webp\" \/>\n<meta name=\"twitter:card\" content=\"summary_large_image\" \/>\n<meta name=\"twitter:label1\" content=\"Tiempo de lectura\" \/>\n\t<meta name=\"twitter:data1\" content=\"10 minutos\" \/>\n<script type=\"application\/ld+json\" class=\"yoast-schema-graph\">{\"@context\":\"https:\/\/schema.org\",\"@graph\":[{\"@type\":\"WebPage\",\"@id\":\"https:\/\/test.medirelaxa.com\/algemene-voorwaarden\/\",\"url\":\"https:\/\/test.medirelaxa.com\/algemene-voorwaarden\/\",\"name\":\"Algemene Voorwaarden - MediRelaxa\",\"isPartOf\":{\"@id\":\"https:\/\/test.medirelaxa.com\/#website\"},\"datePublished\":\"2026-02-16T22:09:04+00:00\",\"description\":\"Artikel 1 - Definities Bedenktijd: de termijn waarin de consument gebruik kan maken van zijn herroepingsrecht; Consument: de natuurlijke persoon die\",\"inLanguage\":\"es\",\"potentialAction\":[{\"@type\":\"ReadAction\",\"target\":[\"https:\/\/test.medirelaxa.com\/algemene-voorwaarden\/\"]}]},{\"@type\":\"WebSite\",\"@id\":\"https:\/\/test.medirelaxa.com\/#website\",\"url\":\"https:\/\/test.medirelaxa.com\/\",\"name\":\"MediRelaxa\",\"description\":\"Head Spa &amp; Massagestoelen\",\"publisher\":{\"@id\":\"https:\/\/test.medirelaxa.com\/#organization\"},\"alternateName\":\"Ontspanning op elk moment: Beleef ultieme rust met onze massagestoelen.\",\"potentialAction\":[{\"@type\":\"SearchAction\",\"target\":{\"@type\":\"EntryPoint\",\"urlTemplate\":\"https:\/\/test.medirelaxa.com\/?s={search_term_string}\"},\"query-input\":{\"@type\":\"PropertyValueSpecification\",\"valueRequired\":true,\"valueName\":\"search_term_string\"}}],\"inLanguage\":\"es\"},{\"@type\":\"Organization\",\"@id\":\"https:\/\/test.medirelaxa.com\/#organization\",\"name\":\"MediRelaxa\",\"url\":\"https:\/\/test.medirelaxa.com\/\",\"logo\":{\"@type\":\"ImageObject\",\"inLanguage\":\"es\",\"@id\":\"https:\/\/test.medirelaxa.com\/#\/schema\/logo\/image\/\",\"url\":\"https:\/\/test.medirelaxa.com\/wp-content\/uploads\/2026\/02\/Logo-MediRelaxa-massage-chairs.webp\",\"contentUrl\":\"https:\/\/test.medirelaxa.com\/wp-content\/uploads\/2026\/02\/Logo-MediRelaxa-massage-chairs.webp\",\"width\":1600,\"height\":381,\"caption\":\"MediRelaxa\"},\"image\":{\"@id\":\"https:\/\/test.medirelaxa.com\/#\/schema\/logo\/image\/\"},\"sameAs\":[\"https:\/\/www.facebook.com\/people\/MediRelaxa\/61563934692183\/\",\"https:\/\/www.youtube.com\/@MediRelaxa\",\"https:\/\/www.instagram.com\/medirelaxa_com\/\"]}]}<\/script>\n<!-- \/ Yoast SEO plugin. -->","yoast_head_json":{"title":"Algemene Voorwaarden - MediRelaxa","description":"Artikel 1 - Definities Bedenktijd: de termijn waarin de consument gebruik kan maken van zijn herroepingsrecht; Consument: de natuurlijke persoon die","robots":{"index":"index","follow":"follow","max-snippet":"max-snippet:-1","max-image-preview":"max-image-preview:large","max-video-preview":"max-video-preview:-1"},"canonical":"https:\/\/test.medirelaxa.com\/es\/condiciones-generales\/","og_locale":"es_ES","og_type":"article","og_title":"Algemene Voorwaarden - MediRelaxa","og_description":"Artikel 1 - Definities Bedenktijd: de termijn waarin de consument gebruik kan maken van zijn herroepingsrecht; Consument: de natuurlijke persoon die","og_url":"https:\/\/test.medirelaxa.com\/es\/condiciones-generales\/","og_site_name":"MediRelaxa","article_publisher":"https:\/\/www.facebook.com\/people\/MediRelaxa\/61563934692183\/","og_image":[{"width":1600,"height":381,"url":"https:\/\/test.medirelaxa.com\/wp-content\/uploads\/2026\/02\/Logo-MediRelaxa-massage-chairs.webp","type":"image\/webp"}],"twitter_card":"summary_large_image","twitter_misc":{"Tiempo de lectura":"10 minutos"},"schema":{"@context":"https:\/\/schema.org","@graph":[{"@type":"WebPage","@id":"https:\/\/test.medirelaxa.com\/algemene-voorwaarden\/","url":"https:\/\/test.medirelaxa.com\/algemene-voorwaarden\/","name":"Algemene Voorwaarden - MediRelaxa","isPartOf":{"@id":"https:\/\/test.medirelaxa.com\/#website"},"datePublished":"2026-02-16T22:09:04+00:00","description":"Artikel 1 - Definities Bedenktijd: de termijn waarin de consument gebruik kan maken van zijn herroepingsrecht; Consument: de natuurlijke persoon die","inLanguage":"es","potentialAction":[{"@type":"ReadAction","target":["https:\/\/test.medirelaxa.com\/algemene-voorwaarden\/"]}]},{"@type":"WebSite","@id":"https:\/\/test.medirelaxa.com\/#website","url":"https:\/\/test.medirelaxa.com\/","name":"MediRelaxa","description":"Head Spa &amp; Massagestoelen","publisher":{"@id":"https:\/\/test.medirelaxa.com\/#organization"},"alternateName":"Ontspanning op elk moment: Beleef ultieme rust met onze massagestoelen.","potentialAction":[{"@type":"SearchAction","target":{"@type":"EntryPoint","urlTemplate":"https:\/\/test.medirelaxa.com\/?s={search_term_string}"},"query-input":{"@type":"PropertyValueSpecification","valueRequired":true,"valueName":"search_term_string"}}],"inLanguage":"es"},{"@type":"Organization","@id":"https:\/\/test.medirelaxa.com\/#organization","name":"MediRelaxa","url":"https:\/\/test.medirelaxa.com\/","logo":{"@type":"ImageObject","inLanguage":"es","@id":"https:\/\/test.medirelaxa.com\/#\/schema\/logo\/image\/","url":"https:\/\/test.medirelaxa.com\/wp-content\/uploads\/2026\/02\/Logo-MediRelaxa-massage-chairs.webp","contentUrl":"https:\/\/test.medirelaxa.com\/wp-content\/uploads\/2026\/02\/Logo-MediRelaxa-massage-chairs.webp","width":1600,"height":381,"caption":"MediRelaxa"},"image":{"@id":"https:\/\/test.medirelaxa.com\/#\/schema\/logo\/image\/"},"sameAs":["https:\/\/www.facebook.com\/people\/MediRelaxa\/61563934692183\/","https:\/\/www.youtube.com\/@MediRelaxa","https:\/\/www.instagram.com\/medirelaxa_com\/"]}]}},"_links":{"self":[{"href":"https:\/\/test.medirelaxa.com\/es\/wp-json\/wp\/v2\/pages\/12174","targetHints":{"allow":["GET"]}}],"collection":[{"href":"https:\/\/test.medirelaxa.com\/es\/wp-json\/wp\/v2\/pages"}],"about":[{"href":"https:\/\/test.medirelaxa.com\/es\/wp-json\/wp\/v2\/types\/page"}],"author":[{"embeddable":true,"href":"https:\/\/test.medirelaxa.com\/es\/wp-json\/wp\/v2\/users\/1"}],"replies":[{"embeddable":true,"href":"https:\/\/test.medirelaxa.com\/es\/wp-json\/wp\/v2\/comments?post=12174"}],"version-history":[{"count":0,"href":"https:\/\/test.medirelaxa.com\/es\/wp-json\/wp\/v2\/pages\/12174\/revisions"}],"wp:attachment":[{"href":"https:\/\/test.medirelaxa.com\/es\/wp-json\/wp\/v2\/media?parent=12174"}],"curies":[{"name":"wp","href":"https:\/\/api.w.org\/{rel}","templated":true}]}}