{"id":12198,"date":"2026-02-16T23:21:32","date_gmt":"2026-02-16T23:21:32","guid":{"rendered":"https:\/\/test.medirelaxa.com\/?page_id=12198"},"modified":"2026-03-02T12:08:33","modified_gmt":"2026-03-02T12:08:33","slug":"versandgarantie","status":"publish","type":"page","link":"https:\/\/test.medirelaxa.com\/de\/verzending-garantie\/","title":{"rendered":"Verzending &amp; Garantie"},"content":{"rendered":"<h2 class=\"wp-block-heading\" id=\"headspa\">Headspa\u200b<\/h2>\n\n\n\n<p>Headspa-Sofas werden in ganz Europa verschickt (au\u00dferhalb Europas auf Anfrage). Es besteht auch die M\u00f6glichkeit, das Headspa selbst im Ausstellungsraum abzuholen.&nbsp;<\/p>\n\n\n\n<p>Wir arbeiten mit Kurierdiensten wie DHL zusammen. Sie werden dann immer benachrichtigt, wenn der Headspa geliefert wird. Eine Expresslieferung ist auch in Belgien und den Niederlanden m\u00f6glich.<\/p>\n\n\n\n<p><strong>Mobiles Headspa (kleine Palette - 80cm)<\/strong><\/p>\n\n\n\n<ul class=\"wp-block-list\">\n<li><strong>Europa<\/strong>3-7 Tage; \u20ac99<\/li>\n\n\n\n<li><strong>Zwitserland<\/strong>: 7-10 dagen; \u20ac249<\/li>\n\n\n\n<li><strong>Wereldwijd<\/strong>: op aanvraag<\/li>\n<\/ul>\n\n\n\n<p><strong>Headspa-Bett (Doppelpalette - 2m)<\/strong><\/p>\n\n\n\n<ul class=\"wp-block-list\">\n<li><strong>Belgi\u00eb, Nederland, Luxemburg:<\/strong> 3-5 Tage; 199 \u20ac (&lt;24h Lieferung auf Anfrage)<\/li>\n\n\n\n<li><strong>Frankreich, Deutschland:<\/strong> 4-7 dagen; \u20ac399<\/li>\n\n\n\n<li><strong>Rest von Europa:<\/strong> 4-8 Tage; \u20ac499<\/li>\n\n\n\n<li><strong>Zwitserland<\/strong>: 7-10 dagen; \u20ac499<\/li>\n\n\n\n<li><strong>Wereldwijd<\/strong>: op aanvraag<\/li>\n<\/ul>\n\n\n\n<h2 class=\"wp-block-heading\" id=\"massagestoelen\">Massage-St\u00fchle<\/h2>\n\n\n\n<p>Na de bestelbevestiging zullen we contact met u opnemen om een vast leveringsmoment in te plannen.\u00a0Indien de massagestoel op voorraad is, dan kunnen we binnen 1-2 weken een levermoment inplannen. De levering zal altijd persoonlijk gebeuren, waarbij we u helpen de stoel monteren en instructies zullen geven voor gebruik.<\/p>\n\n\n\n<h2 class=\"wp-block-heading\" id=\"garantie-headspa\">Garantie Headspa\u200b<\/h2>\n\n\n\n<p>Op alle Headspa modellen van MediRelaxa bieden wij een uitgebreide B2C garantie van 1 jaar aan. Deze garantie dekt fabricagefouten en defecten die optreden bij normaal gebruik. Wij staan achter de kwaliteit en duurzaamheid van onze producten, en deze garantie biedt u de zekerheid en het vertrouwen dat u een waardevolle investering doet voor uw bedrijf of persoonlijke ontspanning. Mocht er binnen deze periode onverhoopt een probleem optreden, dan zorgen wij voor een passende oplossing. Bovendien beschikken wij over een assortiment aan wisselstukken, zodat we eventuele reparaties snel en effici\u00ebnt kunnen uitvoeren en de levensduur van uw Headspa kunnen waarborgen.<\/p>\n\n\n\n<h2 class=\"wp-block-heading\" id=\"garantie-massagestoelen\">Garantie Massagesessel<\/h2>\n\n\n\n<p>Als Privatkunde haben Sie Anspruch auf eine 24-monatige Garantie. Bei gewerblichen K\u00e4ufen ist diese Garantie gesetzlich auf 12 Monate begrenzt.&nbsp;<\/p>\n\n\n\n<p>MediRelaxa biedt op bepaalde producten een verlenging van de garantie tot 5 jaar.<br>Bitte beachten Sie die vollst\u00e4ndigen Garantiebedingungen f\u00fcr alle unsere Produkte in den Allgemeinen Gesch\u00e4ftsbedingungen.<\/p>","protected":false},"excerpt":{"rendered":"<p>Headspa\u200b De Headspa banken worden in heel Europa verzonden (buiten Europa op aanvraag). Ook is het mogelijk de headspa zelf op te halen bij de showroom.&nbsp; We werken samen met koerierdiensten zoals DHL. U zal dan altijd gecontacteerd worden wanneer de headspa geleverd wordt. Ook is in Belgi\u00eb en Nederland een express levering mogelijk. Mobiele [&hellip;]<\/p>\n","protected":false},"author":1,"featured_media":0,"parent":0,"menu_order":0,"comment_status":"closed","ping_status":"closed","template":"","meta":{"_gspb_post_css":"","footnotes":""},"class_list":["post-12198","page","type-page","status-publish","hentry"],"blocksy_meta":[],"yoast_head":"<!-- This site is optimized with the Yoast SEO plugin v27.0 - https:\/\/yoast.com\/product\/yoast-seo-wordpress\/ -->\n<title>Verzending &amp; Garantie - MediRelaxa<\/title>\n<meta name=\"description\" content=\"Headspa\u200b De Headspa banken worden in heel Europa verzonden (buiten Europa op aanvraag). Ook is het mogelijk de headspa zelf op te halen bij de\" \/>\n<meta name=\"robots\" content=\"index, follow, max-snippet:-1, max-image-preview:large, max-video-preview:-1\" \/>\n<link rel=\"canonical\" href=\"https:\/\/test.medirelaxa.com\/de\/versandgarantie\/\" \/>\n<meta property=\"og:locale\" content=\"de_DE\" \/>\n<meta property=\"og:type\" content=\"article\" \/>\n<meta property=\"og:title\" content=\"Verzending &amp; Garantie - MediRelaxa\" \/>\n<meta property=\"og:description\" content=\"Headspa\u200b De Headspa banken worden in heel Europa verzonden (buiten Europa op aanvraag). Ook is het mogelijk de headspa zelf op te halen bij de\" \/>\n<meta property=\"og:url\" content=\"https:\/\/test.medirelaxa.com\/de\/versandgarantie\/\" \/>\n<meta property=\"og:site_name\" content=\"MediRelaxa\" \/>\n<meta property=\"article:publisher\" content=\"https:\/\/www.facebook.com\/people\/MediRelaxa\/61563934692183\/\" \/>\n<meta property=\"article:modified_time\" content=\"2026-03-02T12:08:33+00:00\" \/>\n<meta property=\"og:image\" content=\"https:\/\/test.medirelaxa.com\/wp-content\/uploads\/2026\/02\/Logo-MediRelaxa-massage-chairs.webp\" \/>\n\t<meta property=\"og:image:width\" content=\"1600\" \/>\n\t<meta property=\"og:image:height\" content=\"381\" \/>\n\t<meta property=\"og:image:type\" content=\"image\/webp\" \/>\n<meta name=\"twitter:card\" content=\"summary_large_image\" \/>\n<meta name=\"twitter:label1\" content=\"Gesch\u00e4tzte Lesezeit\" \/>\n\t<meta name=\"twitter:data1\" content=\"2\u00a0Minuten\" \/>\n<script type=\"application\/ld+json\" class=\"yoast-schema-graph\">{\"@context\":\"https:\/\/schema.org\",\"@graph\":[{\"@type\":\"WebPage\",\"@id\":\"https:\/\/test.medirelaxa.com\/verzending-garantie\/\",\"url\":\"https:\/\/test.medirelaxa.com\/verzending-garantie\/\",\"name\":\"Verzending &amp; Garantie - MediRelaxa\",\"isPartOf\":{\"@id\":\"https:\/\/test.medirelaxa.com\/#website\"},\"datePublished\":\"2026-02-16T23:21:32+00:00\",\"dateModified\":\"2026-03-02T12:08:33+00:00\",\"description\":\"Headspa\u200b De Headspa banken worden in heel Europa verzonden (buiten Europa op aanvraag). Ook is het mogelijk de headspa zelf op te halen bij de\",\"inLanguage\":\"de\",\"potentialAction\":[{\"@type\":\"ReadAction\",\"target\":[\"https:\/\/test.medirelaxa.com\/verzending-garantie\/\"]}]},{\"@type\":\"WebSite\",\"@id\":\"https:\/\/test.medirelaxa.com\/#website\",\"url\":\"https:\/\/test.medirelaxa.com\/\",\"name\":\"MediRelaxa\",\"description\":\"Head Spa &amp; Massagestoelen\",\"publisher\":{\"@id\":\"https:\/\/test.medirelaxa.com\/#organization\"},\"alternateName\":\"Ontspanning op elk moment: Beleef ultieme rust met onze massagestoelen.\",\"potentialAction\":[{\"@type\":\"SearchAction\",\"target\":{\"@type\":\"EntryPoint\",\"urlTemplate\":\"https:\/\/test.medirelaxa.com\/?s={search_term_string}\"},\"query-input\":{\"@type\":\"PropertyValueSpecification\",\"valueRequired\":true,\"valueName\":\"search_term_string\"}}],\"inLanguage\":\"de\"},{\"@type\":\"Organization\",\"@id\":\"https:\/\/test.medirelaxa.com\/#organization\",\"name\":\"MediRelaxa\",\"url\":\"https:\/\/test.medirelaxa.com\/\",\"logo\":{\"@type\":\"ImageObject\",\"inLanguage\":\"de\",\"@id\":\"https:\/\/test.medirelaxa.com\/#\/schema\/logo\/image\/\",\"url\":\"https:\/\/test.medirelaxa.com\/wp-content\/uploads\/2026\/02\/Logo-MediRelaxa-massage-chairs.webp\",\"contentUrl\":\"https:\/\/test.medirelaxa.com\/wp-content\/uploads\/2026\/02\/Logo-MediRelaxa-massage-chairs.webp\",\"width\":1600,\"height\":381,\"caption\":\"MediRelaxa\"},\"image\":{\"@id\":\"https:\/\/test.medirelaxa.com\/#\/schema\/logo\/image\/\"},\"sameAs\":[\"https:\/\/www.facebook.com\/people\/MediRelaxa\/61563934692183\/\",\"https:\/\/www.youtube.com\/@MediRelaxa\",\"https:\/\/www.instagram.com\/medirelaxa_com\/\"]}]}<\/script>\n<!-- \/ Yoast SEO plugin. -->","yoast_head_json":{"title":"Verzending &amp; Garantie - MediRelaxa","description":"Headspa\u200b De Headspa banken worden in heel Europa verzonden (buiten Europa op aanvraag). Ook is het mogelijk de headspa zelf op te halen bij de","robots":{"index":"index","follow":"follow","max-snippet":"max-snippet:-1","max-image-preview":"max-image-preview:large","max-video-preview":"max-video-preview:-1"},"canonical":"https:\/\/test.medirelaxa.com\/de\/versandgarantie\/","og_locale":"de_DE","og_type":"article","og_title":"Verzending &amp; Garantie - MediRelaxa","og_description":"Headspa\u200b De Headspa banken worden in heel Europa verzonden (buiten Europa op aanvraag). Ook is het mogelijk de headspa zelf op te halen bij de","og_url":"https:\/\/test.medirelaxa.com\/de\/versandgarantie\/","og_site_name":"MediRelaxa","article_publisher":"https:\/\/www.facebook.com\/people\/MediRelaxa\/61563934692183\/","article_modified_time":"2026-03-02T12:08:33+00:00","og_image":[{"width":1600,"height":381,"url":"https:\/\/test.medirelaxa.com\/wp-content\/uploads\/2026\/02\/Logo-MediRelaxa-massage-chairs.webp","type":"image\/webp"}],"twitter_card":"summary_large_image","twitter_misc":{"Gesch\u00e4tzte Lesezeit":"2\u00a0Minuten"},"schema":{"@context":"https:\/\/schema.org","@graph":[{"@type":"WebPage","@id":"https:\/\/test.medirelaxa.com\/verzending-garantie\/","url":"https:\/\/test.medirelaxa.com\/verzending-garantie\/","name":"Verzending &amp; Garantie - MediRelaxa","isPartOf":{"@id":"https:\/\/test.medirelaxa.com\/#website"},"datePublished":"2026-02-16T23:21:32+00:00","dateModified":"2026-03-02T12:08:33+00:00","description":"Headspa\u200b De Headspa banken worden in heel Europa verzonden (buiten Europa op aanvraag). Ook is het mogelijk de headspa zelf op te halen bij de","inLanguage":"de","potentialAction":[{"@type":"ReadAction","target":["https:\/\/test.medirelaxa.com\/verzending-garantie\/"]}]},{"@type":"WebSite","@id":"https:\/\/test.medirelaxa.com\/#website","url":"https:\/\/test.medirelaxa.com\/","name":"MediRelaxa","description":"Head Spa &amp; Massagestoelen","publisher":{"@id":"https:\/\/test.medirelaxa.com\/#organization"},"alternateName":"Ontspanning op elk moment: Beleef ultieme rust met onze massagestoelen.","potentialAction":[{"@type":"SearchAction","target":{"@type":"EntryPoint","urlTemplate":"https:\/\/test.medirelaxa.com\/?s={search_term_string}"},"query-input":{"@type":"PropertyValueSpecification","valueRequired":true,"valueName":"search_term_string"}}],"inLanguage":"de"},{"@type":"Organization","@id":"https:\/\/test.medirelaxa.com\/#organization","name":"MediRelaxa","url":"https:\/\/test.medirelaxa.com\/","logo":{"@type":"ImageObject","inLanguage":"de","@id":"https:\/\/test.medirelaxa.com\/#\/schema\/logo\/image\/","url":"https:\/\/test.medirelaxa.com\/wp-content\/uploads\/2026\/02\/Logo-MediRelaxa-massage-chairs.webp","contentUrl":"https:\/\/test.medirelaxa.com\/wp-content\/uploads\/2026\/02\/Logo-MediRelaxa-massage-chairs.webp","width":1600,"height":381,"caption":"MediRelaxa"},"image":{"@id":"https:\/\/test.medirelaxa.com\/#\/schema\/logo\/image\/"},"sameAs":["https:\/\/www.facebook.com\/people\/MediRelaxa\/61563934692183\/","https:\/\/www.youtube.com\/@MediRelaxa","https:\/\/www.instagram.com\/medirelaxa_com\/"]}]}},"_links":{"self":[{"href":"https:\/\/test.medirelaxa.com\/de\/wp-json\/wp\/v2\/pages\/12198","targetHints":{"allow":["GET"]}}],"collection":[{"href":"https:\/\/test.medirelaxa.com\/de\/wp-json\/wp\/v2\/pages"}],"about":[{"href":"https:\/\/test.medirelaxa.com\/de\/wp-json\/wp\/v2\/types\/page"}],"author":[{"embeddable":true,"href":"https:\/\/test.medirelaxa.com\/de\/wp-json\/wp\/v2\/users\/1"}],"replies":[{"embeddable":true,"href":"https:\/\/test.medirelaxa.com\/de\/wp-json\/wp\/v2\/comments?post=12198"}],"version-history":[{"count":1,"href":"https:\/\/test.medirelaxa.com\/de\/wp-json\/wp\/v2\/pages\/12198\/revisions"}],"predecessor-version":[{"id":12727,"href":"https:\/\/test.medirelaxa.com\/de\/wp-json\/wp\/v2\/pages\/12198\/revisions\/12727"}],"wp:attachment":[{"href":"https:\/\/test.medirelaxa.com\/de\/wp-json\/wp\/v2\/media?parent=12198"}],"curies":[{"name":"wp","href":"https:\/\/api.w.org\/{rel}","templated":true}]}}