{"id":12174,"date":"2026-02-16T22:09:04","date_gmt":"2026-02-16T22:09:04","guid":{"rendered":"https:\/\/test.medirelaxa.com\/?page_id=12174"},"modified":"2026-02-16T22:09:04","modified_gmt":"2026-02-16T22:09:04","slug":"bedingungen-und-konditionen","status":"publish","type":"page","link":"https:\/\/test.medirelaxa.com\/de\/algemene-voorwaarden\/","title":{"rendered":"Allgemeine Bedingungen und Konditionen"},"content":{"rendered":"<h4 class=\"wp-block-heading\" id=\"artikel-1-definities\">Artikel 1 - Begriffsbestimmungen<\/h4>\n\n\n\n<ol class=\"wp-block-list\">\n<li><strong>Bedenkzeit<\/strong>die Frist, innerhalb derer der Verbraucher von seinem Widerrufsrecht Gebrauch machen kann;<\/li>\n\n\n\n<li><strong>Verbraucher<\/strong>die nat\u00fcrliche Person, die au\u00dferhalb ihres Berufs oder Unternehmens handelt und einen Fernabsatzvertrag mit dem Unternehmer abschlie\u00dft;<\/li>\n\n\n\n<li><strong>Tsch\u00fcss<\/strong>: Kalendertag;<\/li>\n\n\n\n<li><strong>Dauer der Transaktion<\/strong>Fernabsatzvertrag \u00fcber eine Reihe von Produkten und\/oder Dienstleistungen, bei denen die Lieferverpflichtung \u00fcber einen bestimmten Zeitraum verteilt ist;<\/li>\n\n\n\n<li><strong>Dauerhafter Datentr\u00e4ger<\/strong>jedes Mittel, mit dem der Verbraucher oder Unternehmer Informationen so speichern kann, dass sie sp\u00e4ter abgerufen und unver\u00e4ndert wiedergegeben werden k\u00f6nnen;<\/li>\n\n\n\n<li><strong>Recht auf Widerruf<\/strong>die M\u00f6glichkeit f\u00fcr den Verbraucher, innerhalb der Bedenkzeit auf den Fernabsatzvertrag zu verzichten;<\/li>\n\n\n\n<li><strong>Musterformular<\/strong>das vom Gewerbetreibenden zur Verf\u00fcgung gestellte Formular, das der Verbraucher ausf\u00fcllen kann, um von seinem Widerrufsrecht Gebrauch zu machen;<\/li>\n\n\n\n<li><strong>Unternehmer<\/strong>die nat\u00fcrliche oder juristische Person, die Verbrauchern im Fernabsatz Produkte und\/oder Dienstleistungen anbietet;<\/li>\n\n\n\n<li><strong>Fernvereinbarung<\/strong>eine Vereinbarung, die im Rahmen eines vom Gewerbetreibenden organisierten Fernabsatzsystems die ausschlie\u00dfliche Nutzung eines oder mehrerer Fernkommunikationsmittel bis zum Abschluss der Vereinbarung vorsieht;<\/li>\n\n\n\n<li><strong>Technologie f\u00fcr Fernkommunikation<\/strong>Die \"Vertragsunterzeichnung\" ist ein Mittel, mit dem ein Vertrag geschlossen werden kann, ohne dass sich Verbraucher und Unternehmer zur gleichen Zeit in einem Raum treffen m\u00fcssen;<\/li>\n\n\n\n<li><strong>Allgemeine Bedingungen und Konditionen<\/strong>: die vorliegenden Allgemeinen Gesch\u00e4ftsbedingungen des Unternehmers.<\/li>\n<\/ol>\n\n\n\n<h4 class=\"wp-block-heading\" id=\"artikel-2-identiteit-van-de-onderneming\">Artikel 2 - Identit\u00e4t der Gesellschaft<\/h4>\n\n\n\n<p>Identit\u00e4t des Unternehmens: Medirelaxa (Gelasco)<\/p>\n\n\n\n<ul class=\"wp-block-list\">\n<li>Adres: Blaubergsesteenweg 63C, 2230 Herselt, Belgi\u00eb<\/li>\n\n\n\n<li>Telefonnummer: +32 456 38 15 33<\/li>\n\n\n\n<li>E-Mail Adresse: <a href=\"mailto:info@medirelaxa.com\">info@medirelaxa.com<\/a><\/li>\n\n\n\n<li>Unternehmensnummer: 1000295870<\/li>\n\n\n\n<li>BTW-identificatienummer: BE1000.295.870<\/li>\n<\/ul>\n\n\n\n<h4 class=\"wp-block-heading\" id=\"artikel-3-toepasbaarheid\">Artikel 3 - Anwendbarkeit<\/h4>\n\n\n\n<ol class=\"wp-block-list\">\n<li>Die Vereinbarungen unterliegen dem belgischen Recht.  <\/li>\n<\/ol>\n\n\n\n<h4 class=\"wp-block-heading\" id=\"artikel-4-betaling\">Artikel 4 - Zahlung<\/h4>\n\n\n\n<ol class=\"wp-block-list\">\n<li>Die Rechnung ist vor der Lieferung zu begleichen, es sei denn, es wurde etwas anderes vereinbart und ausdr\u00fccklich auf der Rechnung vermerkt. Bei Zahlung nach dieser Frist oder nach dem auf der Rechnung angegebenen F\u00e4lligkeitsdatum werden von Rechts wegen und ohne Inverzugsetzung Zinsen in H\u00f6he von 10% pro Jahr sowie (ebenfalls von Rechts wegen und ohne Inverzugsetzung) eine pauschale Entsch\u00e4digung von 10% auf den Rechnungsbetrag mit einem Mindestbetrag von 50 EUR als Entsch\u00e4digung f\u00e4llig. Bei Nichtzahlung am F\u00e4lligkeitstag der Rechnung werden alle Rechnungen, auch wenn sie noch nicht f\u00e4llig sind, ohne weitere Inverzugsetzung sofort f\u00e4llig und entbinden den Verk\u00e4ufer von jeder weiteren Erf\u00fcllung seiner Verpflichtungen. <\/li>\n\n\n\n<li>Die Betr\u00e4ge auf der Website und der Rechnung verstehen sich immer ohne Einfuhrkosten, Zollgeb\u00fchren, Versandkosten und Mehrwertsteuer. Der K\u00e4ufer muss die transportbezogenen Kosten selbst tragen.<\/li>\n<\/ol>\n\n\n\n<h4 class=\"wp-block-heading\" id=\"artikel-5-aanvaarding-verkoopsvoorwaarden\">Artikel 5 - Akzeptanz der Verkaufsbedingungen<\/h4>\n\n\n\n<ol class=\"wp-block-list\">\n<li>Mit jeder Bestellung erkl\u00e4rt sich der Kunde mit unseren Gesch\u00e4ftsbedingungen einverstanden, unabh\u00e4ngig davon, wie die Bestellung aufgegeben wird.<\/li>\n<\/ol>\n\n\n\n<h4 class=\"wp-block-heading\" id=\"artikel-6-gebreken\">Artikel 6 - Defekte<\/h4>\n\n\n\n<ol class=\"wp-block-list\">\n<li>Mit der Entgegennahme oder Annahme der Ware erkennt der K\u00e4ufer ausdr\u00fccklich an, dass die Ware seiner Bestellung entspricht und frei von sichtbaren M\u00e4ngeln ist. Andere M\u00e4ngel muss der K\u00e4ufer dem Verk\u00e4ufer unverz\u00fcglich nach ihrer Entdeckung schriftlich mitteilen. Reklamationen bez\u00fcglich der gelieferten Waren oder Dienstleistungen k\u00f6nnen nicht anerkannt werden, wenn sie nicht innerhalb von sieben Tagen nach der Lieferung schriftlich bei uns eingehen. Nach Ablauf dieser Frist gelten die Lieferungen und Rechnungen als vom K\u00e4ufer vorbehaltlos angenommen.<\/li>\n<\/ol>\n\n\n\n<h4 class=\"wp-block-heading\" id=\"artikel-7-annulatie\">Artikel 7 - Annullierung<\/h4>\n\n\n\n<ol class=\"wp-block-list\">\n<li>Wenn der Kunde den Vertrag bricht oder storniert oder wenn der Vertrag aufgrund seines Handelns nicht durchgef\u00fchrt werden kann, schuldet er uns eine Entsch\u00e4digung in H\u00f6he von 50% des Gesamtbetrags der Bestellung, mindestens jedoch 75 EUR.<\/li>\n<\/ol>\n\n\n\n<h4 class=\"wp-block-heading\" id=\"artikel-8-vervoer\">Artikel 8 - Verkehr<\/h4>\n\n\n\n<ol class=\"wp-block-list\">\n<li>Wenn die Lieferung nicht an den gew\u00fcnschten Ort erfolgen kann, weil z.B. der Durchgang zu schmal, der Boden zu hoch oder das Gewicht zu hoch ist, usw. dann werden die zus\u00e4tzlichen Kosten vom K\u00e4ufer zur\u00fcckerstattet.<\/li>\n<\/ol>\n\n\n\n<h4 class=\"wp-block-heading\" id=\"artikel-9-eigendom\">Artikel 9 - Eigentumsverh\u00e4ltnisse<\/h4>\n\n\n\n<ol class=\"wp-block-list\">\n<li>Die gelieferte Ware bleibt unser Eigentum, solange der volle Preis (Kapital, Kosten und Zinsen) nicht bezahlt ist. Der Erwerber tr\u00e4gt die Risiken von der Lieferung an. Er hat die Ware in ihrem Zustand zu erhalten. Alle Zahlungen werden zur Begleichung der \u00e4ltesten bestehenden Schulden verwendet, indem sie zun\u00e4chst auf die Kosten, Zinsen und eventuellen Schadenersatz und dann auf die Hauptsumme angerechnet werden.<\/li>\n<\/ol>\n\n\n\n<h4 class=\"wp-block-heading\" id=\"artikel-10-interest\">Artikel 10 - Zinsen<\/h4>\n\n\n\n<ol class=\"wp-block-list\">\n<li>bei Nichtbezahlung der Rechnung am F\u00e4lligkeitstag werden von Rechts wegen und ohne Inverzugsetzung Zinsen berechnet. Diese Verzugszinsen werden auf der Grundlage des Referenzzinssatzes der EZB berechnet.<\/li>\n\n\n\n<li><\/li>\n<\/ol>\n\n\n\n<p><strong>Artikel 11 - Haftungsbeschr\u00e4nkung<\/strong><\/p>\n\n\n\n<ol class=\"wp-block-list\">\n<li><strong>Allgemein<\/strong>Der Unternehmer haftet nicht f\u00fcr direkte oder indirekte Sch\u00e4den, die durch die Nutzung der Produkte oder Dienstleistungen entstehen, es sei denn, es liegt Vorsatz oder grobe Fahrl\u00e4ssigkeit vor.<\/li>\n\n\n\n<li><strong>Webshop und Website<\/strong>Der Betreiber kann nicht f\u00fcr Sch\u00e4den haftbar gemacht werden, die durch Ausf\u00e4lle, Fehler, Unterbrechungen oder technische Probleme der Website entstehen, einschlie\u00dflich, aber nicht beschr\u00e4nkt auf Datenverluste oder Verz\u00f6gerungen bei Bestellungen.<\/li>\n\n\n\n<li><strong>Medizinische Verwendung<\/strong>Die vom Unternehmer verkauften Produkte, wie z. B. Massagesessel, sind nicht f\u00fcr diagnostische oder therapeutische Zwecke bestimmt und sollten nicht als Medizinprodukte betrachtet werden. Ihre Verwendung erfolgt ausschlie\u00dflich auf Risiko des K\u00e4ufers. Im Zweifelsfall sollte der K\u00e4ufer einen Arzt konsultieren.<\/li>\n\n\n\n<li><strong>H\u00f6here Gewalt<\/strong>Der Unternehmer haftet nicht f\u00fcr Versp\u00e4tungen oder Nichterf\u00fcllung von Verpflichtungen aufgrund von h\u00f6herer Gewalt, wie Naturkatastrophen, Pandemien, Transportproblemen, staatlichen Ma\u00dfnahmen oder anderen unvorhersehbaren Umst\u00e4nden, die au\u00dferhalb der Kontrolle des Unternehmers liegen.<\/li>\n\n\n\n<li><strong>Externe Parteien<\/strong>Kosten und Risiken, die sich aus der Inanspruchnahme von Dritten, wie Transporteuren oder Installateuren, ergeben, gehen vollst\u00e4ndig zu Lasten des K\u00e4ufers.<\/li>\n<\/ol>\n\n\n\n<p><strong>Artikel 12 - Rechte an geistigem Eigentum<\/strong><br>Alle Inhalte auf der Unternehmer-Website, einschlie\u00dflich, aber nicht beschr\u00e4nkt auf Texte, Bilder, Logos und Videos, sind Eigentum des Unternehmers und d\u00fcrfen nicht ohne vorherige schriftliche Zustimmung vervielf\u00e4ltigt, verbreitet oder genutzt werden. Ein Versto\u00df gegen diese Rechte kann rechtliche Schritte nach sich ziehen.<\/p>\n\n\n\n<p><strong>Artikel 13 - Online-Bestellungen<\/strong><\/p>\n\n\n\n<ol class=\"wp-block-list\">\n<li><strong>Recht auf Widerruf<\/strong>Verbraucher haben das Recht, eine Bestellung innerhalb von 14 Kalendertagen zu widerrufen, es sei denn, das Produkt ist personalisiert oder kann aus hygienischen Gr\u00fcnden nach \u00d6ffnen der Verpackung nicht zur\u00fcckgegeben werden.<\/li>\n\n\n\n<li><strong>Besch\u00e4digung bei der Lieferung<\/strong>: Wenn das Produkt bei der Lieferung besch\u00e4digt wird, muss der K\u00e4ufer den Unternehmer innerhalb von 48 Stunden schriftlich benachrichtigen.<\/li>\n\n\n\n<li><strong>Genaue Daten<\/strong>Der Kunde ist f\u00fcr die korrekte Eingabe der Daten bei der Bestellung verantwortlich. Eventuelle Fehler k\u00f6nnen zu zus\u00e4tzlichen Kosten f\u00fchren, die vom Kunden zu tragen sind.<\/li>\n<\/ol>\n\n\n\n<p><strong>Artikel 14 - Privatsph\u00e4re und Datenschutz<\/strong><br>Der Betreiber behandelt personenbezogene Daten in \u00dcbereinstimmung mit der Allgemeinen Datenschutzverordnung (GDPR). Weitere Informationen finden Sie in unserer Datenschutzrichtlinie.<\/p>\n\n\n\n<p><strong>Artikel 15 - Streitigkeiten<\/strong><br>15.1. Beanstandungen m\u00fcssen schriftlich und innerhalb einer angemessenen Frist nach Entdeckung des Mangels gemeldet werden. 15.2. Auf alle Vertr\u00e4ge ist ausschlie\u00dflich belgisches Recht anwendbar. 15.3. Im Falle von Streitigkeiten sind ausschlie\u00dflich die Gerichte des Bezirks Turnhout zust\u00e4ndig.<\/p>\n\n\n\n<p>Mit diesen zus\u00e4tzlichen Bestimmungen sind Sie besser vor Haftungsfragen gesch\u00fctzt und Ihre Allgemeinen Gesch\u00e4ftsbedingungen entsprechen dem belgischen Recht.<\/p>\n\n\n\n<p><strong>Artikel 16: Lieferung und Lieferzeiten<\/strong><\/p>\n\n\n\n<p>1.61. Die von Medirelaxa angegebenen Liefertermine sind indikativ und nicht verbindlich. Ein Lieferverzug kann in keinem Fall zu einer Entsch\u00e4digung, einem Preisnachlass oder der Aufl\u00f6sung des Vertrags f\u00fchren. 16.2. Medirelaxa kann nicht f\u00fcr versp\u00e4tete Lieferungen haftbar gemacht werden, die durch den Spediteur oder unvorhergesehene Umst\u00e4nde, die au\u00dferhalb unserer Kontrolle liegen (h\u00f6here Gewalt), verursacht werden. 16.3. Sollte ein Produkt nicht mehr vorr\u00e4tig sein, wird der Kunde dar\u00fcber informiert. Medirelaxa beh\u00e4lt sich das Recht vor, die Bestellung in Teilen zu liefern.<\/p>\n\n\n\n<p><strong>Artikel 17: Widerrufsrecht und R\u00fcckgabebedingungen<\/strong><\/p>\n\n\n\n<p>17.1. F\u00fcr Verbraucher (B2C): Der Verbraucher hat das Recht, den Vertrag innerhalb einer Frist von 14 Tagen ohne Angabe von Gr\u00fcnden zu widerrufen. Diese Frist endet 14 Tage nach dem Tag, an dem der Kunde oder ein vom Kunden benannter Dritter, der nicht der Bef\u00f6rderer ist, die Ware physisch in Besitz genommen hat. 17.2. Die unmittelbaren Kosten der R\u00fccksendung der Waren gehen vollst\u00e4ndig zu Lasten des Kunden.1 7.3. Das Produkt muss unbenutzt, unbesch\u00e4digt und in der Originalverpackung zur\u00fcckgeschickt werden. Produkte, die installiert, benutzt oder besch\u00e4digt wurden, k\u00f6nnen nicht erstattet werden.<\/p>\n\n\n\n<p><strong>Artikel 18: Gew\u00e4hrleistungsbedingungen<\/strong><\/p>\n\n\n\n<p>18.1. <strong>F\u00fcr Business-to-Business (B2B)-Kunden:<\/strong> F\u00fcr alle Produkte gilt keine Garantiezeit, es sei denn, es wurde schriftlich etwas anderes vereinbart. 18.2. <strong>Von der Garantie ausgeschlossen:<\/strong> Die Garantie gilt nicht f\u00fcr: * Verschlei\u00dfteile wie Filter, Dichtungen, Lampen und andere Verbrauchsmaterialien. * Sch\u00e4den, die durch unsachgem\u00e4\u00dfen oder anormalen Gebrauch des Produkts verursacht werden, wie z. B., aber nicht beschr\u00e4nkt auf: * Nicht ordnungsgem\u00e4\u00dfe oder nicht regelm\u00e4\u00dfige Reinigung und Wartung des Ger\u00e4ts gem\u00e4\u00df den Anweisungen. * Einschalten oder Verwenden eines Boilers oder Heizelements, das nicht korrekt angeschlossen oder mit Wasser gef\u00fcllt ist. * Die Verwendung ungeeigneter oder aggressiver Reinigungsmittel. * Sch\u00e4den, die durch \u00e4u\u00dfere Einfl\u00fcsse wie Feuer, Wassersch\u00e4den, Kalkablagerungen, Blitzeinschl\u00e4ge oder Unf\u00e4lle entstanden sind. * Produkte, an denen Reparaturen oder Anpassungen durch nicht autorisierte Techniker vorgenommen wurden. 18.3. <strong>F\u00fcr Verbraucher (B2C):<\/strong> Die gesetzliche Garantie von zwei (2) Jahren, wie sie im belgischen Verbraucherrecht festgelegt ist, bleibt in vollem Umfang anwendbar. Die oben erw\u00e4hnten Ausschl\u00fcsse f\u00fcr Sch\u00e4den durch unsachgem\u00e4\u00dfen Gebrauch sind ebenfalls in Kraft. <strong>18.4. Mitnahme<\/strong> Defekte Produkte, f\u00fcr die eine Garantie gilt, sollten zu MediRelaxa, Blaubergsesteenweg 63C, 2230 Herselt, Belgien, gebracht oder geschickt werden.<\/p>\n\n\n\n<p><strong>Artikel 19: Haftung<\/strong><\/p>\n\n\n\n<p>19.1. Medirelaxa haftet nur f\u00fcr unmittelbare Sch\u00e4den, die auf nachgewiesener grober Fahrl\u00e4ssigkeit oder Vorsatz beruhen. Unsere Haftung ist in jedem Fall auf den Rechnungsbetrag des betreffenden Produkts beschr\u00e4nkt. 19.2. Medirelaxa haftet in keinem Fall f\u00fcr indirekte Sch\u00e4den, wie z.B. entgangenen Gewinn, Folgesch\u00e4den, Kundenverluste oder andere Formen von wirtschaftlichen Sch\u00e4den.<\/p>\n\n\n\n<p><strong>Artikel 10: Geistiges Eigentum und Medien<\/strong><\/p>\n\n\n\n<p>20.1. Alle Texte, Bilder, Videos und andere Materialien (im Folgenden \u201cMedien\u201d) auf der Website von Medirelaxa und anderen Kommunikationskan\u00e4len sind urheberrechtlich gesch\u00fctzt und geh\u00f6ren Medirelaxa oder ihren Lizenzgebern. 20.2. <strong>Einsatz von AI:<\/strong> Medirelaxa verwendet manchmal k\u00fcnstliche Intelligenz (AI), um textliche und visuelle Inhalte zu erstellen. Obwohl wir uns um Genauigkeit bem\u00fchen, k\u00f6nnen wir nicht garantieren, dass alle von KI generierten Informationen v\u00f6llig fehlerfrei sind. 20.3. <strong>Antrag auf Beseitigung:<\/strong> Wir respektieren die Rechte am geistigen Eigentum von Dritten. Wenn Sie der Meinung sind, dass bestimmte Medien auf unseren Kan\u00e4len Ihr Urheberrecht verletzen, kontaktieren Sie uns bitte umgehend unter info@medirelaxa.com. Nach Erhalt einer begr\u00fcndeten Anfrage werden wir die fraglichen Medien so schnell wie m\u00f6glich entfernen.<\/p>\n\n\n\n<p><strong>Artikel 21: Eigentumsvorbehalt<\/strong><\/p>\n\n\n\n<p>21.1. Alle gelieferten Waren bleiben bis zur vollst\u00e4ndigen Bezahlung des Kaufpreises einschlie\u00dflich etwaiger Kosten und Zinsen durch den Kunden im ausschlie\u00dflichen Eigentum von Medirelaxa.<\/p>\n\n\n\n<p><strong>Artikel 22: Haftung und Fremderzeugnisse<\/strong><\/p>\n\n\n\n<p><strong>22.1.<\/strong> Medirelaxa agiert ausschlie\u00dflich als Wiederverk\u00e4ufer der auf ihrer Website und in ihren anderen Vertriebskan\u00e4len angebotenen Produkte. Medirelaxa stellt selbst keine Produkte her und die Produkte werden in ihrem Originalzustand, wie vom Hersteller geliefert, an den Kunden verkauft.<\/p>\n\n\n\n<p><strong>22.2.<\/strong> Nach dem belgischen Gesetz \u00fcber die Haftung f\u00fcr fehlerhafte Produkte (Gesetz vom 25. Februar 1991 und den einschl\u00e4gigen Bestimmungen des B\u00fcrgerlichen Gesetzbuchs) haftet der Hersteller oder Produzent eines Produkts f\u00fcr Sch\u00e4den, die durch einen Fehler seines Produkts verursacht werden. Medirelaxa als Wiederverk\u00e4ufer kann nicht f\u00fcr direkte oder indirekte Sch\u00e4den an Dritten haftbar gemacht werden, die durch die Verwendung, den Fehler oder den Betrieb der von ihr verkauften Produkte entstehen. F\u00fcr solche Schadensersatzanspr\u00fcche sollte sich der Kunde direkt an den jeweiligen Hersteller wenden.<\/p>\n\n\n\n<p><strong>22.3.<\/strong> Auf Wunsch des Kunden wird Medirelaxa, soweit dies m\u00f6glich ist, die Kontaktdaten des Herstellers des gekauften Produkts zur Verf\u00fcgung stellen, damit der Kunde seine Reklamation direkt bei diesem Hersteller einreichen kann.<\/p>\n\n\n\n<p>22.4. Die Haftungsbeschr\u00e4nkung in diesem Artikel ber\u00fchrt nicht die gesetzlichen Rechte der Verbraucher, insbesondere die gesetzliche Gew\u00e4hrleistung f\u00fcr Verbrauchsg\u00fcter. In Bezug auf die Konformit\u00e4t und die gesetzliche Gew\u00e4hrleistung bleibt Medirelaxa die erste Anlaufstelle f\u00fcr den Verbraucher, wie in den einschl\u00e4gigen Verbrauchergesetzen vorgesehen.<\/p>\n\n\n\n<h4 class=\"wp-block-heading\" id=\"disclaimer-blogs-medirelaxa\">Haftungsausschluss Blogs MediRelaxa<\/h4>\n\n\n\n<p>Die Informationen in den Blogs von MediRelaxa dienen nur der allgemeinen Information und sind kein Ersatz f\u00fcr professionelle medizinische Beratung, Diagnose oder Behandlung. Obwohl wir uns bem\u00fchen, genaue und aktuelle Informationen bereitzustellen, k\u00f6nnen wir nicht f\u00fcr die Vollst\u00e4ndigkeit, Richtigkeit oder Aktualit\u00e4t der Inhalte garantieren.<\/p>\n\n\n\n<p>Die Nutzung von Informationen aus unseren Blogs erfolgt auf eigene Gefahr. MediRelaxa ist nicht verantwortlich oder haftbar f\u00fcr Sch\u00e4den, Verluste oder andere Folgen, die sich aus dem Vertrauen auf die in unseren Blogs enthaltenen Informationen ergeben.<\/p>\n\n\n\n<p>Bei medizinischen Fragen oder Ratschl\u00e4gen empfehlen wir, immer einen qualifizierten Arzt oder Spezialisten zu konsultieren.<\/p>\n\n\n\n<p>Durch die Nutzung unserer Website und das Lesen unserer Blogs erkl\u00e4ren Sie sich mit diesem Haftungsausschluss einverstanden.<\/p>","protected":false},"excerpt":{"rendered":"<p>Artikel 1 &#8211; Definities Artikel 2 &#8211; Identiteit van de onderneming Identiteit van de onderneming: Medirelaxa (Gelasco) Artikel 3 &#8211; Toepasbaarheid Artikel 4 &#8211; Betaling Artikel 5 &#8211; Aanvaarding verkoopsvoorwaarden Artikel 6 &#8211; Gebreken Artikel 7 &#8211; Annulatie Artikel 8 &#8211; Vervoer Artikel 9 &#8211; Eigendom Artikel 10 &#8211; Interest Artikel 11 \u2013 Beperking van [&hellip;]<\/p>\n","protected":false},"author":1,"featured_media":0,"parent":0,"menu_order":0,"comment_status":"closed","ping_status":"closed","template":"","meta":{"_gspb_post_css":"","footnotes":""},"class_list":["post-12174","page","type-page","status-publish","hentry"],"blocksy_meta":[],"yoast_head":"<!-- This site is optimized with the Yoast SEO plugin v27.0 - https:\/\/yoast.com\/product\/yoast-seo-wordpress\/ -->\n<title>Algemene Voorwaarden - MediRelaxa<\/title>\n<meta name=\"description\" content=\"Artikel 1 - Definities Bedenktijd: de termijn waarin de consument gebruik kan maken van zijn herroepingsrecht; Consument: de natuurlijke persoon die\" \/>\n<meta name=\"robots\" content=\"index, follow, max-snippet:-1, max-image-preview:large, max-video-preview:-1\" \/>\n<link rel=\"canonical\" href=\"https:\/\/test.medirelaxa.com\/de\/bedingungen-und-konditionen\/\" \/>\n<meta property=\"og:locale\" content=\"de_DE\" \/>\n<meta property=\"og:type\" content=\"article\" \/>\n<meta property=\"og:title\" content=\"Algemene Voorwaarden - MediRelaxa\" \/>\n<meta property=\"og:description\" content=\"Artikel 1 - Definities Bedenktijd: de termijn waarin de consument gebruik kan maken van zijn herroepingsrecht; Consument: de natuurlijke persoon die\" \/>\n<meta property=\"og:url\" content=\"https:\/\/test.medirelaxa.com\/de\/bedingungen-und-konditionen\/\" \/>\n<meta property=\"og:site_name\" content=\"MediRelaxa\" \/>\n<meta property=\"article:publisher\" content=\"https:\/\/www.facebook.com\/people\/MediRelaxa\/61563934692183\/\" \/>\n<meta property=\"og:image\" content=\"https:\/\/test.medirelaxa.com\/wp-content\/uploads\/2026\/02\/Logo-MediRelaxa-massage-chairs.webp\" \/>\n\t<meta property=\"og:image:width\" content=\"1600\" \/>\n\t<meta property=\"og:image:height\" content=\"381\" \/>\n\t<meta property=\"og:image:type\" content=\"image\/webp\" \/>\n<meta name=\"twitter:card\" content=\"summary_large_image\" \/>\n<meta name=\"twitter:label1\" content=\"Gesch\u00e4tzte Lesezeit\" \/>\n\t<meta name=\"twitter:data1\" content=\"10\u00a0Minuten\" \/>\n<script type=\"application\/ld+json\" class=\"yoast-schema-graph\">{\"@context\":\"https:\/\/schema.org\",\"@graph\":[{\"@type\":\"WebPage\",\"@id\":\"https:\/\/test.medirelaxa.com\/algemene-voorwaarden\/\",\"url\":\"https:\/\/test.medirelaxa.com\/algemene-voorwaarden\/\",\"name\":\"Algemene Voorwaarden - MediRelaxa\",\"isPartOf\":{\"@id\":\"https:\/\/test.medirelaxa.com\/#website\"},\"datePublished\":\"2026-02-16T22:09:04+00:00\",\"description\":\"Artikel 1 - Definities Bedenktijd: de termijn waarin de consument gebruik kan maken van zijn herroepingsrecht; Consument: de natuurlijke persoon die\",\"inLanguage\":\"de\",\"potentialAction\":[{\"@type\":\"ReadAction\",\"target\":[\"https:\/\/test.medirelaxa.com\/algemene-voorwaarden\/\"]}]},{\"@type\":\"WebSite\",\"@id\":\"https:\/\/test.medirelaxa.com\/#website\",\"url\":\"https:\/\/test.medirelaxa.com\/\",\"name\":\"MediRelaxa\",\"description\":\"Head Spa &amp; Massagestoelen\",\"publisher\":{\"@id\":\"https:\/\/test.medirelaxa.com\/#organization\"},\"alternateName\":\"Ontspanning op elk moment: Beleef ultieme rust met onze massagestoelen.\",\"potentialAction\":[{\"@type\":\"SearchAction\",\"target\":{\"@type\":\"EntryPoint\",\"urlTemplate\":\"https:\/\/test.medirelaxa.com\/?s={search_term_string}\"},\"query-input\":{\"@type\":\"PropertyValueSpecification\",\"valueRequired\":true,\"valueName\":\"search_term_string\"}}],\"inLanguage\":\"de\"},{\"@type\":\"Organization\",\"@id\":\"https:\/\/test.medirelaxa.com\/#organization\",\"name\":\"MediRelaxa\",\"url\":\"https:\/\/test.medirelaxa.com\/\",\"logo\":{\"@type\":\"ImageObject\",\"inLanguage\":\"de\",\"@id\":\"https:\/\/test.medirelaxa.com\/#\/schema\/logo\/image\/\",\"url\":\"https:\/\/test.medirelaxa.com\/wp-content\/uploads\/2026\/02\/Logo-MediRelaxa-massage-chairs.webp\",\"contentUrl\":\"https:\/\/test.medirelaxa.com\/wp-content\/uploads\/2026\/02\/Logo-MediRelaxa-massage-chairs.webp\",\"width\":1600,\"height\":381,\"caption\":\"MediRelaxa\"},\"image\":{\"@id\":\"https:\/\/test.medirelaxa.com\/#\/schema\/logo\/image\/\"},\"sameAs\":[\"https:\/\/www.facebook.com\/people\/MediRelaxa\/61563934692183\/\",\"https:\/\/www.youtube.com\/@MediRelaxa\",\"https:\/\/www.instagram.com\/medirelaxa_com\/\"]}]}<\/script>\n<!-- \/ Yoast SEO plugin. -->","yoast_head_json":{"title":"Algemene Voorwaarden - MediRelaxa","description":"Artikel 1 - Definities Bedenktijd: de termijn waarin de consument gebruik kan maken van zijn herroepingsrecht; Consument: de natuurlijke persoon die","robots":{"index":"index","follow":"follow","max-snippet":"max-snippet:-1","max-image-preview":"max-image-preview:large","max-video-preview":"max-video-preview:-1"},"canonical":"https:\/\/test.medirelaxa.com\/de\/bedingungen-und-konditionen\/","og_locale":"de_DE","og_type":"article","og_title":"Algemene Voorwaarden - MediRelaxa","og_description":"Artikel 1 - Definities Bedenktijd: de termijn waarin de consument gebruik kan maken van zijn herroepingsrecht; Consument: de natuurlijke persoon die","og_url":"https:\/\/test.medirelaxa.com\/de\/bedingungen-und-konditionen\/","og_site_name":"MediRelaxa","article_publisher":"https:\/\/www.facebook.com\/people\/MediRelaxa\/61563934692183\/","og_image":[{"width":1600,"height":381,"url":"https:\/\/test.medirelaxa.com\/wp-content\/uploads\/2026\/02\/Logo-MediRelaxa-massage-chairs.webp","type":"image\/webp"}],"twitter_card":"summary_large_image","twitter_misc":{"Gesch\u00e4tzte Lesezeit":"10\u00a0Minuten"},"schema":{"@context":"https:\/\/schema.org","@graph":[{"@type":"WebPage","@id":"https:\/\/test.medirelaxa.com\/algemene-voorwaarden\/","url":"https:\/\/test.medirelaxa.com\/algemene-voorwaarden\/","name":"Algemene Voorwaarden - MediRelaxa","isPartOf":{"@id":"https:\/\/test.medirelaxa.com\/#website"},"datePublished":"2026-02-16T22:09:04+00:00","description":"Artikel 1 - Definities Bedenktijd: de termijn waarin de consument gebruik kan maken van zijn herroepingsrecht; Consument: de natuurlijke persoon die","inLanguage":"de","potentialAction":[{"@type":"ReadAction","target":["https:\/\/test.medirelaxa.com\/algemene-voorwaarden\/"]}]},{"@type":"WebSite","@id":"https:\/\/test.medirelaxa.com\/#website","url":"https:\/\/test.medirelaxa.com\/","name":"MediRelaxa","description":"Head Spa &amp; Massagestoelen","publisher":{"@id":"https:\/\/test.medirelaxa.com\/#organization"},"alternateName":"Ontspanning op elk moment: Beleef ultieme rust met onze massagestoelen.","potentialAction":[{"@type":"SearchAction","target":{"@type":"EntryPoint","urlTemplate":"https:\/\/test.medirelaxa.com\/?s={search_term_string}"},"query-input":{"@type":"PropertyValueSpecification","valueRequired":true,"valueName":"search_term_string"}}],"inLanguage":"de"},{"@type":"Organization","@id":"https:\/\/test.medirelaxa.com\/#organization","name":"MediRelaxa","url":"https:\/\/test.medirelaxa.com\/","logo":{"@type":"ImageObject","inLanguage":"de","@id":"https:\/\/test.medirelaxa.com\/#\/schema\/logo\/image\/","url":"https:\/\/test.medirelaxa.com\/wp-content\/uploads\/2026\/02\/Logo-MediRelaxa-massage-chairs.webp","contentUrl":"https:\/\/test.medirelaxa.com\/wp-content\/uploads\/2026\/02\/Logo-MediRelaxa-massage-chairs.webp","width":1600,"height":381,"caption":"MediRelaxa"},"image":{"@id":"https:\/\/test.medirelaxa.com\/#\/schema\/logo\/image\/"},"sameAs":["https:\/\/www.facebook.com\/people\/MediRelaxa\/61563934692183\/","https:\/\/www.youtube.com\/@MediRelaxa","https:\/\/www.instagram.com\/medirelaxa_com\/"]}]}},"_links":{"self":[{"href":"https:\/\/test.medirelaxa.com\/de\/wp-json\/wp\/v2\/pages\/12174","targetHints":{"allow":["GET"]}}],"collection":[{"href":"https:\/\/test.medirelaxa.com\/de\/wp-json\/wp\/v2\/pages"}],"about":[{"href":"https:\/\/test.medirelaxa.com\/de\/wp-json\/wp\/v2\/types\/page"}],"author":[{"embeddable":true,"href":"https:\/\/test.medirelaxa.com\/de\/wp-json\/wp\/v2\/users\/1"}],"replies":[{"embeddable":true,"href":"https:\/\/test.medirelaxa.com\/de\/wp-json\/wp\/v2\/comments?post=12174"}],"version-history":[{"count":0,"href":"https:\/\/test.medirelaxa.com\/de\/wp-json\/wp\/v2\/pages\/12174\/revisions"}],"wp:attachment":[{"href":"https:\/\/test.medirelaxa.com\/de\/wp-json\/wp\/v2\/media?parent=12174"}],"curies":[{"name":"wp","href":"https:\/\/api.w.org\/{rel}","templated":true}]}}